{"id":16459,"date":"2026-03-30T11:20:51","date_gmt":"2026-03-30T09:20:51","guid":{"rendered":"https:\/\/bigmount.eu\/produkt\/bigmount-kompletthalterung-87mm-c-kugel-15-magnethalter-vesa75-basisplatte\/"},"modified":"2026-03-30T11:33:49","modified_gmt":"2026-03-30T09:33:49","slug":"bigmount-kompletthalterung-87mm-c-kugel-15-magnethalter-vesa75-basisplatte","status":"publish","type":"product","link":"https:\/\/bigmount.eu\/en\/product\/bigmount-kompletthalterung-87mm-c-kugel-15-magnethalter-vesa75-basisplatte\/","title":{"rendered":"BIGmount Kompletthalterung 87mm C-Kugel (1,5&#8243;) Magnethalter &#038; VESA75 Basisplatte"},"content":{"rendered":"<p>Das BIGmount Komplett-Set BIG.C.87.80 kombiniert eine Magnethalterung, einen kompakten 87mm Verbindungsarm und eine VESA75 Basisplatte (75x75mm) zu einer sofort einsatzbereiten Halterungsl\u00f6sung. Der Industriemagnet erm\u00f6glicht werkzeuglose Montage und Demontage an allen Stahloberfl\u00e4chen in Sekundenschnelle.<\/p>\n<p>Ideal f\u00fcr wechselnde Einsatzorte. Das C-Kugel-System (1,5&#8243;) tr\u00e4gt Ger\u00e4te bis ca. 3 kg sicher und vibrationsd\u00e4mpfend.<\/p>\n<p>Die VESA75 Platte eignet sich f\u00fcr Monitore, Industrie-Displays und Tablets mit Standard-VESA-Aufnahme. Perfekt f\u00fcr Werkst\u00e4tten, Gabelstapler, Maschinenarbeitspl\u00e4tze und \u00fcberall dort, wo flexible Montage auf Stahl gefragt ist.<\/p>\n<h3>Das macht den Unterschied:<\/h3>\n<ul>\n<li>Komplett-Set: Magnet-Halterung + 87mm Verbinder + VESA75 Basisplatte<\/li>\n<li>C-Kugel (1,5&#8243;) f\u00fcr Ger\u00e4te bis ca. 3 kg<\/li>\n<li>Industriemagnet mit ca. 60kg Haltekraft \u2013 werkzeuglose Montage auf Stahl<\/li>\n<li>VESA 75x75mm Lochbild \u2013 kompatibel mit Monitoren &#038; Displays<\/li>\n<li>Stufenlos verstellbar durch Kugelgelenk-Technik<\/li>\n<li>Hochwertige Materialien: Aluminium &#038; glasfaserverst\u00e4rkter Kunststoff<\/li>\n<li>Sekundenschnelle Montage &#038; Demontage an wechselnden Einsatzorten<\/li>\n<\/ul>\n<h3>Lieferumfang<\/h3>\n<ul>\n<li>1x Magnet-Halterung mit C-Kugel (1,5&#8243;)<\/li>\n<li>1x Verbindungsarm 87mm f\u00fcr C-Kugeln (1,5&#8243;)<\/li>\n<li>1x Basisplatte VESA75 mit C-Kugel (1,5&#8243;)<\/li>\n<\/ul>\n<p><strong>100% Made in Germany<\/strong> \u2013 Entwickelt und gefertigt in Ostwestfalen.<\/p>","protected":false},"excerpt":{"rendered":"<p>Komplett-Set: Verbindungsarm 87mm mit Magnet-Halterung und VESA75 Basisplatte C-Kugel (1,5&#8243;) \u2013 werkzeuglose Montage auf Stahl<\/p>","protected":false},"featured_media":16324,"template":"","meta":[],"product_brand":[],"product_cat":[857],"product_tag":[1044,929,923,926,924,1043,975,945,1032,925,969,1051,1066,1060,927,942,928,967,931,1063,965,977,938,971,947,948,946,1061,1024,1025,930,1067,970],"class_list":{"0":"post-16459","1":"product","2":"type-product","3":"status-publish","4":"has-post-thumbnail","6":"product_cat-c-kugel","7":"product_tag-5-zoll","8":"product_tag-aluminium","9":"product_tag-arat","10":"product_tag-befestigung","11":"product_tag-bigmount","12":"product_tag-c-kugel-1","13":"product_tag-display-magnet","14":"product_tag-flurfoerderzeug","15":"product_tag-gabelstapler-bildschirm","16":"product_tag-halterung","17":"product_tag-industriemagnet","18":"product_tag-kommissionierwagen","19":"product_tag-komplett-set","20":"product_tag-kompletthalterung","21":"product_tag-kugelgelenk","22":"product_tag-lager-logistik","23":"product_tag-made-in-germany","24":"product_tag-magnethalterung","25":"product_tag-modulares-haltesystem","26":"product_tag-monitorhalterung-fahrzeug","27":"product_tag-nutzfahrzeug","28":"product_tag-ram-mount-magnet-alternative","29":"product_tag-scanner-halterung","30":"product_tag-stahl-befestigung","31":"product_tag-strichcode","32":"product_tag-strichcode-scanner","33":"product_tag-strichcodescanner","34":"product_tag-verbindungsarm-87mm","35":"product_tag-vesa-75","36":"product_tag-vesa75","37":"product_tag-vibrationsdaempfend","38":"product_tag-werkstatt-display","39":"product_tag-werkzeuglose-montage","41":"first","42":"instock","43":"taxable","44":"shipping-taxable","45":"purchasable","46":"product-type-simple"},"yoast_head":"<!-- This site is optimized with the Yoast SEO plugin v27.6 - https:\/\/yoast.com\/product\/yoast-seo-wordpress\/ -->\n<title>BIGmount Kompletthalterung 87mm C-Kugel (1,5&quot;) Magnethalter &amp; VESA75 Basisplatte - BIGmount<\/title>\n<meta name=\"description\" content=\"Komplett-Set: Verbindungsarm 87mm mit Magnet-Halterung und VESA75 Basisplatte C-Kugel (1,5&quot;) \u2013 werkzeuglose Montage auf Stahl\" \/>\n<meta name=\"robots\" content=\"index, follow, max-snippet:-1, max-image-preview:large, max-video-preview:-1\" \/>\n<link rel=\"canonical\" href=\"https:\/\/bigmount.eu\/en\/product\/bigmount-kompletthalterung-87mm-c-kugel-15-magnethalter-vesa75-basisplatte\/\" \/>\n<meta property=\"og:locale\" content=\"en_US\" \/>\n<meta property=\"og:type\" content=\"article\" \/>\n<meta property=\"og:title\" content=\"BIGmount Kompletthalterung 87mm C-Kugel (1,5&quot;) Magnethalter &amp; VESA75 Basisplatte - BIGmount\" \/>\n<meta property=\"og:description\" content=\"Komplett-Set: Verbindungsarm 87mm mit Magnet-Halterung und VESA75 Basisplatte C-Kugel (1,5&quot;) \u2013 werkzeuglose Montage auf Stahl\" \/>\n<meta property=\"og:url\" content=\"https:\/\/bigmount.eu\/en\/product\/bigmount-kompletthalterung-87mm-c-kugel-15-magnethalter-vesa75-basisplatte\/\" \/>\n<meta property=\"og:site_name\" content=\"BIGmount\" \/>\n<meta property=\"article:modified_time\" content=\"2026-03-30T09:33:49+00:00\" \/>\n<meta property=\"og:image\" content=\"https:\/\/bigmount.eu\/wp-content\/uploads\/BIG.C.87.80.png\" \/>\n\t<meta property=\"og:image:width\" content=\"2000\" \/>\n\t<meta property=\"og:image:height\" content=\"2000\" \/>\n\t<meta property=\"og:image:type\" content=\"image\/png\" \/>\n<meta name=\"twitter:card\" content=\"summary_large_image\" \/>\n<script type=\"application\/ld+json\" class=\"yoast-schema-graph\">{\"@context\":\"https:\\\/\\\/schema.org\",\"@graph\":[{\"@type\":\"WebPage\",\"@id\":\"https:\\\/\\\/bigmount.eu\\\/produkt\\\/bigmount-kompletthalterung-87mm-c-kugel-15-magnethalter-vesa75-basisplatte\\\/\",\"url\":\"https:\\\/\\\/bigmount.eu\\\/produkt\\\/bigmount-kompletthalterung-87mm-c-kugel-15-magnethalter-vesa75-basisplatte\\\/\",\"name\":\"BIGmount Kompletthalterung 87mm C-Kugel (1,5\\\") Magnethalter & VESA75 Basisplatte - BIGmount\",\"isPartOf\":{\"@id\":\"https:\\\/\\\/bigmount.eu\\\/#website\"},\"primaryImageOfPage\":{\"@id\":\"https:\\\/\\\/bigmount.eu\\\/produkt\\\/bigmount-kompletthalterung-87mm-c-kugel-15-magnethalter-vesa75-basisplatte\\\/#primaryimage\"},\"image\":{\"@id\":\"https:\\\/\\\/bigmount.eu\\\/produkt\\\/bigmount-kompletthalterung-87mm-c-kugel-15-magnethalter-vesa75-basisplatte\\\/#primaryimage\"},\"thumbnailUrl\":\"https:\\\/\\\/bigmount.eu\\\/wp-content\\\/uploads\\\/BIG.C.87.80.png\",\"datePublished\":\"2026-03-30T09:20:51+00:00\",\"dateModified\":\"2026-03-30T09:33:49+00:00\",\"description\":\"Komplett-Set: Verbindungsarm 87mm mit Magnet-Halterung und VESA75 Basisplatte C-Kugel (1,5\\\") \u2013 werkzeuglose Montage auf Stahl\",\"breadcrumb\":{\"@id\":\"https:\\\/\\\/bigmount.eu\\\/produkt\\\/bigmount-kompletthalterung-87mm-c-kugel-15-magnethalter-vesa75-basisplatte\\\/#breadcrumb\"},\"inLanguage\":\"en-US\",\"potentialAction\":[{\"@type\":\"ReadAction\",\"target\":[\"https:\\\/\\\/bigmount.eu\\\/produkt\\\/bigmount-kompletthalterung-87mm-c-kugel-15-magnethalter-vesa75-basisplatte\\\/\"]}]},{\"@type\":\"ImageObject\",\"inLanguage\":\"en-US\",\"@id\":\"https:\\\/\\\/bigmount.eu\\\/produkt\\\/bigmount-kompletthalterung-87mm-c-kugel-15-magnethalter-vesa75-basisplatte\\\/#primaryimage\",\"url\":\"https:\\\/\\\/bigmount.eu\\\/wp-content\\\/uploads\\\/BIG.C.87.80.png\",\"contentUrl\":\"https:\\\/\\\/bigmount.eu\\\/wp-content\\\/uploads\\\/BIG.C.87.80.png\",\"width\":2000,\"height\":2000},{\"@type\":\"BreadcrumbList\",\"@id\":\"https:\\\/\\\/bigmount.eu\\\/produkt\\\/bigmount-kompletthalterung-87mm-c-kugel-15-magnethalter-vesa75-basisplatte\\\/#breadcrumb\",\"itemListElement\":[{\"@type\":\"ListItem\",\"position\":1,\"name\":\"Startseite\",\"item\":\"https:\\\/\\\/bigmount.eu\\\/\"},{\"@type\":\"ListItem\",\"position\":2,\"name\":\"Shop\",\"item\":\"https:\\\/\\\/bigmount.eu\\\/shop\\\/\"},{\"@type\":\"ListItem\",\"position\":3,\"name\":\"Lager &amp; Logistik\",\"item\":\"https:\\\/\\\/bigmount.eu\\\/produkt-kategorie\\\/lager-logistik\\\/\"},{\"@type\":\"ListItem\",\"position\":4,\"name\":\"C-Kugel\",\"item\":\"https:\\\/\\\/bigmount.eu\\\/produkt-kategorie\\\/lager-logistik\\\/c-kugel\\\/\"},{\"@type\":\"ListItem\",\"position\":5,\"name\":\"BIGmount Kompletthalterung 87mm C-Kugel (1,5&#8243;) Magnethalter &#038; VESA75 Basisplatte\"}]},{\"@type\":\"WebSite\",\"@id\":\"https:\\\/\\\/bigmount.eu\\\/#website\",\"url\":\"https:\\\/\\\/bigmount.eu\\\/\",\"name\":\"BIGmount\",\"description\":\"Ein System. Alle Ger\u00e4te. Jede Situation\",\"publisher\":{\"@id\":\"https:\\\/\\\/bigmount.eu\\\/#organization\"},\"potentialAction\":[{\"@type\":\"SearchAction\",\"target\":{\"@type\":\"EntryPoint\",\"urlTemplate\":\"https:\\\/\\\/bigmount.eu\\\/?s={search_term_string}\"},\"query-input\":{\"@type\":\"PropertyValueSpecification\",\"valueRequired\":true,\"valueName\":\"search_term_string\"}}],\"inLanguage\":\"en-US\"},{\"@type\":\"Organization\",\"@id\":\"https:\\\/\\\/bigmount.eu\\\/#organization\",\"name\":\"ARAT Spezial\u00adhalterungen GmbH\",\"url\":\"https:\\\/\\\/bigmount.eu\\\/\",\"logo\":{\"@type\":\"ImageObject\",\"inLanguage\":\"en-US\",\"@id\":\"https:\\\/\\\/bigmount.eu\\\/#\\\/schema\\\/logo\\\/image\\\/\",\"url\":\"https:\\\/\\\/bigmount.eu\\\/wp-content\\\/uploads\\\/2Logo4_BIGmount_2024-01-scaled.jpg\",\"contentUrl\":\"https:\\\/\\\/bigmount.eu\\\/wp-content\\\/uploads\\\/2Logo4_BIGmount_2024-01-scaled.jpg\",\"width\":2560,\"height\":633,\"caption\":\"ARAT Spezial\u00adhalterungen GmbH\"},\"image\":{\"@id\":\"https:\\\/\\\/bigmount.eu\\\/#\\\/schema\\\/logo\\\/image\\\/\"}}]}<\/script>\n<!-- \/ Yoast SEO plugin. -->","yoast_head_json":{"title":"BIGmount Kompletthalterung 87mm C-Kugel (1,5\") Magnethalter & VESA75 Basisplatte - BIGmount","description":"Komplett-Set: Verbindungsarm 87mm mit Magnet-Halterung und VESA75 Basisplatte C-Kugel (1,5\") \u2013 werkzeuglose Montage auf Stahl","robots":{"index":"index","follow":"follow","max-snippet":"max-snippet:-1","max-image-preview":"max-image-preview:large","max-video-preview":"max-video-preview:-1"},"canonical":"https:\/\/bigmount.eu\/en\/product\/bigmount-kompletthalterung-87mm-c-kugel-15-magnethalter-vesa75-basisplatte\/","og_locale":"en_US","og_type":"article","og_title":"BIGmount Kompletthalterung 87mm C-Kugel (1,5\") Magnethalter & VESA75 Basisplatte - BIGmount","og_description":"Komplett-Set: Verbindungsarm 87mm mit Magnet-Halterung und VESA75 Basisplatte C-Kugel (1,5\") \u2013 werkzeuglose Montage auf Stahl","og_url":"https:\/\/bigmount.eu\/en\/product\/bigmount-kompletthalterung-87mm-c-kugel-15-magnethalter-vesa75-basisplatte\/","og_site_name":"BIGmount","article_modified_time":"2026-03-30T09:33:49+00:00","og_image":[{"width":2000,"height":2000,"url":"https:\/\/bigmount.eu\/wp-content\/uploads\/BIG.C.87.80.png","type":"image\/png"}],"twitter_card":"summary_large_image","schema":{"@context":"https:\/\/schema.org","@graph":[{"@type":"WebPage","@id":"https:\/\/bigmount.eu\/produkt\/bigmount-kompletthalterung-87mm-c-kugel-15-magnethalter-vesa75-basisplatte\/","url":"https:\/\/bigmount.eu\/produkt\/bigmount-kompletthalterung-87mm-c-kugel-15-magnethalter-vesa75-basisplatte\/","name":"BIGmount Kompletthalterung 87mm C-Kugel (1,5\") Magnethalter & VESA75 Basisplatte - BIGmount","isPartOf":{"@id":"https:\/\/bigmount.eu\/#website"},"primaryImageOfPage":{"@id":"https:\/\/bigmount.eu\/produkt\/bigmount-kompletthalterung-87mm-c-kugel-15-magnethalter-vesa75-basisplatte\/#primaryimage"},"image":{"@id":"https:\/\/bigmount.eu\/produkt\/bigmount-kompletthalterung-87mm-c-kugel-15-magnethalter-vesa75-basisplatte\/#primaryimage"},"thumbnailUrl":"https:\/\/bigmount.eu\/wp-content\/uploads\/BIG.C.87.80.png","datePublished":"2026-03-30T09:20:51+00:00","dateModified":"2026-03-30T09:33:49+00:00","description":"Komplett-Set: Verbindungsarm 87mm mit Magnet-Halterung und VESA75 Basisplatte C-Kugel (1,5\") \u2013 werkzeuglose Montage auf Stahl","breadcrumb":{"@id":"https:\/\/bigmount.eu\/produkt\/bigmount-kompletthalterung-87mm-c-kugel-15-magnethalter-vesa75-basisplatte\/#breadcrumb"},"inLanguage":"en-US","potentialAction":[{"@type":"ReadAction","target":["https:\/\/bigmount.eu\/produkt\/bigmount-kompletthalterung-87mm-c-kugel-15-magnethalter-vesa75-basisplatte\/"]}]},{"@type":"ImageObject","inLanguage":"en-US","@id":"https:\/\/bigmount.eu\/produkt\/bigmount-kompletthalterung-87mm-c-kugel-15-magnethalter-vesa75-basisplatte\/#primaryimage","url":"https:\/\/bigmount.eu\/wp-content\/uploads\/BIG.C.87.80.png","contentUrl":"https:\/\/bigmount.eu\/wp-content\/uploads\/BIG.C.87.80.png","width":2000,"height":2000},{"@type":"BreadcrumbList","@id":"https:\/\/bigmount.eu\/produkt\/bigmount-kompletthalterung-87mm-c-kugel-15-magnethalter-vesa75-basisplatte\/#breadcrumb","itemListElement":[{"@type":"ListItem","position":1,"name":"Startseite","item":"https:\/\/bigmount.eu\/"},{"@type":"ListItem","position":2,"name":"Shop","item":"https:\/\/bigmount.eu\/shop\/"},{"@type":"ListItem","position":3,"name":"Lager &amp; Logistik","item":"https:\/\/bigmount.eu\/produkt-kategorie\/lager-logistik\/"},{"@type":"ListItem","position":4,"name":"C-Kugel","item":"https:\/\/bigmount.eu\/produkt-kategorie\/lager-logistik\/c-kugel\/"},{"@type":"ListItem","position":5,"name":"BIGmount Kompletthalterung 87mm C-Kugel (1,5&#8243;) Magnethalter &#038; VESA75 Basisplatte"}]},{"@type":"WebSite","@id":"https:\/\/bigmount.eu\/#website","url":"https:\/\/bigmount.eu\/","name":"BIGmount","description":"Ein System. Alle Ger\u00e4te. Jede Situation","publisher":{"@id":"https:\/\/bigmount.eu\/#organization"},"potentialAction":[{"@type":"SearchAction","target":{"@type":"EntryPoint","urlTemplate":"https:\/\/bigmount.eu\/?s={search_term_string}"},"query-input":{"@type":"PropertyValueSpecification","valueRequired":true,"valueName":"search_term_string"}}],"inLanguage":"en-US"},{"@type":"Organization","@id":"https:\/\/bigmount.eu\/#organization","name":"ARAT Spezial\u00adhalterungen GmbH","url":"https:\/\/bigmount.eu\/","logo":{"@type":"ImageObject","inLanguage":"en-US","@id":"https:\/\/bigmount.eu\/#\/schema\/logo\/image\/","url":"https:\/\/bigmount.eu\/wp-content\/uploads\/2Logo4_BIGmount_2024-01-scaled.jpg","contentUrl":"https:\/\/bigmount.eu\/wp-content\/uploads\/2Logo4_BIGmount_2024-01-scaled.jpg","width":2560,"height":633,"caption":"ARAT Spezial\u00adhalterungen GmbH"},"image":{"@id":"https:\/\/bigmount.eu\/#\/schema\/logo\/image\/"}}]}},"_links":{"self":[{"href":"https:\/\/bigmount.eu\/en\/wp-json\/wp\/v2\/product\/16459","targetHints":{"allow":["GET"]}}],"collection":[{"href":"https:\/\/bigmount.eu\/en\/wp-json\/wp\/v2\/product"}],"about":[{"href":"https:\/\/bigmount.eu\/en\/wp-json\/wp\/v2\/types\/product"}],"wp:featuredmedia":[{"embeddable":true,"href":"https:\/\/bigmount.eu\/en\/wp-json\/wp\/v2\/media\/16324"}],"wp:attachment":[{"href":"https:\/\/bigmount.eu\/en\/wp-json\/wp\/v2\/media?parent=16459"}],"wp:term":[{"taxonomy":"product_brand","embeddable":true,"href":"https:\/\/bigmount.eu\/en\/wp-json\/wp\/v2\/product_brand?post=16459"},{"taxonomy":"product_cat","embeddable":true,"href":"https:\/\/bigmount.eu\/en\/wp-json\/wp\/v2\/product_cat?post=16459"},{"taxonomy":"product_tag","embeddable":true,"href":"https:\/\/bigmount.eu\/en\/wp-json\/wp\/v2\/product_tag?post=16459"}],"curies":[{"name":"wp","href":"https:\/\/api.w.org\/{rel}","templated":true}]}}