{"id":16455,"date":"2026-03-30T11:20:49","date_gmt":"2026-03-30T09:20:49","guid":{"rendered":"https:\/\/bigmount.eu\/produkt\/bigmount-kompletthalterung-115mm-c-kugel-15-vierkantrohr-max-76x80mm-runde-amps-basisplatte-30x38mm\/"},"modified":"2026-03-30T11:33:51","modified_gmt":"2026-03-30T09:33:51","slug":"bigmount-kompletthalterung-115mm-c-kugel-15-vierkantrohr-max-76x80mm-runde-amps-basisplatte-30x38mm","status":"publish","type":"product","link":"https:\/\/bigmount.eu\/en\/product\/bigmount-kompletthalterung-115mm-c-kugel-15-vierkantrohr-max-76x80mm-runde-amps-basisplatte-30x38mm\/","title":{"rendered":"BIGmount Kompletthalterung 115mm C-Kugel (1,5&#8243;) Vierkantrohr max. 76x80mm &#038; Runde AMPS Basisplatte (30x38mm)"},"content":{"rendered":"<p>Das BIGmount Komplett-Set BIG.C.115.309 vereint eine Vierkantrohrhalterung (max. 76x80mm), einen 115mm Verbindungsarm und eine runde Basisplatte mit AMPS-Lochbild (30x38mm) zu einer sofort einsatzbereiten Halterungsl\u00f6sung.<\/p>\n<p>Das C-Kugel-System (1,5&#8243;) tr\u00e4gt Ger\u00e4te bis ca. 3 kg sicher und vibrationsd\u00e4mpfend. Die Vierkantrohr-Klemme eignet sich f\u00fcr Profilrohre und Vierkantprofile bis maximal 76x80mm.<\/p>\n<p>Typisch an Gabelstaplern, Regalsystemen, Kommissionierwagen und Maschinengestellen. Die runde AMPS-Basisplatte erm\u00f6glicht die direkte Montage von Tablets, Barcode-Scanner\/ Strichcode-Scannern und kompakten Displays.<\/p>\n<h3>Gleichzeitig gilt:<\/h3>\n<ul>\n<li>Komplett-Set: Vierkantrohrhalterung  + 115mm Verbinder + Runde AMPS-Basisplatte<\/li>\n<li>C-Kugel (1,5&#8243;) f\u00fcr Ger\u00e4te bis ca. 3 kg<\/li>\n<li>Vierkantrohrhalterung f\u00fcr Profile bis max. 76x80mm<\/li>\n<li>AMPS Lochbild 30x38mm \u2013 kompatibel mit Tablets, Scannern &#038; Displays<\/li>\n<li>Stufenlos verstellbar durch Kugelgelenk-Technik<\/li>\n<li>Hochwertige Materialien: Aluminium &#038; glasfaserverst\u00e4rkter Kunststoff<\/li>\n<li>Geeignet f\u00fcr Gabelstapler, Kommissionierwagen, Regale &#038; Industrie<\/li>\n<\/ul>\n<h3>Lieferumfang<\/h3>\n<ul>\n<li>1x Vierkantrohr-Halterung max. 76x80mm mit C-Kugel (1,5&#8243;)<\/li>\n<li>1x Verbindungsarm 115mm f\u00fcr C-Kugeln (1,5&#8243;)<\/li>\n<li>1x Runde Basisplatte mit C-Kugel (1,5&#8243;) und AMPS Lochbild 30x38mm<\/li>\n<\/ul>\n<p><strong>100% Made in Germany<\/strong> \u2013 Entwickelt und gefertigt in Ostwestfalen.<\/p>","protected":false},"excerpt":{"rendered":"<p>Komplett-Set: Verbindungsarm 115mm mit Vierkantrohr-Klemme (max. 76x80mm) und runder AMPS-Basisplatte (30x38mm) C-Kugel (1,5&#8243;)<\/p>","protected":false},"featured_media":16316,"template":"","meta":[],"product_brand":[],"product_cat":[857],"product_tag":[1044,929,1073,932,923,1010,926,924,1043,1083,945,1011,925,1051,1066,1060,927,942,928,1085,931,965,1013,943,1017,938,947,948,946,1076,1068,930,1012],"class_list":{"0":"post-16455","1":"product","2":"type-product","3":"status-publish","4":"has-post-thumbnail","6":"product_cat-c-kugel","7":"product_tag-5-zoll","8":"product_tag-aluminium","9":"product_tag-amps-30x38","10":"product_tag-amps-lochbild","11":"product_tag-arat","12":"product_tag-basisplatte-rund","13":"product_tag-befestigung","14":"product_tag-bigmount","15":"product_tag-c-kugel-1","16":"product_tag-display-halterung","17":"product_tag-flurfoerderzeug","18":"product_tag-gabelstapler","19":"product_tag-halterung","20":"product_tag-kommissionierwagen","21":"product_tag-komplett-set","22":"product_tag-kompletthalterung","23":"product_tag-kugelgelenk","24":"product_tag-lager-logistik","25":"product_tag-made-in-germany","26":"product_tag-max-76x80mm","27":"product_tag-modulares-haltesystem","28":"product_tag-nutzfahrzeug","29":"product_tag-profilrohr-klemme","30":"product_tag-ram-mount-alternative","31":"product_tag-regal-halterung","32":"product_tag-scanner-halterung","33":"product_tag-strichcode","34":"product_tag-strichcode-scanner","35":"product_tag-strichcodescanner","36":"product_tag-tablet-halterung-gabelstapler","37":"product_tag-verbindungsarm-115mm","38":"product_tag-vibrationsdaempfend","39":"product_tag-vierkantrohr-halterung","41":"first","42":"instock","43":"taxable","44":"shipping-taxable","45":"purchasable","46":"product-type-simple"},"yoast_head":"<!-- This site is optimized with the Yoast SEO plugin v27.6 - https:\/\/yoast.com\/product\/yoast-seo-wordpress\/ -->\n<title>BIGmount Kompletthalterung 115mm C-Kugel (1,5&quot;) Vierkantrohr max. 76x80mm &amp; Runde AMPS Basisplatte (30x38mm) - BIGmount<\/title>\n<meta name=\"description\" content=\"Komplett-Set: Verbindungsarm 115mm mit Vierkantrohr-Klemme (max. 76x80mm) und runder AMPS-Basisplatte (30x38mm) C-Kugel (1,5&quot;)\" \/>\n<meta name=\"robots\" content=\"index, follow, max-snippet:-1, max-image-preview:large, max-video-preview:-1\" \/>\n<link rel=\"canonical\" href=\"https:\/\/bigmount.eu\/en\/product\/bigmount-kompletthalterung-115mm-c-kugel-15-vierkantrohr-max-76x80mm-runde-amps-basisplatte-30x38mm\/\" \/>\n<meta property=\"og:locale\" content=\"en_US\" \/>\n<meta property=\"og:type\" content=\"article\" \/>\n<meta property=\"og:title\" content=\"BIGmount Kompletthalterung 115mm C-Kugel (1,5&quot;) Vierkantrohr max. 76x80mm &amp; Runde AMPS Basisplatte (30x38mm) - BIGmount\" \/>\n<meta property=\"og:description\" content=\"Komplett-Set: Verbindungsarm 115mm mit Vierkantrohr-Klemme (max. 76x80mm) und runder AMPS-Basisplatte (30x38mm) C-Kugel (1,5&quot;)\" \/>\n<meta property=\"og:url\" content=\"https:\/\/bigmount.eu\/en\/product\/bigmount-kompletthalterung-115mm-c-kugel-15-vierkantrohr-max-76x80mm-runde-amps-basisplatte-30x38mm\/\" \/>\n<meta property=\"og:site_name\" content=\"BIGmount\" \/>\n<meta property=\"article:modified_time\" content=\"2026-03-30T09:33:51+00:00\" \/>\n<meta property=\"og:image\" content=\"https:\/\/bigmount.eu\/wp-content\/uploads\/BIG.C.115.309.png\" \/>\n\t<meta property=\"og:image:width\" content=\"2000\" \/>\n\t<meta property=\"og:image:height\" content=\"2000\" \/>\n\t<meta property=\"og:image:type\" content=\"image\/png\" \/>\n<meta name=\"twitter:card\" content=\"summary_large_image\" \/>\n<script type=\"application\/ld+json\" class=\"yoast-schema-graph\">{\"@context\":\"https:\\\/\\\/schema.org\",\"@graph\":[{\"@type\":\"WebPage\",\"@id\":\"https:\\\/\\\/bigmount.eu\\\/produkt\\\/bigmount-kompletthalterung-115mm-c-kugel-15-vierkantrohr-max-76x80mm-runde-amps-basisplatte-30x38mm\\\/\",\"url\":\"https:\\\/\\\/bigmount.eu\\\/produkt\\\/bigmount-kompletthalterung-115mm-c-kugel-15-vierkantrohr-max-76x80mm-runde-amps-basisplatte-30x38mm\\\/\",\"name\":\"BIGmount Kompletthalterung 115mm C-Kugel (1,5\\\") Vierkantrohr max. 76x80mm & Runde AMPS Basisplatte (30x38mm) - BIGmount\",\"isPartOf\":{\"@id\":\"https:\\\/\\\/bigmount.eu\\\/#website\"},\"primaryImageOfPage\":{\"@id\":\"https:\\\/\\\/bigmount.eu\\\/produkt\\\/bigmount-kompletthalterung-115mm-c-kugel-15-vierkantrohr-max-76x80mm-runde-amps-basisplatte-30x38mm\\\/#primaryimage\"},\"image\":{\"@id\":\"https:\\\/\\\/bigmount.eu\\\/produkt\\\/bigmount-kompletthalterung-115mm-c-kugel-15-vierkantrohr-max-76x80mm-runde-amps-basisplatte-30x38mm\\\/#primaryimage\"},\"thumbnailUrl\":\"https:\\\/\\\/bigmount.eu\\\/wp-content\\\/uploads\\\/BIG.C.115.309.png\",\"datePublished\":\"2026-03-30T09:20:49+00:00\",\"dateModified\":\"2026-03-30T09:33:51+00:00\",\"description\":\"Komplett-Set: Verbindungsarm 115mm mit Vierkantrohr-Klemme (max. 76x80mm) und runder AMPS-Basisplatte (30x38mm) C-Kugel (1,5\\\")\",\"breadcrumb\":{\"@id\":\"https:\\\/\\\/bigmount.eu\\\/produkt\\\/bigmount-kompletthalterung-115mm-c-kugel-15-vierkantrohr-max-76x80mm-runde-amps-basisplatte-30x38mm\\\/#breadcrumb\"},\"inLanguage\":\"en-US\",\"potentialAction\":[{\"@type\":\"ReadAction\",\"target\":[\"https:\\\/\\\/bigmount.eu\\\/produkt\\\/bigmount-kompletthalterung-115mm-c-kugel-15-vierkantrohr-max-76x80mm-runde-amps-basisplatte-30x38mm\\\/\"]}]},{\"@type\":\"ImageObject\",\"inLanguage\":\"en-US\",\"@id\":\"https:\\\/\\\/bigmount.eu\\\/produkt\\\/bigmount-kompletthalterung-115mm-c-kugel-15-vierkantrohr-max-76x80mm-runde-amps-basisplatte-30x38mm\\\/#primaryimage\",\"url\":\"https:\\\/\\\/bigmount.eu\\\/wp-content\\\/uploads\\\/BIG.C.115.309.png\",\"contentUrl\":\"https:\\\/\\\/bigmount.eu\\\/wp-content\\\/uploads\\\/BIG.C.115.309.png\",\"width\":2000,\"height\":2000},{\"@type\":\"BreadcrumbList\",\"@id\":\"https:\\\/\\\/bigmount.eu\\\/produkt\\\/bigmount-kompletthalterung-115mm-c-kugel-15-vierkantrohr-max-76x80mm-runde-amps-basisplatte-30x38mm\\\/#breadcrumb\",\"itemListElement\":[{\"@type\":\"ListItem\",\"position\":1,\"name\":\"Startseite\",\"item\":\"https:\\\/\\\/bigmount.eu\\\/\"},{\"@type\":\"ListItem\",\"position\":2,\"name\":\"Shop\",\"item\":\"https:\\\/\\\/bigmount.eu\\\/shop\\\/\"},{\"@type\":\"ListItem\",\"position\":3,\"name\":\"Lager &amp; Logistik\",\"item\":\"https:\\\/\\\/bigmount.eu\\\/produkt-kategorie\\\/lager-logistik\\\/\"},{\"@type\":\"ListItem\",\"position\":4,\"name\":\"C-Kugel\",\"item\":\"https:\\\/\\\/bigmount.eu\\\/produkt-kategorie\\\/lager-logistik\\\/c-kugel\\\/\"},{\"@type\":\"ListItem\",\"position\":5,\"name\":\"BIGmount Kompletthalterung 115mm C-Kugel (1,5&#8243;) Vierkantrohr max. 76x80mm &#038; Runde AMPS Basisplatte (30x38mm)\"}]},{\"@type\":\"WebSite\",\"@id\":\"https:\\\/\\\/bigmount.eu\\\/#website\",\"url\":\"https:\\\/\\\/bigmount.eu\\\/\",\"name\":\"BIGmount\",\"description\":\"Ein System. Alle Ger\u00e4te. Jede Situation\",\"publisher\":{\"@id\":\"https:\\\/\\\/bigmount.eu\\\/#organization\"},\"potentialAction\":[{\"@type\":\"SearchAction\",\"target\":{\"@type\":\"EntryPoint\",\"urlTemplate\":\"https:\\\/\\\/bigmount.eu\\\/?s={search_term_string}\"},\"query-input\":{\"@type\":\"PropertyValueSpecification\",\"valueRequired\":true,\"valueName\":\"search_term_string\"}}],\"inLanguage\":\"en-US\"},{\"@type\":\"Organization\",\"@id\":\"https:\\\/\\\/bigmount.eu\\\/#organization\",\"name\":\"ARAT Spezial\u00adhalterungen GmbH\",\"url\":\"https:\\\/\\\/bigmount.eu\\\/\",\"logo\":{\"@type\":\"ImageObject\",\"inLanguage\":\"en-US\",\"@id\":\"https:\\\/\\\/bigmount.eu\\\/#\\\/schema\\\/logo\\\/image\\\/\",\"url\":\"https:\\\/\\\/bigmount.eu\\\/wp-content\\\/uploads\\\/2Logo4_BIGmount_2024-01-scaled.jpg\",\"contentUrl\":\"https:\\\/\\\/bigmount.eu\\\/wp-content\\\/uploads\\\/2Logo4_BIGmount_2024-01-scaled.jpg\",\"width\":2560,\"height\":633,\"caption\":\"ARAT Spezial\u00adhalterungen GmbH\"},\"image\":{\"@id\":\"https:\\\/\\\/bigmount.eu\\\/#\\\/schema\\\/logo\\\/image\\\/\"}}]}<\/script>\n<!-- \/ Yoast SEO plugin. -->","yoast_head_json":{"title":"BIGmount Kompletthalterung 115mm C-Kugel (1,5\") Vierkantrohr max. 76x80mm & Runde AMPS Basisplatte (30x38mm) - BIGmount","description":"Komplett-Set: Verbindungsarm 115mm mit Vierkantrohr-Klemme (max. 76x80mm) und runder AMPS-Basisplatte (30x38mm) C-Kugel (1,5\")","robots":{"index":"index","follow":"follow","max-snippet":"max-snippet:-1","max-image-preview":"max-image-preview:large","max-video-preview":"max-video-preview:-1"},"canonical":"https:\/\/bigmount.eu\/en\/product\/bigmount-kompletthalterung-115mm-c-kugel-15-vierkantrohr-max-76x80mm-runde-amps-basisplatte-30x38mm\/","og_locale":"en_US","og_type":"article","og_title":"BIGmount Kompletthalterung 115mm C-Kugel (1,5\") Vierkantrohr max. 76x80mm & Runde AMPS Basisplatte (30x38mm) - BIGmount","og_description":"Komplett-Set: Verbindungsarm 115mm mit Vierkantrohr-Klemme (max. 76x80mm) und runder AMPS-Basisplatte (30x38mm) C-Kugel (1,5\")","og_url":"https:\/\/bigmount.eu\/en\/product\/bigmount-kompletthalterung-115mm-c-kugel-15-vierkantrohr-max-76x80mm-runde-amps-basisplatte-30x38mm\/","og_site_name":"BIGmount","article_modified_time":"2026-03-30T09:33:51+00:00","og_image":[{"width":2000,"height":2000,"url":"https:\/\/bigmount.eu\/wp-content\/uploads\/BIG.C.115.309.png","type":"image\/png"}],"twitter_card":"summary_large_image","schema":{"@context":"https:\/\/schema.org","@graph":[{"@type":"WebPage","@id":"https:\/\/bigmount.eu\/produkt\/bigmount-kompletthalterung-115mm-c-kugel-15-vierkantrohr-max-76x80mm-runde-amps-basisplatte-30x38mm\/","url":"https:\/\/bigmount.eu\/produkt\/bigmount-kompletthalterung-115mm-c-kugel-15-vierkantrohr-max-76x80mm-runde-amps-basisplatte-30x38mm\/","name":"BIGmount Kompletthalterung 115mm C-Kugel (1,5\") Vierkantrohr max. 76x80mm & Runde AMPS Basisplatte (30x38mm) - BIGmount","isPartOf":{"@id":"https:\/\/bigmount.eu\/#website"},"primaryImageOfPage":{"@id":"https:\/\/bigmount.eu\/produkt\/bigmount-kompletthalterung-115mm-c-kugel-15-vierkantrohr-max-76x80mm-runde-amps-basisplatte-30x38mm\/#primaryimage"},"image":{"@id":"https:\/\/bigmount.eu\/produkt\/bigmount-kompletthalterung-115mm-c-kugel-15-vierkantrohr-max-76x80mm-runde-amps-basisplatte-30x38mm\/#primaryimage"},"thumbnailUrl":"https:\/\/bigmount.eu\/wp-content\/uploads\/BIG.C.115.309.png","datePublished":"2026-03-30T09:20:49+00:00","dateModified":"2026-03-30T09:33:51+00:00","description":"Komplett-Set: Verbindungsarm 115mm mit Vierkantrohr-Klemme (max. 76x80mm) und runder AMPS-Basisplatte (30x38mm) C-Kugel (1,5\")","breadcrumb":{"@id":"https:\/\/bigmount.eu\/produkt\/bigmount-kompletthalterung-115mm-c-kugel-15-vierkantrohr-max-76x80mm-runde-amps-basisplatte-30x38mm\/#breadcrumb"},"inLanguage":"en-US","potentialAction":[{"@type":"ReadAction","target":["https:\/\/bigmount.eu\/produkt\/bigmount-kompletthalterung-115mm-c-kugel-15-vierkantrohr-max-76x80mm-runde-amps-basisplatte-30x38mm\/"]}]},{"@type":"ImageObject","inLanguage":"en-US","@id":"https:\/\/bigmount.eu\/produkt\/bigmount-kompletthalterung-115mm-c-kugel-15-vierkantrohr-max-76x80mm-runde-amps-basisplatte-30x38mm\/#primaryimage","url":"https:\/\/bigmount.eu\/wp-content\/uploads\/BIG.C.115.309.png","contentUrl":"https:\/\/bigmount.eu\/wp-content\/uploads\/BIG.C.115.309.png","width":2000,"height":2000},{"@type":"BreadcrumbList","@id":"https:\/\/bigmount.eu\/produkt\/bigmount-kompletthalterung-115mm-c-kugel-15-vierkantrohr-max-76x80mm-runde-amps-basisplatte-30x38mm\/#breadcrumb","itemListElement":[{"@type":"ListItem","position":1,"name":"Startseite","item":"https:\/\/bigmount.eu\/"},{"@type":"ListItem","position":2,"name":"Shop","item":"https:\/\/bigmount.eu\/shop\/"},{"@type":"ListItem","position":3,"name":"Lager &amp; Logistik","item":"https:\/\/bigmount.eu\/produkt-kategorie\/lager-logistik\/"},{"@type":"ListItem","position":4,"name":"C-Kugel","item":"https:\/\/bigmount.eu\/produkt-kategorie\/lager-logistik\/c-kugel\/"},{"@type":"ListItem","position":5,"name":"BIGmount Kompletthalterung 115mm C-Kugel (1,5&#8243;) Vierkantrohr max. 76x80mm &#038; Runde AMPS Basisplatte (30x38mm)"}]},{"@type":"WebSite","@id":"https:\/\/bigmount.eu\/#website","url":"https:\/\/bigmount.eu\/","name":"BIGmount","description":"Ein System. Alle Ger\u00e4te. Jede Situation","publisher":{"@id":"https:\/\/bigmount.eu\/#organization"},"potentialAction":[{"@type":"SearchAction","target":{"@type":"EntryPoint","urlTemplate":"https:\/\/bigmount.eu\/?s={search_term_string}"},"query-input":{"@type":"PropertyValueSpecification","valueRequired":true,"valueName":"search_term_string"}}],"inLanguage":"en-US"},{"@type":"Organization","@id":"https:\/\/bigmount.eu\/#organization","name":"ARAT Spezial\u00adhalterungen GmbH","url":"https:\/\/bigmount.eu\/","logo":{"@type":"ImageObject","inLanguage":"en-US","@id":"https:\/\/bigmount.eu\/#\/schema\/logo\/image\/","url":"https:\/\/bigmount.eu\/wp-content\/uploads\/2Logo4_BIGmount_2024-01-scaled.jpg","contentUrl":"https:\/\/bigmount.eu\/wp-content\/uploads\/2Logo4_BIGmount_2024-01-scaled.jpg","width":2560,"height":633,"caption":"ARAT Spezial\u00adhalterungen GmbH"},"image":{"@id":"https:\/\/bigmount.eu\/#\/schema\/logo\/image\/"}}]}},"_links":{"self":[{"href":"https:\/\/bigmount.eu\/en\/wp-json\/wp\/v2\/product\/16455","targetHints":{"allow":["GET"]}}],"collection":[{"href":"https:\/\/bigmount.eu\/en\/wp-json\/wp\/v2\/product"}],"about":[{"href":"https:\/\/bigmount.eu\/en\/wp-json\/wp\/v2\/types\/product"}],"wp:featuredmedia":[{"embeddable":true,"href":"https:\/\/bigmount.eu\/en\/wp-json\/wp\/v2\/media\/16316"}],"wp:attachment":[{"href":"https:\/\/bigmount.eu\/en\/wp-json\/wp\/v2\/media?parent=16455"}],"wp:term":[{"taxonomy":"product_brand","embeddable":true,"href":"https:\/\/bigmount.eu\/en\/wp-json\/wp\/v2\/product_brand?post=16455"},{"taxonomy":"product_cat","embeddable":true,"href":"https:\/\/bigmount.eu\/en\/wp-json\/wp\/v2\/product_cat?post=16455"},{"taxonomy":"product_tag","embeddable":true,"href":"https:\/\/bigmount.eu\/en\/wp-json\/wp\/v2\/product_tag?post=16455"}],"curies":[{"name":"wp","href":"https:\/\/api.w.org\/{rel}","templated":true}]}}