{"id":16439,"date":"2026-03-30T11:20:37","date_gmt":"2026-03-30T09:20:37","guid":{"rendered":"https:\/\/bigmount.eu\/produkt\/bigmount-kompletthalterung-87mm-c-kugel-15-mit-amps-lochbild-30x38mm-trapez-basisplatte-49mm-lochabstand\/"},"modified":"2026-03-30T11:33:56","modified_gmt":"2026-03-30T09:33:56","slug":"bigmount-kompletthalterung-87mm-c-kugel-15-mit-amps-lochbild-30x38mm-trapez-basisplatte-49mm-lochabstand","status":"publish","type":"product","link":"https:\/\/bigmount.eu\/en\/product\/bigmount-kompletthalterung-87mm-c-kugel-15-mit-amps-lochbild-30x38mm-trapez-basisplatte-49mm-lochabstand\/","title":{"rendered":"BIGmount Kompletthalterung 87mm C-Kugel (1,5&#8243;) mit AMPS Lochbild (30x38mm) &#038; Trapez-Basisplatte (49mm Lochabstand)"},"content":{"rendered":"<p>Das BIGmount Komplett-Set vereint einen kompakten 87mm Verbindungsarm mit zwei verschiedenen Basisplatten Eine rechteckige Platte mit AMPS-Lochbild (30x38mm) und eine Trapez-Basisplatte mit 49mm Lochabstand.<\/p>\n<p>Das C-Kugel-System (1,5&#8243;) tr\u00e4gt Ger\u00e4te bis ca. 3 kg sicher und vibrationsd\u00e4mpfend. Die AMPS-Platte bietet universelle Kompatibilit\u00e4t f\u00fcr Tablets und Scanner, w\u00e4hrend die Trapez-Platte speziell f\u00fcr Ger\u00e4te mit 49mm-Lochbild ausgelegt ist.<\/p>\n<p>Diese Kombination eignet sich ideal f\u00fcr Einsatzszenarien, in denen unterschiedliche Endger\u00e4te flexibel gewechselt werden sollen z.B. an Gabelstaplern, Kommissionierwagen oder in der Fertigung.<\/p>\n<h3>Au\u00dferdem \u00fcberzeugt das Produkt:<\/h3>\n<ul>\n<li>Komplett-Set mit 87mm Verbinder, rechteckiger AMPS- und Trapez-Basisplatte<\/li>\n<li>C-Kugel (1,5&#8243;) f\u00fcr Ger\u00e4te bis ca. 3 kg<\/li>\n<li>AMPS Lochbild 30x38mm \u2013 universell kompatibel mit Tablets &#038; Scannern<\/li>\n<li>Trapez-Platte mit 49mm Lochabstand f\u00fcr spezielle Ger\u00e4teaufnahmen<\/li>\n<li>Stufenlos verstellbar durch Kugelgelenk-Technik<\/li>\n<li>Hochwertige Materialien: Aluminium &#038; glasfaserverst\u00e4rkter Kunststoff<\/li>\n<li>Geeignet f\u00fcr Gabelstapler, Nutzfahrzeuge, Industrie &#038; Lager<\/li>\n<\/ul>\n<h3>Lieferumfang<\/h3>\n<ul>\n<li>1x Verbindungsarm 87mm f\u00fcr C-Kugeln (1,5&#8243;)<\/li>\n<li>1x Rechteckige Basisplatte mit C-Kugel (1,5&#8243;) und AMPS Lochbild 30x38mm<\/li>\n<li>1x Trapez-Basisplatte mit C-Kugel (1,5&#8243;) und Lochabstand 49mm<\/li>\n<\/ul>\n<p><strong>100% Made in Germany<\/strong> \u2013 Entwickelt und gefertigt in Ostwestfalen.<\/p>","protected":false},"excerpt":{"rendered":"<p>Komplett-Set: Verbindungsarm 87mm mit rechteckiger AMPS Basisplatte (30x38mm) und Trapez Basisplatte (49mm Lochabstand) C-Kugel (1,5&#8243;) \u2013 sofort einsatzbereit<\/p>","protected":false},"featured_media":16284,"template":"","meta":[],"product_brand":[],"product_cat":[857],"product_tag":[1044,929,1073,932,923,1049,926,924,1043,1062,1075,945,940,925,1051,1066,1060,927,942,964,1080,928,931,965,943,938,1081,947,948,946,1064,1079,944,1061,930],"class_list":{"0":"post-16439","1":"product","2":"type-product","3":"status-publish","4":"has-post-thumbnail","6":"product_cat-c-kugel","7":"product_tag-5-zoll","8":"product_tag-aluminium","9":"product_tag-amps-30x38","10":"product_tag-amps-lochbild","11":"product_tag-arat","12":"product_tag-barcode-scanner-halterung","13":"product_tag-befestigung","14":"product_tag-bigmount","15":"product_tag-c-kugel-1","16":"product_tag-c-kugel-1-5-zoll","17":"product_tag-display-halterung-fahrzeug","18":"product_tag-flurfoerderzeug","19":"product_tag-gabelstapler-display","20":"product_tag-halterung","21":"product_tag-kommissionierwagen","22":"product_tag-komplett-set","23":"product_tag-kompletthalterung","24":"product_tag-kugelgelenk","25":"product_tag-lager-logistik","26":"product_tag-lkw-tablet","27":"product_tag-lochabstand-49mm","28":"product_tag-made-in-germany","29":"product_tag-modulares-haltesystem","30":"product_tag-nutzfahrzeug","31":"product_tag-ram-mount-alternative","32":"product_tag-scanner-halterung","33":"product_tag-spezial-lochbild","34":"product_tag-strichcode","35":"product_tag-strichcode-scanner","36":"product_tag-strichcodescanner","37":"product_tag-tablet-halterung-industrie","38":"product_tag-trapez-basisplatte","39":"product_tag-universalhalterung","40":"product_tag-verbindungsarm-87mm","41":"product_tag-vibrationsdaempfend","43":"first","44":"instock","45":"taxable","46":"shipping-taxable","47":"purchasable","48":"product-type-simple"},"yoast_head":"<!-- This site is optimized with the Yoast SEO plugin v27.6 - https:\/\/yoast.com\/product\/yoast-seo-wordpress\/ -->\n<title>BIGmount Kompletthalterung 87mm C-Kugel (1,5&quot;) mit AMPS Lochbild (30x38mm) &amp; Trapez-Basisplatte (49mm Lochabstand) - BIGmount<\/title>\n<meta name=\"description\" content=\"Komplett-Set: Verbindungsarm 87mm mit rechteckiger AMPS Basisplatte (30x38mm) und Trapez Basisplatte (49mm Lochabstand) C-Kugel (1,5&quot;) \u2013 sofort einsatzbe...\" \/>\n<meta name=\"robots\" content=\"index, follow, max-snippet:-1, max-image-preview:large, max-video-preview:-1\" \/>\n<link rel=\"canonical\" href=\"https:\/\/bigmount.eu\/en\/product\/bigmount-kompletthalterung-87mm-c-kugel-15-mit-amps-lochbild-30x38mm-trapez-basisplatte-49mm-lochabstand\/\" \/>\n<meta property=\"og:locale\" content=\"en_US\" \/>\n<meta property=\"og:type\" content=\"article\" \/>\n<meta property=\"og:title\" content=\"BIGmount Kompletthalterung 87mm C-Kugel (1,5&quot;) mit AMPS Lochbild (30x38mm) &amp; Trapez-Basisplatte (49mm Lochabstand) - BIGmount\" \/>\n<meta property=\"og:description\" content=\"Komplett-Set: Verbindungsarm 87mm mit rechteckiger AMPS Basisplatte (30x38mm) und Trapez Basisplatte (49mm Lochabstand) C-Kugel (1,5&quot;) \u2013 sofort einsatzbe...\" \/>\n<meta property=\"og:url\" content=\"https:\/\/bigmount.eu\/en\/product\/bigmount-kompletthalterung-87mm-c-kugel-15-mit-amps-lochbild-30x38mm-trapez-basisplatte-49mm-lochabstand\/\" \/>\n<meta property=\"og:site_name\" content=\"BIGmount\" \/>\n<meta property=\"article:modified_time\" content=\"2026-03-30T09:33:56+00:00\" \/>\n<meta property=\"og:image\" content=\"https:\/\/bigmount.eu\/wp-content\/uploads\/BIG.C.87.362.png\" \/>\n\t<meta property=\"og:image:width\" content=\"2000\" \/>\n\t<meta property=\"og:image:height\" content=\"2000\" \/>\n\t<meta property=\"og:image:type\" content=\"image\/png\" \/>\n<meta name=\"twitter:card\" content=\"summary_large_image\" \/>\n<script type=\"application\/ld+json\" class=\"yoast-schema-graph\">{\"@context\":\"https:\\\/\\\/schema.org\",\"@graph\":[{\"@type\":\"WebPage\",\"@id\":\"https:\\\/\\\/bigmount.eu\\\/produkt\\\/bigmount-kompletthalterung-87mm-c-kugel-15-mit-amps-lochbild-30x38mm-trapez-basisplatte-49mm-lochabstand\\\/\",\"url\":\"https:\\\/\\\/bigmount.eu\\\/produkt\\\/bigmount-kompletthalterung-87mm-c-kugel-15-mit-amps-lochbild-30x38mm-trapez-basisplatte-49mm-lochabstand\\\/\",\"name\":\"BIGmount Kompletthalterung 87mm C-Kugel (1,5\\\") mit AMPS Lochbild (30x38mm) & Trapez-Basisplatte (49mm Lochabstand) - BIGmount\",\"isPartOf\":{\"@id\":\"https:\\\/\\\/bigmount.eu\\\/#website\"},\"primaryImageOfPage\":{\"@id\":\"https:\\\/\\\/bigmount.eu\\\/produkt\\\/bigmount-kompletthalterung-87mm-c-kugel-15-mit-amps-lochbild-30x38mm-trapez-basisplatte-49mm-lochabstand\\\/#primaryimage\"},\"image\":{\"@id\":\"https:\\\/\\\/bigmount.eu\\\/produkt\\\/bigmount-kompletthalterung-87mm-c-kugel-15-mit-amps-lochbild-30x38mm-trapez-basisplatte-49mm-lochabstand\\\/#primaryimage\"},\"thumbnailUrl\":\"https:\\\/\\\/bigmount.eu\\\/wp-content\\\/uploads\\\/BIG.C.87.362.png\",\"datePublished\":\"2026-03-30T09:20:37+00:00\",\"dateModified\":\"2026-03-30T09:33:56+00:00\",\"description\":\"Komplett-Set: Verbindungsarm 87mm mit rechteckiger AMPS Basisplatte (30x38mm) und Trapez Basisplatte (49mm Lochabstand) C-Kugel (1,5\\\") \u2013 sofort einsatzbe...\",\"breadcrumb\":{\"@id\":\"https:\\\/\\\/bigmount.eu\\\/produkt\\\/bigmount-kompletthalterung-87mm-c-kugel-15-mit-amps-lochbild-30x38mm-trapez-basisplatte-49mm-lochabstand\\\/#breadcrumb\"},\"inLanguage\":\"en-US\",\"potentialAction\":[{\"@type\":\"ReadAction\",\"target\":[\"https:\\\/\\\/bigmount.eu\\\/produkt\\\/bigmount-kompletthalterung-87mm-c-kugel-15-mit-amps-lochbild-30x38mm-trapez-basisplatte-49mm-lochabstand\\\/\"]}]},{\"@type\":\"ImageObject\",\"inLanguage\":\"en-US\",\"@id\":\"https:\\\/\\\/bigmount.eu\\\/produkt\\\/bigmount-kompletthalterung-87mm-c-kugel-15-mit-amps-lochbild-30x38mm-trapez-basisplatte-49mm-lochabstand\\\/#primaryimage\",\"url\":\"https:\\\/\\\/bigmount.eu\\\/wp-content\\\/uploads\\\/BIG.C.87.362.png\",\"contentUrl\":\"https:\\\/\\\/bigmount.eu\\\/wp-content\\\/uploads\\\/BIG.C.87.362.png\",\"width\":2000,\"height\":2000},{\"@type\":\"BreadcrumbList\",\"@id\":\"https:\\\/\\\/bigmount.eu\\\/produkt\\\/bigmount-kompletthalterung-87mm-c-kugel-15-mit-amps-lochbild-30x38mm-trapez-basisplatte-49mm-lochabstand\\\/#breadcrumb\",\"itemListElement\":[{\"@type\":\"ListItem\",\"position\":1,\"name\":\"Startseite\",\"item\":\"https:\\\/\\\/bigmount.eu\\\/\"},{\"@type\":\"ListItem\",\"position\":2,\"name\":\"Shop\",\"item\":\"https:\\\/\\\/bigmount.eu\\\/shop\\\/\"},{\"@type\":\"ListItem\",\"position\":3,\"name\":\"Lager &amp; Logistik\",\"item\":\"https:\\\/\\\/bigmount.eu\\\/produkt-kategorie\\\/lager-logistik\\\/\"},{\"@type\":\"ListItem\",\"position\":4,\"name\":\"C-Kugel\",\"item\":\"https:\\\/\\\/bigmount.eu\\\/produkt-kategorie\\\/lager-logistik\\\/c-kugel\\\/\"},{\"@type\":\"ListItem\",\"position\":5,\"name\":\"BIGmount Kompletthalterung 87mm C-Kugel (1,5&#8243;) mit AMPS Lochbild (30x38mm) &#038; Trapez-Basisplatte (49mm Lochabstand)\"}]},{\"@type\":\"WebSite\",\"@id\":\"https:\\\/\\\/bigmount.eu\\\/#website\",\"url\":\"https:\\\/\\\/bigmount.eu\\\/\",\"name\":\"BIGmount\",\"description\":\"Ein System. Alle Ger\u00e4te. Jede Situation\",\"publisher\":{\"@id\":\"https:\\\/\\\/bigmount.eu\\\/#organization\"},\"potentialAction\":[{\"@type\":\"SearchAction\",\"target\":{\"@type\":\"EntryPoint\",\"urlTemplate\":\"https:\\\/\\\/bigmount.eu\\\/?s={search_term_string}\"},\"query-input\":{\"@type\":\"PropertyValueSpecification\",\"valueRequired\":true,\"valueName\":\"search_term_string\"}}],\"inLanguage\":\"en-US\"},{\"@type\":\"Organization\",\"@id\":\"https:\\\/\\\/bigmount.eu\\\/#organization\",\"name\":\"ARAT Spezial\u00adhalterungen GmbH\",\"url\":\"https:\\\/\\\/bigmount.eu\\\/\",\"logo\":{\"@type\":\"ImageObject\",\"inLanguage\":\"en-US\",\"@id\":\"https:\\\/\\\/bigmount.eu\\\/#\\\/schema\\\/logo\\\/image\\\/\",\"url\":\"https:\\\/\\\/bigmount.eu\\\/wp-content\\\/uploads\\\/2Logo4_BIGmount_2024-01-scaled.jpg\",\"contentUrl\":\"https:\\\/\\\/bigmount.eu\\\/wp-content\\\/uploads\\\/2Logo4_BIGmount_2024-01-scaled.jpg\",\"width\":2560,\"height\":633,\"caption\":\"ARAT Spezial\u00adhalterungen GmbH\"},\"image\":{\"@id\":\"https:\\\/\\\/bigmount.eu\\\/#\\\/schema\\\/logo\\\/image\\\/\"}}]}<\/script>\n<!-- \/ Yoast SEO plugin. -->","yoast_head_json":{"title":"BIGmount Kompletthalterung 87mm C-Kugel (1,5\") mit AMPS Lochbild (30x38mm) & Trapez-Basisplatte (49mm Lochabstand) - BIGmount","description":"Komplett-Set: Verbindungsarm 87mm mit rechteckiger AMPS Basisplatte (30x38mm) und Trapez Basisplatte (49mm Lochabstand) C-Kugel (1,5\") \u2013 sofort einsatzbe...","robots":{"index":"index","follow":"follow","max-snippet":"max-snippet:-1","max-image-preview":"max-image-preview:large","max-video-preview":"max-video-preview:-1"},"canonical":"https:\/\/bigmount.eu\/en\/product\/bigmount-kompletthalterung-87mm-c-kugel-15-mit-amps-lochbild-30x38mm-trapez-basisplatte-49mm-lochabstand\/","og_locale":"en_US","og_type":"article","og_title":"BIGmount Kompletthalterung 87mm C-Kugel (1,5\") mit AMPS Lochbild (30x38mm) & Trapez-Basisplatte (49mm Lochabstand) - BIGmount","og_description":"Komplett-Set: Verbindungsarm 87mm mit rechteckiger AMPS Basisplatte (30x38mm) und Trapez Basisplatte (49mm Lochabstand) C-Kugel (1,5\") \u2013 sofort einsatzbe...","og_url":"https:\/\/bigmount.eu\/en\/product\/bigmount-kompletthalterung-87mm-c-kugel-15-mit-amps-lochbild-30x38mm-trapez-basisplatte-49mm-lochabstand\/","og_site_name":"BIGmount","article_modified_time":"2026-03-30T09:33:56+00:00","og_image":[{"width":2000,"height":2000,"url":"https:\/\/bigmount.eu\/wp-content\/uploads\/BIG.C.87.362.png","type":"image\/png"}],"twitter_card":"summary_large_image","schema":{"@context":"https:\/\/schema.org","@graph":[{"@type":"WebPage","@id":"https:\/\/bigmount.eu\/produkt\/bigmount-kompletthalterung-87mm-c-kugel-15-mit-amps-lochbild-30x38mm-trapez-basisplatte-49mm-lochabstand\/","url":"https:\/\/bigmount.eu\/produkt\/bigmount-kompletthalterung-87mm-c-kugel-15-mit-amps-lochbild-30x38mm-trapez-basisplatte-49mm-lochabstand\/","name":"BIGmount Kompletthalterung 87mm C-Kugel (1,5\") mit AMPS Lochbild (30x38mm) & Trapez-Basisplatte (49mm Lochabstand) - BIGmount","isPartOf":{"@id":"https:\/\/bigmount.eu\/#website"},"primaryImageOfPage":{"@id":"https:\/\/bigmount.eu\/produkt\/bigmount-kompletthalterung-87mm-c-kugel-15-mit-amps-lochbild-30x38mm-trapez-basisplatte-49mm-lochabstand\/#primaryimage"},"image":{"@id":"https:\/\/bigmount.eu\/produkt\/bigmount-kompletthalterung-87mm-c-kugel-15-mit-amps-lochbild-30x38mm-trapez-basisplatte-49mm-lochabstand\/#primaryimage"},"thumbnailUrl":"https:\/\/bigmount.eu\/wp-content\/uploads\/BIG.C.87.362.png","datePublished":"2026-03-30T09:20:37+00:00","dateModified":"2026-03-30T09:33:56+00:00","description":"Komplett-Set: Verbindungsarm 87mm mit rechteckiger AMPS Basisplatte (30x38mm) und Trapez Basisplatte (49mm Lochabstand) C-Kugel (1,5\") \u2013 sofort einsatzbe...","breadcrumb":{"@id":"https:\/\/bigmount.eu\/produkt\/bigmount-kompletthalterung-87mm-c-kugel-15-mit-amps-lochbild-30x38mm-trapez-basisplatte-49mm-lochabstand\/#breadcrumb"},"inLanguage":"en-US","potentialAction":[{"@type":"ReadAction","target":["https:\/\/bigmount.eu\/produkt\/bigmount-kompletthalterung-87mm-c-kugel-15-mit-amps-lochbild-30x38mm-trapez-basisplatte-49mm-lochabstand\/"]}]},{"@type":"ImageObject","inLanguage":"en-US","@id":"https:\/\/bigmount.eu\/produkt\/bigmount-kompletthalterung-87mm-c-kugel-15-mit-amps-lochbild-30x38mm-trapez-basisplatte-49mm-lochabstand\/#primaryimage","url":"https:\/\/bigmount.eu\/wp-content\/uploads\/BIG.C.87.362.png","contentUrl":"https:\/\/bigmount.eu\/wp-content\/uploads\/BIG.C.87.362.png","width":2000,"height":2000},{"@type":"BreadcrumbList","@id":"https:\/\/bigmount.eu\/produkt\/bigmount-kompletthalterung-87mm-c-kugel-15-mit-amps-lochbild-30x38mm-trapez-basisplatte-49mm-lochabstand\/#breadcrumb","itemListElement":[{"@type":"ListItem","position":1,"name":"Startseite","item":"https:\/\/bigmount.eu\/"},{"@type":"ListItem","position":2,"name":"Shop","item":"https:\/\/bigmount.eu\/shop\/"},{"@type":"ListItem","position":3,"name":"Lager &amp; Logistik","item":"https:\/\/bigmount.eu\/produkt-kategorie\/lager-logistik\/"},{"@type":"ListItem","position":4,"name":"C-Kugel","item":"https:\/\/bigmount.eu\/produkt-kategorie\/lager-logistik\/c-kugel\/"},{"@type":"ListItem","position":5,"name":"BIGmount Kompletthalterung 87mm C-Kugel (1,5&#8243;) mit AMPS Lochbild (30x38mm) &#038; Trapez-Basisplatte (49mm Lochabstand)"}]},{"@type":"WebSite","@id":"https:\/\/bigmount.eu\/#website","url":"https:\/\/bigmount.eu\/","name":"BIGmount","description":"Ein System. Alle Ger\u00e4te. Jede Situation","publisher":{"@id":"https:\/\/bigmount.eu\/#organization"},"potentialAction":[{"@type":"SearchAction","target":{"@type":"EntryPoint","urlTemplate":"https:\/\/bigmount.eu\/?s={search_term_string}"},"query-input":{"@type":"PropertyValueSpecification","valueRequired":true,"valueName":"search_term_string"}}],"inLanguage":"en-US"},{"@type":"Organization","@id":"https:\/\/bigmount.eu\/#organization","name":"ARAT Spezial\u00adhalterungen GmbH","url":"https:\/\/bigmount.eu\/","logo":{"@type":"ImageObject","inLanguage":"en-US","@id":"https:\/\/bigmount.eu\/#\/schema\/logo\/image\/","url":"https:\/\/bigmount.eu\/wp-content\/uploads\/2Logo4_BIGmount_2024-01-scaled.jpg","contentUrl":"https:\/\/bigmount.eu\/wp-content\/uploads\/2Logo4_BIGmount_2024-01-scaled.jpg","width":2560,"height":633,"caption":"ARAT Spezial\u00adhalterungen GmbH"},"image":{"@id":"https:\/\/bigmount.eu\/#\/schema\/logo\/image\/"}}]}},"_links":{"self":[{"href":"https:\/\/bigmount.eu\/en\/wp-json\/wp\/v2\/product\/16439","targetHints":{"allow":["GET"]}}],"collection":[{"href":"https:\/\/bigmount.eu\/en\/wp-json\/wp\/v2\/product"}],"about":[{"href":"https:\/\/bigmount.eu\/en\/wp-json\/wp\/v2\/types\/product"}],"wp:featuredmedia":[{"embeddable":true,"href":"https:\/\/bigmount.eu\/en\/wp-json\/wp\/v2\/media\/16284"}],"wp:attachment":[{"href":"https:\/\/bigmount.eu\/en\/wp-json\/wp\/v2\/media?parent=16439"}],"wp:term":[{"taxonomy":"product_brand","embeddable":true,"href":"https:\/\/bigmount.eu\/en\/wp-json\/wp\/v2\/product_brand?post=16439"},{"taxonomy":"product_cat","embeddable":true,"href":"https:\/\/bigmount.eu\/en\/wp-json\/wp\/v2\/product_cat?post=16439"},{"taxonomy":"product_tag","embeddable":true,"href":"https:\/\/bigmount.eu\/en\/wp-json\/wp\/v2\/product_tag?post=16439"}],"curies":[{"name":"wp","href":"https:\/\/api.w.org\/{rel}","templated":true}]}}