{"id":16425,"date":"2026-03-30T11:20:27","date_gmt":"2026-03-30T09:20:27","guid":{"rendered":"https:\/\/bigmount.eu\/produkt\/bigmount-kompletthalterung-87mm-c-kugel-15-mit-2x-rechteckiger-amps-basisplatte-fuer-tablets-displays\/"},"modified":"2026-03-30T11:34:02","modified_gmt":"2026-03-30T09:34:02","slug":"bigmount-kompletthalterung-87mm-c-kugel-15-mit-2x-rechteckiger-amps-basisplatte-fuer-tablets-displays","status":"publish","type":"product","link":"https:\/\/bigmount.eu\/en\/product\/bigmount-kompletthalterung-87mm-c-kugel-15-mit-2x-rechteckiger-amps-basisplatte-fuer-tablets-displays\/","title":{"rendered":"BIGmount Kompletthalterung 87mm C-Kugel (1,5&#8243;) mit 2x Rechteckiger AMPS Basisplatte \u2013 f\u00fcr Tablets &#038; Displays"},"content":{"rendered":"<p>Das BIGmount Komplett-Set vereint einen 87mm Verbindungsarm mit zwei rechteckigen Basisplatten im AMPS-Lochbild (30x38mm). Das C-Kugel-System (1,5&#8243;) tr\u00e4gt Ger\u00e4te bis ca. 3 kg sicher und vibrationsd\u00e4mpfend.<\/p>\n<p>Die beiden AMPS-Platten erm\u00f6glichen die direkte Montage von Tablets, Barcode-Scanner\/ Strichcode-Scannern und kompakten Displays mit Standard-AMPS-Aufnahme. Ideal f\u00fcr Gabelstapler, Nutzfahrzeuge, Kommissionierwagen und Industriearbeitspl\u00e4tze.<\/p>\n<h3>Gleichzeitig gilt:<\/h3>\n<ul>\n<li>Komplett-Set mit 87mm Verbinder und zwei rechteckigen AMPS-Basisplatten<\/li>\n<li>C-Kugel (1,5&#8243;) f\u00fcr Ger\u00e4te bis ca. 3 kg<\/li>\n<li>AMPS Lochbild 30x38mm \u2013 kompatibel mit Tablets, Scannern &#038; kompakten Displays<\/li>\n<li>Stufenlos verstellbar durch Kugelgelenk-Technik<\/li>\n<li>Hochwertige Materialien: Aluminium &#038; glasfaserverst\u00e4rkter Kunststoff<\/li>\n<li>Geeignet f\u00fcr Gabelstapler, Nutzfahrzeuge, Industrie &#038; Lager<\/li>\n<\/ul>\n<h3>Lieferumfang<\/h3>\n<ul>\n<li>1x Verbindungsarm 87mm f\u00fcr C-Kugeln (1,5&#8243;)<\/li>\n<li>2x Rechteckige Basisplatte mit C-Kugel (1,5&#8243;) und AMPS Lochbild 30x38mm<\/li>\n<\/ul>\n<p><strong>100% Made in Germany<\/strong> \u2013 Entwickelt und gefertigt in Ostwestfalen.<\/p>","protected":false},"excerpt":{"rendered":"<p>Komplett-Set: Verbindungsarm 87mm mit zwei rechteckigen Basisplatten AMPS Lochbild (30x38mm) C-Kugel (1,5&#8243;) \u2013 sofort einsatzbereit<\/p>","protected":false},"featured_media":16256,"template":"","meta":[],"product_brand":[],"product_cat":[857],"product_tag":[1044,929,1073,932,923,1049,926,924,1043,1062,1075,945,940,925,1066,1060,927,942,964,928,931,965,943,1074,947,948,946,1064,944,1061,930,972],"class_list":{"0":"post-16425","1":"product","2":"type-product","3":"status-publish","4":"has-post-thumbnail","6":"product_cat-c-kugel","7":"product_tag-5-zoll","8":"product_tag-aluminium","9":"product_tag-amps-30x38","10":"product_tag-amps-lochbild","11":"product_tag-arat","12":"product_tag-barcode-scanner-halterung","13":"product_tag-befestigung","14":"product_tag-bigmount","15":"product_tag-c-kugel-1","16":"product_tag-c-kugel-1-5-zoll","17":"product_tag-display-halterung-fahrzeug","18":"product_tag-flurfoerderzeug","19":"product_tag-gabelstapler-display","20":"product_tag-halterung","21":"product_tag-komplett-set","22":"product_tag-kompletthalterung","23":"product_tag-kugelgelenk","24":"product_tag-lager-logistik","25":"product_tag-lkw-tablet","26":"product_tag-made-in-germany","27":"product_tag-modulares-haltesystem","28":"product_tag-nutzfahrzeug","29":"product_tag-ram-mount-alternative","30":"product_tag-scanner-halterung-amps","31":"product_tag-strichcode","32":"product_tag-strichcode-scanner","33":"product_tag-strichcodescanner","34":"product_tag-tablet-halterung-industrie","35":"product_tag-universalhalterung","36":"product_tag-verbindungsarm-87mm","37":"product_tag-vibrationsdaempfend","38":"product_tag-werkstatt","40":"first","41":"instock","42":"taxable","43":"shipping-taxable","44":"purchasable","45":"product-type-simple"},"yoast_head":"<!-- This site is optimized with the Yoast SEO plugin v27.6 - https:\/\/yoast.com\/product\/yoast-seo-wordpress\/ -->\n<title>BIGmount Kompletthalterung 87mm C-Kugel (1,5&quot;) mit 2x Rechteckiger AMPS Basisplatte \u2013 f\u00fcr Tablets &amp; Displays - BIGmount<\/title>\n<meta name=\"description\" content=\"Komplett-Set: Verbindungsarm 87mm mit zwei rechteckigen Basisplatten AMPS Lochbild (30x38mm) C-Kugel (1,5&quot;) \u2013 sofort einsatzbereit\" \/>\n<meta name=\"robots\" content=\"index, follow, max-snippet:-1, max-image-preview:large, max-video-preview:-1\" \/>\n<link rel=\"canonical\" href=\"https:\/\/bigmount.eu\/en\/product\/bigmount-kompletthalterung-87mm-c-kugel-15-mit-2x-rechteckiger-amps-basisplatte-fuer-tablets-displays\/\" \/>\n<meta property=\"og:locale\" content=\"en_US\" \/>\n<meta property=\"og:type\" content=\"article\" \/>\n<meta property=\"og:title\" content=\"BIGmount Kompletthalterung 87mm C-Kugel (1,5&quot;) mit 2x Rechteckiger AMPS Basisplatte \u2013 f\u00fcr Tablets &amp; Displays - BIGmount\" \/>\n<meta property=\"og:description\" content=\"Komplett-Set: Verbindungsarm 87mm mit zwei rechteckigen Basisplatten AMPS Lochbild (30x38mm) C-Kugel (1,5&quot;) \u2013 sofort einsatzbereit\" \/>\n<meta property=\"og:url\" content=\"https:\/\/bigmount.eu\/en\/product\/bigmount-kompletthalterung-87mm-c-kugel-15-mit-2x-rechteckiger-amps-basisplatte-fuer-tablets-displays\/\" \/>\n<meta property=\"og:site_name\" content=\"BIGmount\" \/>\n<meta property=\"article:modified_time\" content=\"2026-03-30T09:34:02+00:00\" \/>\n<meta property=\"og:image\" content=\"https:\/\/bigmount.eu\/wp-content\/uploads\/BIG.C.87.1.png\" \/>\n\t<meta property=\"og:image:width\" content=\"2000\" \/>\n\t<meta property=\"og:image:height\" content=\"2000\" \/>\n\t<meta property=\"og:image:type\" content=\"image\/png\" \/>\n<meta name=\"twitter:card\" content=\"summary_large_image\" \/>\n<script type=\"application\/ld+json\" class=\"yoast-schema-graph\">{\"@context\":\"https:\\\/\\\/schema.org\",\"@graph\":[{\"@type\":\"WebPage\",\"@id\":\"https:\\\/\\\/bigmount.eu\\\/produkt\\\/bigmount-kompletthalterung-87mm-c-kugel-15-mit-2x-rechteckiger-amps-basisplatte-fuer-tablets-displays\\\/\",\"url\":\"https:\\\/\\\/bigmount.eu\\\/produkt\\\/bigmount-kompletthalterung-87mm-c-kugel-15-mit-2x-rechteckiger-amps-basisplatte-fuer-tablets-displays\\\/\",\"name\":\"BIGmount Kompletthalterung 87mm C-Kugel (1,5\\\") mit 2x Rechteckiger AMPS Basisplatte \u2013 f\u00fcr Tablets & Displays - BIGmount\",\"isPartOf\":{\"@id\":\"https:\\\/\\\/bigmount.eu\\\/#website\"},\"primaryImageOfPage\":{\"@id\":\"https:\\\/\\\/bigmount.eu\\\/produkt\\\/bigmount-kompletthalterung-87mm-c-kugel-15-mit-2x-rechteckiger-amps-basisplatte-fuer-tablets-displays\\\/#primaryimage\"},\"image\":{\"@id\":\"https:\\\/\\\/bigmount.eu\\\/produkt\\\/bigmount-kompletthalterung-87mm-c-kugel-15-mit-2x-rechteckiger-amps-basisplatte-fuer-tablets-displays\\\/#primaryimage\"},\"thumbnailUrl\":\"https:\\\/\\\/bigmount.eu\\\/wp-content\\\/uploads\\\/BIG.C.87.1.png\",\"datePublished\":\"2026-03-30T09:20:27+00:00\",\"dateModified\":\"2026-03-30T09:34:02+00:00\",\"description\":\"Komplett-Set: Verbindungsarm 87mm mit zwei rechteckigen Basisplatten AMPS Lochbild (30x38mm) C-Kugel (1,5\\\") \u2013 sofort einsatzbereit\",\"breadcrumb\":{\"@id\":\"https:\\\/\\\/bigmount.eu\\\/produkt\\\/bigmount-kompletthalterung-87mm-c-kugel-15-mit-2x-rechteckiger-amps-basisplatte-fuer-tablets-displays\\\/#breadcrumb\"},\"inLanguage\":\"en-US\",\"potentialAction\":[{\"@type\":\"ReadAction\",\"target\":[\"https:\\\/\\\/bigmount.eu\\\/produkt\\\/bigmount-kompletthalterung-87mm-c-kugel-15-mit-2x-rechteckiger-amps-basisplatte-fuer-tablets-displays\\\/\"]}]},{\"@type\":\"ImageObject\",\"inLanguage\":\"en-US\",\"@id\":\"https:\\\/\\\/bigmount.eu\\\/produkt\\\/bigmount-kompletthalterung-87mm-c-kugel-15-mit-2x-rechteckiger-amps-basisplatte-fuer-tablets-displays\\\/#primaryimage\",\"url\":\"https:\\\/\\\/bigmount.eu\\\/wp-content\\\/uploads\\\/BIG.C.87.1.png\",\"contentUrl\":\"https:\\\/\\\/bigmount.eu\\\/wp-content\\\/uploads\\\/BIG.C.87.1.png\",\"width\":2000,\"height\":2000},{\"@type\":\"BreadcrumbList\",\"@id\":\"https:\\\/\\\/bigmount.eu\\\/produkt\\\/bigmount-kompletthalterung-87mm-c-kugel-15-mit-2x-rechteckiger-amps-basisplatte-fuer-tablets-displays\\\/#breadcrumb\",\"itemListElement\":[{\"@type\":\"ListItem\",\"position\":1,\"name\":\"Startseite\",\"item\":\"https:\\\/\\\/bigmount.eu\\\/\"},{\"@type\":\"ListItem\",\"position\":2,\"name\":\"Shop\",\"item\":\"https:\\\/\\\/bigmount.eu\\\/shop\\\/\"},{\"@type\":\"ListItem\",\"position\":3,\"name\":\"Lager &amp; Logistik\",\"item\":\"https:\\\/\\\/bigmount.eu\\\/produkt-kategorie\\\/lager-logistik\\\/\"},{\"@type\":\"ListItem\",\"position\":4,\"name\":\"C-Kugel\",\"item\":\"https:\\\/\\\/bigmount.eu\\\/produkt-kategorie\\\/lager-logistik\\\/c-kugel\\\/\"},{\"@type\":\"ListItem\",\"position\":5,\"name\":\"BIGmount Kompletthalterung 87mm C-Kugel (1,5&#8243;) mit 2x Rechteckiger AMPS Basisplatte \u2013 f\u00fcr Tablets &#038; Displays\"}]},{\"@type\":\"WebSite\",\"@id\":\"https:\\\/\\\/bigmount.eu\\\/#website\",\"url\":\"https:\\\/\\\/bigmount.eu\\\/\",\"name\":\"BIGmount\",\"description\":\"Ein System. Alle Ger\u00e4te. Jede Situation\",\"publisher\":{\"@id\":\"https:\\\/\\\/bigmount.eu\\\/#organization\"},\"potentialAction\":[{\"@type\":\"SearchAction\",\"target\":{\"@type\":\"EntryPoint\",\"urlTemplate\":\"https:\\\/\\\/bigmount.eu\\\/?s={search_term_string}\"},\"query-input\":{\"@type\":\"PropertyValueSpecification\",\"valueRequired\":true,\"valueName\":\"search_term_string\"}}],\"inLanguage\":\"en-US\"},{\"@type\":\"Organization\",\"@id\":\"https:\\\/\\\/bigmount.eu\\\/#organization\",\"name\":\"ARAT Spezial\u00adhalterungen GmbH\",\"url\":\"https:\\\/\\\/bigmount.eu\\\/\",\"logo\":{\"@type\":\"ImageObject\",\"inLanguage\":\"en-US\",\"@id\":\"https:\\\/\\\/bigmount.eu\\\/#\\\/schema\\\/logo\\\/image\\\/\",\"url\":\"https:\\\/\\\/bigmount.eu\\\/wp-content\\\/uploads\\\/2Logo4_BIGmount_2024-01-scaled.jpg\",\"contentUrl\":\"https:\\\/\\\/bigmount.eu\\\/wp-content\\\/uploads\\\/2Logo4_BIGmount_2024-01-scaled.jpg\",\"width\":2560,\"height\":633,\"caption\":\"ARAT Spezial\u00adhalterungen GmbH\"},\"image\":{\"@id\":\"https:\\\/\\\/bigmount.eu\\\/#\\\/schema\\\/logo\\\/image\\\/\"}}]}<\/script>\n<!-- \/ Yoast SEO plugin. -->","yoast_head_json":{"title":"BIGmount Kompletthalterung 87mm C-Kugel (1,5\") mit 2x Rechteckiger AMPS Basisplatte \u2013 f\u00fcr Tablets & Displays - BIGmount","description":"Komplett-Set: Verbindungsarm 87mm mit zwei rechteckigen Basisplatten AMPS Lochbild (30x38mm) C-Kugel (1,5\") \u2013 sofort einsatzbereit","robots":{"index":"index","follow":"follow","max-snippet":"max-snippet:-1","max-image-preview":"max-image-preview:large","max-video-preview":"max-video-preview:-1"},"canonical":"https:\/\/bigmount.eu\/en\/product\/bigmount-kompletthalterung-87mm-c-kugel-15-mit-2x-rechteckiger-amps-basisplatte-fuer-tablets-displays\/","og_locale":"en_US","og_type":"article","og_title":"BIGmount Kompletthalterung 87mm C-Kugel (1,5\") mit 2x Rechteckiger AMPS Basisplatte \u2013 f\u00fcr Tablets & Displays - BIGmount","og_description":"Komplett-Set: Verbindungsarm 87mm mit zwei rechteckigen Basisplatten AMPS Lochbild (30x38mm) C-Kugel (1,5\") \u2013 sofort einsatzbereit","og_url":"https:\/\/bigmount.eu\/en\/product\/bigmount-kompletthalterung-87mm-c-kugel-15-mit-2x-rechteckiger-amps-basisplatte-fuer-tablets-displays\/","og_site_name":"BIGmount","article_modified_time":"2026-03-30T09:34:02+00:00","og_image":[{"width":2000,"height":2000,"url":"https:\/\/bigmount.eu\/wp-content\/uploads\/BIG.C.87.1.png","type":"image\/png"}],"twitter_card":"summary_large_image","schema":{"@context":"https:\/\/schema.org","@graph":[{"@type":"WebPage","@id":"https:\/\/bigmount.eu\/produkt\/bigmount-kompletthalterung-87mm-c-kugel-15-mit-2x-rechteckiger-amps-basisplatte-fuer-tablets-displays\/","url":"https:\/\/bigmount.eu\/produkt\/bigmount-kompletthalterung-87mm-c-kugel-15-mit-2x-rechteckiger-amps-basisplatte-fuer-tablets-displays\/","name":"BIGmount Kompletthalterung 87mm C-Kugel (1,5\") mit 2x Rechteckiger AMPS Basisplatte \u2013 f\u00fcr Tablets & Displays - BIGmount","isPartOf":{"@id":"https:\/\/bigmount.eu\/#website"},"primaryImageOfPage":{"@id":"https:\/\/bigmount.eu\/produkt\/bigmount-kompletthalterung-87mm-c-kugel-15-mit-2x-rechteckiger-amps-basisplatte-fuer-tablets-displays\/#primaryimage"},"image":{"@id":"https:\/\/bigmount.eu\/produkt\/bigmount-kompletthalterung-87mm-c-kugel-15-mit-2x-rechteckiger-amps-basisplatte-fuer-tablets-displays\/#primaryimage"},"thumbnailUrl":"https:\/\/bigmount.eu\/wp-content\/uploads\/BIG.C.87.1.png","datePublished":"2026-03-30T09:20:27+00:00","dateModified":"2026-03-30T09:34:02+00:00","description":"Komplett-Set: Verbindungsarm 87mm mit zwei rechteckigen Basisplatten AMPS Lochbild (30x38mm) C-Kugel (1,5\") \u2013 sofort einsatzbereit","breadcrumb":{"@id":"https:\/\/bigmount.eu\/produkt\/bigmount-kompletthalterung-87mm-c-kugel-15-mit-2x-rechteckiger-amps-basisplatte-fuer-tablets-displays\/#breadcrumb"},"inLanguage":"en-US","potentialAction":[{"@type":"ReadAction","target":["https:\/\/bigmount.eu\/produkt\/bigmount-kompletthalterung-87mm-c-kugel-15-mit-2x-rechteckiger-amps-basisplatte-fuer-tablets-displays\/"]}]},{"@type":"ImageObject","inLanguage":"en-US","@id":"https:\/\/bigmount.eu\/produkt\/bigmount-kompletthalterung-87mm-c-kugel-15-mit-2x-rechteckiger-amps-basisplatte-fuer-tablets-displays\/#primaryimage","url":"https:\/\/bigmount.eu\/wp-content\/uploads\/BIG.C.87.1.png","contentUrl":"https:\/\/bigmount.eu\/wp-content\/uploads\/BIG.C.87.1.png","width":2000,"height":2000},{"@type":"BreadcrumbList","@id":"https:\/\/bigmount.eu\/produkt\/bigmount-kompletthalterung-87mm-c-kugel-15-mit-2x-rechteckiger-amps-basisplatte-fuer-tablets-displays\/#breadcrumb","itemListElement":[{"@type":"ListItem","position":1,"name":"Startseite","item":"https:\/\/bigmount.eu\/"},{"@type":"ListItem","position":2,"name":"Shop","item":"https:\/\/bigmount.eu\/shop\/"},{"@type":"ListItem","position":3,"name":"Lager &amp; Logistik","item":"https:\/\/bigmount.eu\/produkt-kategorie\/lager-logistik\/"},{"@type":"ListItem","position":4,"name":"C-Kugel","item":"https:\/\/bigmount.eu\/produkt-kategorie\/lager-logistik\/c-kugel\/"},{"@type":"ListItem","position":5,"name":"BIGmount Kompletthalterung 87mm C-Kugel (1,5&#8243;) mit 2x Rechteckiger AMPS Basisplatte \u2013 f\u00fcr Tablets &#038; Displays"}]},{"@type":"WebSite","@id":"https:\/\/bigmount.eu\/#website","url":"https:\/\/bigmount.eu\/","name":"BIGmount","description":"Ein System. Alle Ger\u00e4te. Jede Situation","publisher":{"@id":"https:\/\/bigmount.eu\/#organization"},"potentialAction":[{"@type":"SearchAction","target":{"@type":"EntryPoint","urlTemplate":"https:\/\/bigmount.eu\/?s={search_term_string}"},"query-input":{"@type":"PropertyValueSpecification","valueRequired":true,"valueName":"search_term_string"}}],"inLanguage":"en-US"},{"@type":"Organization","@id":"https:\/\/bigmount.eu\/#organization","name":"ARAT Spezial\u00adhalterungen GmbH","url":"https:\/\/bigmount.eu\/","logo":{"@type":"ImageObject","inLanguage":"en-US","@id":"https:\/\/bigmount.eu\/#\/schema\/logo\/image\/","url":"https:\/\/bigmount.eu\/wp-content\/uploads\/2Logo4_BIGmount_2024-01-scaled.jpg","contentUrl":"https:\/\/bigmount.eu\/wp-content\/uploads\/2Logo4_BIGmount_2024-01-scaled.jpg","width":2560,"height":633,"caption":"ARAT Spezial\u00adhalterungen GmbH"},"image":{"@id":"https:\/\/bigmount.eu\/#\/schema\/logo\/image\/"}}]}},"_links":{"self":[{"href":"https:\/\/bigmount.eu\/en\/wp-json\/wp\/v2\/product\/16425","targetHints":{"allow":["GET"]}}],"collection":[{"href":"https:\/\/bigmount.eu\/en\/wp-json\/wp\/v2\/product"}],"about":[{"href":"https:\/\/bigmount.eu\/en\/wp-json\/wp\/v2\/types\/product"}],"wp:featuredmedia":[{"embeddable":true,"href":"https:\/\/bigmount.eu\/en\/wp-json\/wp\/v2\/media\/16256"}],"wp:attachment":[{"href":"https:\/\/bigmount.eu\/en\/wp-json\/wp\/v2\/media?parent=16425"}],"wp:term":[{"taxonomy":"product_brand","embeddable":true,"href":"https:\/\/bigmount.eu\/en\/wp-json\/wp\/v2\/product_brand?post=16425"},{"taxonomy":"product_cat","embeddable":true,"href":"https:\/\/bigmount.eu\/en\/wp-json\/wp\/v2\/product_cat?post=16425"},{"taxonomy":"product_tag","embeddable":true,"href":"https:\/\/bigmount.eu\/en\/wp-json\/wp\/v2\/product_tag?post=16425"}],"curies":[{"name":"wp","href":"https:\/\/api.w.org\/{rel}","templated":true}]}}