{"id":16421,"date":"2026-03-30T11:20:25","date_gmt":"2026-03-30T09:20:25","guid":{"rendered":"https:\/\/bigmount.eu\/produkt\/bigmount-kompletthalterung-150mm-c-kugel-15-mit-runder-amps-basisplatte-vesa75-fuer-tablets-displays\/"},"modified":"2026-03-30T11:34:03","modified_gmt":"2026-03-30T09:34:03","slug":"bigmount-kompletthalterung-150mm-c-kugel-15-mit-runder-amps-basisplatte-vesa75-fuer-tablets-displays","status":"publish","type":"product","link":"https:\/\/bigmount.eu\/en\/product\/bigmount-kompletthalterung-150mm-c-kugel-15-mit-runder-amps-basisplatte-vesa75-fuer-tablets-displays\/","title":{"rendered":"BIGmount Kompletthalterung 150mm C-Kugel (1,5&#8243;) mit Runder AMPS Basisplatte &#038; VESA75 \u2013 f\u00fcr Tablets &#038; Displays"},"content":{"rendered":"<p>Das BIGmount Komplett-Set BIG.C.150.65 kombiniert einen 115mm Verbindungsarm mit zwei verschiedenen Basisplatten. Einmal eine runde Basisplatte mit AMPS-Lochbild (30x38mm) und eine VESA-75 Montageplatte (75x75mm).<\/p>\n<p>Das C-Kugel-System (1,5&#8243;) tr\u00e4gt Ger\u00e4te bis ca. 3 kg sicher und vibrationsd\u00e4mpfend. Die Kombination aus AMPS und VESA75 bietet maximale Ger\u00e4tekompatibilit\u00e4t.<\/p>\n<p>Von kompakten Tablets und Barcode-Scanner\/ Strichcode-Scannern bis zu Monitoren und Industrie-Displays (VESA75). Der 150mm Arm erm\u00f6glicht stufenlose Ausrichtung auch bei beengten Einbauverh\u00e4ltnissen in Gabelstaplern, Nutzfahrzeugen und an Industriearbeitspl\u00e4tzen.<\/p>\n<h3>Au\u00dferdem \u00fcberzeugt das Produkt:<\/h3>\n<ul>\n<li>Komplett-Set mit Verbinder, Runder AMPS-Basisplatte und VESA-75 Platte<\/li>\n<li>C-Kugel (1,5&#8243;) f\u00fcr Ger\u00e4te bis ca. 3 kg<\/li>\n<li>Doppelte Kompatibilit\u00e4t: AMPS 30x38mm + VESA 75x75mm Lochbild<\/li>\n<li>Stufenlos verstellbar durch Kugelgelenk-Technik<\/li>\n<li>Hochwertige Materialien: Aluminium &#038; glasfaserverst\u00e4rkter Kunststoff<\/li>\n<li>Kompakter 150mm Arm \u2013 ideal f\u00fcr enge Einbausituationen<\/li>\n<li>Geeignet f\u00fcr Gabelstapler, Nutzfahrzeuge, Industrie &#038; Lager<\/li>\n<\/ul>\n<h3>Lieferumfang<\/h3>\n<ul>\n<li>1x Verbinder 150mm f\u00fcr C-Kugel (1,5&#8243;)<\/li>\n<li>1x Runde Basisplatte mit C-Kugel (1,5&#8243;) und AMPS Lochbild 30x38mm<\/li>\n<li>1x Basisplatte VESA75 mit C-Kugel (1,5&#8243;)<\/li>\n<\/ul>\n<p><strong>100% Made in Germany<\/strong> \u2013 Entwickelt und gefertigt in Ostwestfalen.<\/p>","protected":false},"excerpt":{"rendered":"<p>Komplett-Set: Verbindungsarm 150mm mit runder Basisplatte AMPS Lochbild (30x38mm) und VESA-75 Montageplatte C-Kugel (1,5&#8243;) \u2013 sofort einsatzbereit<\/p>","protected":false},"featured_media":16248,"template":"","meta":[],"product_brand":[],"product_cat":[857],"product_tag":[1044,929,932,923,926,924,1043,1062,1028,945,940,925,1066,1060,927,942,964,928,931,1063,1072,943,938,947,948,946,1064,944,1069,1024,1025,930,1067],"class_list":{"0":"post-16421","1":"product","2":"type-product","3":"status-publish","4":"has-post-thumbnail","6":"product_cat-c-kugel","7":"product_tag-5-zoll","8":"product_tag-aluminium","9":"product_tag-amps-lochbild","10":"product_tag-arat","11":"product_tag-befestigung","12":"product_tag-bigmount","13":"product_tag-c-kugel-1","14":"product_tag-c-kugel-1-5-zoll","15":"product_tag-display-halterung-vesa","16":"product_tag-flurfoerderzeug","17":"product_tag-gabelstapler-display","18":"product_tag-halterung","19":"product_tag-komplett-set","20":"product_tag-kompletthalterung","21":"product_tag-kugelgelenk","22":"product_tag-lager-logistik","23":"product_tag-lkw-tablet","24":"product_tag-made-in-germany","25":"product_tag-modulares-haltesystem","26":"product_tag-monitorhalterung-fahrzeug","27":"product_tag-nutzfahrzeug-monitor","28":"product_tag-ram-mount-alternative","29":"product_tag-scanner-halterung","30":"product_tag-strichcode","31":"product_tag-strichcode-scanner","32":"product_tag-strichcodescanner","33":"product_tag-tablet-halterung-industrie","34":"product_tag-universalhalterung","35":"product_tag-verbindungsarm-150mm","36":"product_tag-vesa-75","37":"product_tag-vesa75","38":"product_tag-vibrationsdaempfend","39":"product_tag-werkstatt-display","41":"first","42":"instock","43":"taxable","44":"shipping-taxable","45":"purchasable","46":"product-type-simple"},"yoast_head":"<!-- This site is optimized with the Yoast SEO plugin v27.6 - https:\/\/yoast.com\/product\/yoast-seo-wordpress\/ -->\n<title>BIGmount Kompletthalterung 150mm C-Kugel (1,5&quot;) mit Runder AMPS Basisplatte &amp; VESA75 \u2013 f\u00fcr Tablets &amp; Displays - BIGmount<\/title>\n<meta name=\"description\" content=\"Komplett-Set: Verbindungsarm 150mm mit runder Basisplatte AMPS Lochbild (30x38mm) und VESA-75 Montageplatte C-Kugel (1,5&quot;) \u2013 sofort einsatzbereit\" \/>\n<meta name=\"robots\" content=\"index, follow, max-snippet:-1, max-image-preview:large, max-video-preview:-1\" \/>\n<link rel=\"canonical\" href=\"https:\/\/bigmount.eu\/en\/product\/bigmount-kompletthalterung-150mm-c-kugel-15-mit-runder-amps-basisplatte-vesa75-fuer-tablets-displays\/\" \/>\n<meta property=\"og:locale\" content=\"en_US\" \/>\n<meta property=\"og:type\" content=\"article\" \/>\n<meta property=\"og:title\" content=\"BIGmount Kompletthalterung 150mm C-Kugel (1,5&quot;) mit Runder AMPS Basisplatte &amp; VESA75 \u2013 f\u00fcr Tablets &amp; Displays - BIGmount\" \/>\n<meta property=\"og:description\" content=\"Komplett-Set: Verbindungsarm 150mm mit runder Basisplatte AMPS Lochbild (30x38mm) und VESA-75 Montageplatte C-Kugel (1,5&quot;) \u2013 sofort einsatzbereit\" \/>\n<meta property=\"og:url\" content=\"https:\/\/bigmount.eu\/en\/product\/bigmount-kompletthalterung-150mm-c-kugel-15-mit-runder-amps-basisplatte-vesa75-fuer-tablets-displays\/\" \/>\n<meta property=\"og:site_name\" content=\"BIGmount\" \/>\n<meta property=\"article:modified_time\" content=\"2026-03-30T09:34:03+00:00\" \/>\n<meta property=\"og:image\" content=\"https:\/\/bigmount.eu\/wp-content\/uploads\/BIG.C.150.65.png\" \/>\n\t<meta property=\"og:image:width\" content=\"2000\" \/>\n\t<meta property=\"og:image:height\" content=\"2000\" \/>\n\t<meta property=\"og:image:type\" content=\"image\/png\" \/>\n<meta name=\"twitter:card\" content=\"summary_large_image\" \/>\n<script type=\"application\/ld+json\" class=\"yoast-schema-graph\">{\"@context\":\"https:\\\/\\\/schema.org\",\"@graph\":[{\"@type\":\"WebPage\",\"@id\":\"https:\\\/\\\/bigmount.eu\\\/produkt\\\/bigmount-kompletthalterung-150mm-c-kugel-15-mit-runder-amps-basisplatte-vesa75-fuer-tablets-displays\\\/\",\"url\":\"https:\\\/\\\/bigmount.eu\\\/produkt\\\/bigmount-kompletthalterung-150mm-c-kugel-15-mit-runder-amps-basisplatte-vesa75-fuer-tablets-displays\\\/\",\"name\":\"BIGmount Kompletthalterung 150mm C-Kugel (1,5\\\") mit Runder AMPS Basisplatte & VESA75 \u2013 f\u00fcr Tablets & Displays - BIGmount\",\"isPartOf\":{\"@id\":\"https:\\\/\\\/bigmount.eu\\\/#website\"},\"primaryImageOfPage\":{\"@id\":\"https:\\\/\\\/bigmount.eu\\\/produkt\\\/bigmount-kompletthalterung-150mm-c-kugel-15-mit-runder-amps-basisplatte-vesa75-fuer-tablets-displays\\\/#primaryimage\"},\"image\":{\"@id\":\"https:\\\/\\\/bigmount.eu\\\/produkt\\\/bigmount-kompletthalterung-150mm-c-kugel-15-mit-runder-amps-basisplatte-vesa75-fuer-tablets-displays\\\/#primaryimage\"},\"thumbnailUrl\":\"https:\\\/\\\/bigmount.eu\\\/wp-content\\\/uploads\\\/BIG.C.150.65.png\",\"datePublished\":\"2026-03-30T09:20:25+00:00\",\"dateModified\":\"2026-03-30T09:34:03+00:00\",\"description\":\"Komplett-Set: Verbindungsarm 150mm mit runder Basisplatte AMPS Lochbild (30x38mm) und VESA-75 Montageplatte C-Kugel (1,5\\\") \u2013 sofort einsatzbereit\",\"breadcrumb\":{\"@id\":\"https:\\\/\\\/bigmount.eu\\\/produkt\\\/bigmount-kompletthalterung-150mm-c-kugel-15-mit-runder-amps-basisplatte-vesa75-fuer-tablets-displays\\\/#breadcrumb\"},\"inLanguage\":\"en-US\",\"potentialAction\":[{\"@type\":\"ReadAction\",\"target\":[\"https:\\\/\\\/bigmount.eu\\\/produkt\\\/bigmount-kompletthalterung-150mm-c-kugel-15-mit-runder-amps-basisplatte-vesa75-fuer-tablets-displays\\\/\"]}]},{\"@type\":\"ImageObject\",\"inLanguage\":\"en-US\",\"@id\":\"https:\\\/\\\/bigmount.eu\\\/produkt\\\/bigmount-kompletthalterung-150mm-c-kugel-15-mit-runder-amps-basisplatte-vesa75-fuer-tablets-displays\\\/#primaryimage\",\"url\":\"https:\\\/\\\/bigmount.eu\\\/wp-content\\\/uploads\\\/BIG.C.150.65.png\",\"contentUrl\":\"https:\\\/\\\/bigmount.eu\\\/wp-content\\\/uploads\\\/BIG.C.150.65.png\",\"width\":2000,\"height\":2000},{\"@type\":\"BreadcrumbList\",\"@id\":\"https:\\\/\\\/bigmount.eu\\\/produkt\\\/bigmount-kompletthalterung-150mm-c-kugel-15-mit-runder-amps-basisplatte-vesa75-fuer-tablets-displays\\\/#breadcrumb\",\"itemListElement\":[{\"@type\":\"ListItem\",\"position\":1,\"name\":\"Startseite\",\"item\":\"https:\\\/\\\/bigmount.eu\\\/\"},{\"@type\":\"ListItem\",\"position\":2,\"name\":\"Shop\",\"item\":\"https:\\\/\\\/bigmount.eu\\\/shop\\\/\"},{\"@type\":\"ListItem\",\"position\":3,\"name\":\"Lager &amp; Logistik\",\"item\":\"https:\\\/\\\/bigmount.eu\\\/produkt-kategorie\\\/lager-logistik\\\/\"},{\"@type\":\"ListItem\",\"position\":4,\"name\":\"C-Kugel\",\"item\":\"https:\\\/\\\/bigmount.eu\\\/produkt-kategorie\\\/lager-logistik\\\/c-kugel\\\/\"},{\"@type\":\"ListItem\",\"position\":5,\"name\":\"BIGmount Kompletthalterung 150mm C-Kugel (1,5&#8243;) mit Runder AMPS Basisplatte &#038; VESA75 \u2013 f\u00fcr Tablets &#038; Displays\"}]},{\"@type\":\"WebSite\",\"@id\":\"https:\\\/\\\/bigmount.eu\\\/#website\",\"url\":\"https:\\\/\\\/bigmount.eu\\\/\",\"name\":\"BIGmount\",\"description\":\"Ein System. Alle Ger\u00e4te. Jede Situation\",\"publisher\":{\"@id\":\"https:\\\/\\\/bigmount.eu\\\/#organization\"},\"potentialAction\":[{\"@type\":\"SearchAction\",\"target\":{\"@type\":\"EntryPoint\",\"urlTemplate\":\"https:\\\/\\\/bigmount.eu\\\/?s={search_term_string}\"},\"query-input\":{\"@type\":\"PropertyValueSpecification\",\"valueRequired\":true,\"valueName\":\"search_term_string\"}}],\"inLanguage\":\"en-US\"},{\"@type\":\"Organization\",\"@id\":\"https:\\\/\\\/bigmount.eu\\\/#organization\",\"name\":\"ARAT Spezial\u00adhalterungen GmbH\",\"url\":\"https:\\\/\\\/bigmount.eu\\\/\",\"logo\":{\"@type\":\"ImageObject\",\"inLanguage\":\"en-US\",\"@id\":\"https:\\\/\\\/bigmount.eu\\\/#\\\/schema\\\/logo\\\/image\\\/\",\"url\":\"https:\\\/\\\/bigmount.eu\\\/wp-content\\\/uploads\\\/2Logo4_BIGmount_2024-01-scaled.jpg\",\"contentUrl\":\"https:\\\/\\\/bigmount.eu\\\/wp-content\\\/uploads\\\/2Logo4_BIGmount_2024-01-scaled.jpg\",\"width\":2560,\"height\":633,\"caption\":\"ARAT Spezial\u00adhalterungen GmbH\"},\"image\":{\"@id\":\"https:\\\/\\\/bigmount.eu\\\/#\\\/schema\\\/logo\\\/image\\\/\"}}]}<\/script>\n<!-- \/ Yoast SEO plugin. -->","yoast_head_json":{"title":"BIGmount Kompletthalterung 150mm C-Kugel (1,5\") mit Runder AMPS Basisplatte & VESA75 \u2013 f\u00fcr Tablets & Displays - BIGmount","description":"Komplett-Set: Verbindungsarm 150mm mit runder Basisplatte AMPS Lochbild (30x38mm) und VESA-75 Montageplatte C-Kugel (1,5\") \u2013 sofort einsatzbereit","robots":{"index":"index","follow":"follow","max-snippet":"max-snippet:-1","max-image-preview":"max-image-preview:large","max-video-preview":"max-video-preview:-1"},"canonical":"https:\/\/bigmount.eu\/en\/product\/bigmount-kompletthalterung-150mm-c-kugel-15-mit-runder-amps-basisplatte-vesa75-fuer-tablets-displays\/","og_locale":"en_US","og_type":"article","og_title":"BIGmount Kompletthalterung 150mm C-Kugel (1,5\") mit Runder AMPS Basisplatte & VESA75 \u2013 f\u00fcr Tablets & Displays - BIGmount","og_description":"Komplett-Set: Verbindungsarm 150mm mit runder Basisplatte AMPS Lochbild (30x38mm) und VESA-75 Montageplatte C-Kugel (1,5\") \u2013 sofort einsatzbereit","og_url":"https:\/\/bigmount.eu\/en\/product\/bigmount-kompletthalterung-150mm-c-kugel-15-mit-runder-amps-basisplatte-vesa75-fuer-tablets-displays\/","og_site_name":"BIGmount","article_modified_time":"2026-03-30T09:34:03+00:00","og_image":[{"width":2000,"height":2000,"url":"https:\/\/bigmount.eu\/wp-content\/uploads\/BIG.C.150.65.png","type":"image\/png"}],"twitter_card":"summary_large_image","schema":{"@context":"https:\/\/schema.org","@graph":[{"@type":"WebPage","@id":"https:\/\/bigmount.eu\/produkt\/bigmount-kompletthalterung-150mm-c-kugel-15-mit-runder-amps-basisplatte-vesa75-fuer-tablets-displays\/","url":"https:\/\/bigmount.eu\/produkt\/bigmount-kompletthalterung-150mm-c-kugel-15-mit-runder-amps-basisplatte-vesa75-fuer-tablets-displays\/","name":"BIGmount Kompletthalterung 150mm C-Kugel (1,5\") mit Runder AMPS Basisplatte & VESA75 \u2013 f\u00fcr Tablets & Displays - BIGmount","isPartOf":{"@id":"https:\/\/bigmount.eu\/#website"},"primaryImageOfPage":{"@id":"https:\/\/bigmount.eu\/produkt\/bigmount-kompletthalterung-150mm-c-kugel-15-mit-runder-amps-basisplatte-vesa75-fuer-tablets-displays\/#primaryimage"},"image":{"@id":"https:\/\/bigmount.eu\/produkt\/bigmount-kompletthalterung-150mm-c-kugel-15-mit-runder-amps-basisplatte-vesa75-fuer-tablets-displays\/#primaryimage"},"thumbnailUrl":"https:\/\/bigmount.eu\/wp-content\/uploads\/BIG.C.150.65.png","datePublished":"2026-03-30T09:20:25+00:00","dateModified":"2026-03-30T09:34:03+00:00","description":"Komplett-Set: Verbindungsarm 150mm mit runder Basisplatte AMPS Lochbild (30x38mm) und VESA-75 Montageplatte C-Kugel (1,5\") \u2013 sofort einsatzbereit","breadcrumb":{"@id":"https:\/\/bigmount.eu\/produkt\/bigmount-kompletthalterung-150mm-c-kugel-15-mit-runder-amps-basisplatte-vesa75-fuer-tablets-displays\/#breadcrumb"},"inLanguage":"en-US","potentialAction":[{"@type":"ReadAction","target":["https:\/\/bigmount.eu\/produkt\/bigmount-kompletthalterung-150mm-c-kugel-15-mit-runder-amps-basisplatte-vesa75-fuer-tablets-displays\/"]}]},{"@type":"ImageObject","inLanguage":"en-US","@id":"https:\/\/bigmount.eu\/produkt\/bigmount-kompletthalterung-150mm-c-kugel-15-mit-runder-amps-basisplatte-vesa75-fuer-tablets-displays\/#primaryimage","url":"https:\/\/bigmount.eu\/wp-content\/uploads\/BIG.C.150.65.png","contentUrl":"https:\/\/bigmount.eu\/wp-content\/uploads\/BIG.C.150.65.png","width":2000,"height":2000},{"@type":"BreadcrumbList","@id":"https:\/\/bigmount.eu\/produkt\/bigmount-kompletthalterung-150mm-c-kugel-15-mit-runder-amps-basisplatte-vesa75-fuer-tablets-displays\/#breadcrumb","itemListElement":[{"@type":"ListItem","position":1,"name":"Startseite","item":"https:\/\/bigmount.eu\/"},{"@type":"ListItem","position":2,"name":"Shop","item":"https:\/\/bigmount.eu\/shop\/"},{"@type":"ListItem","position":3,"name":"Lager &amp; Logistik","item":"https:\/\/bigmount.eu\/produkt-kategorie\/lager-logistik\/"},{"@type":"ListItem","position":4,"name":"C-Kugel","item":"https:\/\/bigmount.eu\/produkt-kategorie\/lager-logistik\/c-kugel\/"},{"@type":"ListItem","position":5,"name":"BIGmount Kompletthalterung 150mm C-Kugel (1,5&#8243;) mit Runder AMPS Basisplatte &#038; VESA75 \u2013 f\u00fcr Tablets &#038; Displays"}]},{"@type":"WebSite","@id":"https:\/\/bigmount.eu\/#website","url":"https:\/\/bigmount.eu\/","name":"BIGmount","description":"Ein System. Alle Ger\u00e4te. Jede Situation","publisher":{"@id":"https:\/\/bigmount.eu\/#organization"},"potentialAction":[{"@type":"SearchAction","target":{"@type":"EntryPoint","urlTemplate":"https:\/\/bigmount.eu\/?s={search_term_string}"},"query-input":{"@type":"PropertyValueSpecification","valueRequired":true,"valueName":"search_term_string"}}],"inLanguage":"en-US"},{"@type":"Organization","@id":"https:\/\/bigmount.eu\/#organization","name":"ARAT Spezial\u00adhalterungen GmbH","url":"https:\/\/bigmount.eu\/","logo":{"@type":"ImageObject","inLanguage":"en-US","@id":"https:\/\/bigmount.eu\/#\/schema\/logo\/image\/","url":"https:\/\/bigmount.eu\/wp-content\/uploads\/2Logo4_BIGmount_2024-01-scaled.jpg","contentUrl":"https:\/\/bigmount.eu\/wp-content\/uploads\/2Logo4_BIGmount_2024-01-scaled.jpg","width":2560,"height":633,"caption":"ARAT Spezial\u00adhalterungen GmbH"},"image":{"@id":"https:\/\/bigmount.eu\/#\/schema\/logo\/image\/"}}]}},"_links":{"self":[{"href":"https:\/\/bigmount.eu\/en\/wp-json\/wp\/v2\/product\/16421","targetHints":{"allow":["GET"]}}],"collection":[{"href":"https:\/\/bigmount.eu\/en\/wp-json\/wp\/v2\/product"}],"about":[{"href":"https:\/\/bigmount.eu\/en\/wp-json\/wp\/v2\/types\/product"}],"wp:featuredmedia":[{"embeddable":true,"href":"https:\/\/bigmount.eu\/en\/wp-json\/wp\/v2\/media\/16248"}],"wp:attachment":[{"href":"https:\/\/bigmount.eu\/en\/wp-json\/wp\/v2\/media?parent=16421"}],"wp:term":[{"taxonomy":"product_brand","embeddable":true,"href":"https:\/\/bigmount.eu\/en\/wp-json\/wp\/v2\/product_brand?post=16421"},{"taxonomy":"product_cat","embeddable":true,"href":"https:\/\/bigmount.eu\/en\/wp-json\/wp\/v2\/product_cat?post=16421"},{"taxonomy":"product_tag","embeddable":true,"href":"https:\/\/bigmount.eu\/en\/wp-json\/wp\/v2\/product_tag?post=16421"}],"curies":[{"name":"wp","href":"https:\/\/api.w.org\/{rel}","templated":true}]}}