{"id":16408,"date":"2026-03-30T11:20:15","date_gmt":"2026-03-30T09:20:15","guid":{"rendered":"https:\/\/bigmount.eu\/produkt\/bigmount-universal-scanner-halter-130x86mm-mit-montagebuegel-fuer-zebra-scanner\/"},"modified":"2026-03-30T11:34:07","modified_gmt":"2026-03-30T09:34:07","slug":"bigmount-universal-scanner-halter-130x86mm-mit-montagebuegel-fuer-zebra-scanner","status":"publish","type":"product","link":"https:\/\/bigmount.eu\/en\/product\/bigmount-universal-scanner-halter-130x86mm-mit-montagebuegel-fuer-zebra-scanner\/","title":{"rendered":"BIGmount Universal Scanner-Halter 130x86mm mit Montageb\u00fcgel \u2013 f\u00fcr Zebra Scanner"},"content":{"rendered":"<p>Die Ger\u00e4teaufnahme sch\u00fctzt Ihre Technik zuverl\u00e4ssig und sorgt f\u00fcr ergonomischen Zugriff. So ist Ihr Ger\u00e4t immer dort, wo es gebraucht wird und nie im Weg.<\/p>\n<p>Ideal f\u00fcr Gabelstapler, Nutzfahrzeuge und industrielle Arbeitspl\u00e4tze.<\/p>\n<h3>Dar\u00fcber hinaus bietet das System:<\/h3>\n<ul>\n<li>High quality materials<\/li>\n<li>verschiedene Gr\u00f6\u00dfen<\/li>\n<li>Edge and device protection<\/li>\n<\/ul>\n<h3>Lieferumfang<\/h3>\n<ul>\n<li>1x Universaler Scanner-Halter<\/li>\n<li>1x Montageb\u00fcgel mit Schrauben<\/li>\n<\/ul>\n<h3>Technische Daten<\/h3>\n<ul>\n<li>Passend f\u00fcr:<\/li>\n<li>Zebra DS3578, DS3678, LI3608, LI3678, LI3678-ER<\/li>\n<li>Zebra MC3000, MC3100, MC3190, MC32NO<\/li>\n<li>Zebra MC3200, MC3300, MC3300ax, MC3300x<\/li>\n<li>Zebra MC3400, MC3450<\/li>\n<\/ul>\n<p><strong>100% Made in Germany<\/strong> \u2013 Entwickelt und gefertigt in Ostwestfalen.<\/p>","protected":false},"excerpt":{"rendered":"<p>Universaler Scanner-Halter mit Montageb\u00fcgel | Ma\u00dfe: H:130 x B:86 \/ B1:39 x T:68mm<\/p>","protected":false},"featured_media":16222,"template":"","meta":[],"product_brand":[],"product_cat":[857],"product_tag":[929,932,923,1049,926,924,945,1050,925,1054,1051,927,1052,1053,928,931,1055,1056,1058,1048,947,948,946,930,1057],"class_list":{"0":"post-16408","1":"product","2":"type-product","3":"status-publish","4":"has-post-thumbnail","6":"product_cat-c-kugel","7":"product_tag-aluminium","8":"product_tag-amps-lochbild","9":"product_tag-arat","10":"product_tag-barcode-scanner-halterung","11":"product_tag-befestigung","12":"product_tag-bigmount","13":"product_tag-flurfoerderzeug","14":"product_tag-gabelstapler-scanner","15":"product_tag-halterung","16":"product_tag-handscanner-halterung","17":"product_tag-kommissionierwagen","18":"product_tag-kugelgelenk","19":"product_tag-lager-scanner","20":"product_tag-logistik-scanner","21":"product_tag-made-in-germany","22":"product_tag-modulares-haltesystem","23":"product_tag-montagebuegel","24":"product_tag-pick-by-scan","25":"product_tag-ram-mount-scanner-alternative","26":"product_tag-scanner-halter","27":"product_tag-strichcode","28":"product_tag-strichcode-scanner","29":"product_tag-strichcodescanner","30":"product_tag-vibrationsdaempfend","31":"product_tag-warehouse","33":"first","34":"instock","35":"taxable","36":"shipping-taxable","37":"purchasable","38":"product-type-simple"},"yoast_head":"<!-- This site is optimized with the Yoast SEO plugin v27.6 - https:\/\/yoast.com\/product\/yoast-seo-wordpress\/ -->\n<title>BIGmount Universal Scanner-Halter 130x86mm mit Montageb\u00fcgel \u2013 f\u00fcr Zebra Scanner - BIGmount<\/title>\n<meta name=\"description\" content=\"Universaler Scanner-Halter mit Montageb\u00fcgel | Ma\u00dfe: H:130 x B:86 \/ B1:39 x T:68mm\" \/>\n<meta name=\"robots\" content=\"index, follow, max-snippet:-1, max-image-preview:large, max-video-preview:-1\" \/>\n<link rel=\"canonical\" href=\"https:\/\/bigmount.eu\/en\/product\/bigmount-universal-scanner-halter-130x86mm-mit-montagebuegel-fuer-zebra-scanner\/\" \/>\n<meta property=\"og:locale\" content=\"en_US\" \/>\n<meta property=\"og:type\" content=\"article\" \/>\n<meta property=\"og:title\" content=\"BIGmount Universal Scanner-Halter 130x86mm mit Montageb\u00fcgel \u2013 f\u00fcr Zebra Scanner - BIGmount\" \/>\n<meta property=\"og:description\" content=\"Universaler Scanner-Halter mit Montageb\u00fcgel | Ma\u00dfe: H:130 x B:86 \/ B1:39 x T:68mm\" \/>\n<meta property=\"og:url\" content=\"https:\/\/bigmount.eu\/en\/product\/bigmount-universal-scanner-halter-130x86mm-mit-montagebuegel-fuer-zebra-scanner\/\" \/>\n<meta property=\"og:site_name\" content=\"BIGmount\" \/>\n<meta property=\"article:modified_time\" content=\"2026-03-30T09:34:07+00:00\" \/>\n<meta property=\"og:image\" content=\"https:\/\/bigmount.eu\/wp-content\/uploads\/BIG.SH_.88.1.png\" \/>\n\t<meta property=\"og:image:width\" content=\"2000\" \/>\n\t<meta property=\"og:image:height\" content=\"2000\" \/>\n\t<meta property=\"og:image:type\" content=\"image\/png\" \/>\n<meta name=\"twitter:card\" content=\"summary_large_image\" \/>\n<script type=\"application\/ld+json\" class=\"yoast-schema-graph\">{\"@context\":\"https:\\\/\\\/schema.org\",\"@graph\":[{\"@type\":\"WebPage\",\"@id\":\"https:\\\/\\\/bigmount.eu\\\/produkt\\\/bigmount-universal-scanner-halter-130x86mm-mit-montagebuegel-fuer-zebra-scanner\\\/\",\"url\":\"https:\\\/\\\/bigmount.eu\\\/produkt\\\/bigmount-universal-scanner-halter-130x86mm-mit-montagebuegel-fuer-zebra-scanner\\\/\",\"name\":\"BIGmount Universal Scanner-Halter 130x86mm mit Montageb\u00fcgel \u2013 f\u00fcr Zebra Scanner - BIGmount\",\"isPartOf\":{\"@id\":\"https:\\\/\\\/bigmount.eu\\\/#website\"},\"primaryImageOfPage\":{\"@id\":\"https:\\\/\\\/bigmount.eu\\\/produkt\\\/bigmount-universal-scanner-halter-130x86mm-mit-montagebuegel-fuer-zebra-scanner\\\/#primaryimage\"},\"image\":{\"@id\":\"https:\\\/\\\/bigmount.eu\\\/produkt\\\/bigmount-universal-scanner-halter-130x86mm-mit-montagebuegel-fuer-zebra-scanner\\\/#primaryimage\"},\"thumbnailUrl\":\"https:\\\/\\\/bigmount.eu\\\/wp-content\\\/uploads\\\/BIG.SH_.88.1.png\",\"datePublished\":\"2026-03-30T09:20:15+00:00\",\"dateModified\":\"2026-03-30T09:34:07+00:00\",\"description\":\"Universaler Scanner-Halter mit Montageb\u00fcgel | Ma\u00dfe: H:130 x B:86 \\\/ B1:39 x T:68mm\",\"breadcrumb\":{\"@id\":\"https:\\\/\\\/bigmount.eu\\\/produkt\\\/bigmount-universal-scanner-halter-130x86mm-mit-montagebuegel-fuer-zebra-scanner\\\/#breadcrumb\"},\"inLanguage\":\"en-US\",\"potentialAction\":[{\"@type\":\"ReadAction\",\"target\":[\"https:\\\/\\\/bigmount.eu\\\/produkt\\\/bigmount-universal-scanner-halter-130x86mm-mit-montagebuegel-fuer-zebra-scanner\\\/\"]}]},{\"@type\":\"ImageObject\",\"inLanguage\":\"en-US\",\"@id\":\"https:\\\/\\\/bigmount.eu\\\/produkt\\\/bigmount-universal-scanner-halter-130x86mm-mit-montagebuegel-fuer-zebra-scanner\\\/#primaryimage\",\"url\":\"https:\\\/\\\/bigmount.eu\\\/wp-content\\\/uploads\\\/BIG.SH_.88.1.png\",\"contentUrl\":\"https:\\\/\\\/bigmount.eu\\\/wp-content\\\/uploads\\\/BIG.SH_.88.1.png\",\"width\":2000,\"height\":2000},{\"@type\":\"BreadcrumbList\",\"@id\":\"https:\\\/\\\/bigmount.eu\\\/produkt\\\/bigmount-universal-scanner-halter-130x86mm-mit-montagebuegel-fuer-zebra-scanner\\\/#breadcrumb\",\"itemListElement\":[{\"@type\":\"ListItem\",\"position\":1,\"name\":\"Startseite\",\"item\":\"https:\\\/\\\/bigmount.eu\\\/\"},{\"@type\":\"ListItem\",\"position\":2,\"name\":\"Shop\",\"item\":\"https:\\\/\\\/bigmount.eu\\\/shop\\\/\"},{\"@type\":\"ListItem\",\"position\":3,\"name\":\"Lager &amp; Logistik\",\"item\":\"https:\\\/\\\/bigmount.eu\\\/produkt-kategorie\\\/lager-logistik\\\/\"},{\"@type\":\"ListItem\",\"position\":4,\"name\":\"C-Kugel\",\"item\":\"https:\\\/\\\/bigmount.eu\\\/produkt-kategorie\\\/lager-logistik\\\/c-kugel\\\/\"},{\"@type\":\"ListItem\",\"position\":5,\"name\":\"BIGmount Universal Scanner-Halter 130x86mm mit Montageb\u00fcgel \u2013 f\u00fcr Zebra Scanner\"}]},{\"@type\":\"WebSite\",\"@id\":\"https:\\\/\\\/bigmount.eu\\\/#website\",\"url\":\"https:\\\/\\\/bigmount.eu\\\/\",\"name\":\"BIGmount\",\"description\":\"Ein System. Alle Ger\u00e4te. Jede Situation\",\"publisher\":{\"@id\":\"https:\\\/\\\/bigmount.eu\\\/#organization\"},\"potentialAction\":[{\"@type\":\"SearchAction\",\"target\":{\"@type\":\"EntryPoint\",\"urlTemplate\":\"https:\\\/\\\/bigmount.eu\\\/?s={search_term_string}\"},\"query-input\":{\"@type\":\"PropertyValueSpecification\",\"valueRequired\":true,\"valueName\":\"search_term_string\"}}],\"inLanguage\":\"en-US\"},{\"@type\":\"Organization\",\"@id\":\"https:\\\/\\\/bigmount.eu\\\/#organization\",\"name\":\"ARAT Spezial\u00adhalterungen GmbH\",\"url\":\"https:\\\/\\\/bigmount.eu\\\/\",\"logo\":{\"@type\":\"ImageObject\",\"inLanguage\":\"en-US\",\"@id\":\"https:\\\/\\\/bigmount.eu\\\/#\\\/schema\\\/logo\\\/image\\\/\",\"url\":\"https:\\\/\\\/bigmount.eu\\\/wp-content\\\/uploads\\\/2Logo4_BIGmount_2024-01-scaled.jpg\",\"contentUrl\":\"https:\\\/\\\/bigmount.eu\\\/wp-content\\\/uploads\\\/2Logo4_BIGmount_2024-01-scaled.jpg\",\"width\":2560,\"height\":633,\"caption\":\"ARAT Spezial\u00adhalterungen GmbH\"},\"image\":{\"@id\":\"https:\\\/\\\/bigmount.eu\\\/#\\\/schema\\\/logo\\\/image\\\/\"}}]}<\/script>\n<!-- \/ Yoast SEO plugin. -->","yoast_head_json":{"title":"BIGmount Universal Scanner-Halter 130x86mm mit Montageb\u00fcgel \u2013 f\u00fcr Zebra Scanner - BIGmount","description":"Universaler Scanner-Halter mit Montageb\u00fcgel | Ma\u00dfe: H:130 x B:86 \/ B1:39 x T:68mm","robots":{"index":"index","follow":"follow","max-snippet":"max-snippet:-1","max-image-preview":"max-image-preview:large","max-video-preview":"max-video-preview:-1"},"canonical":"https:\/\/bigmount.eu\/en\/product\/bigmount-universal-scanner-halter-130x86mm-mit-montagebuegel-fuer-zebra-scanner\/","og_locale":"en_US","og_type":"article","og_title":"BIGmount Universal Scanner-Halter 130x86mm mit Montageb\u00fcgel \u2013 f\u00fcr Zebra Scanner - BIGmount","og_description":"Universaler Scanner-Halter mit Montageb\u00fcgel | Ma\u00dfe: H:130 x B:86 \/ B1:39 x T:68mm","og_url":"https:\/\/bigmount.eu\/en\/product\/bigmount-universal-scanner-halter-130x86mm-mit-montagebuegel-fuer-zebra-scanner\/","og_site_name":"BIGmount","article_modified_time":"2026-03-30T09:34:07+00:00","og_image":[{"width":2000,"height":2000,"url":"https:\/\/bigmount.eu\/wp-content\/uploads\/BIG.SH_.88.1.png","type":"image\/png"}],"twitter_card":"summary_large_image","schema":{"@context":"https:\/\/schema.org","@graph":[{"@type":"WebPage","@id":"https:\/\/bigmount.eu\/produkt\/bigmount-universal-scanner-halter-130x86mm-mit-montagebuegel-fuer-zebra-scanner\/","url":"https:\/\/bigmount.eu\/produkt\/bigmount-universal-scanner-halter-130x86mm-mit-montagebuegel-fuer-zebra-scanner\/","name":"BIGmount Universal Scanner-Halter 130x86mm mit Montageb\u00fcgel \u2013 f\u00fcr Zebra Scanner - BIGmount","isPartOf":{"@id":"https:\/\/bigmount.eu\/#website"},"primaryImageOfPage":{"@id":"https:\/\/bigmount.eu\/produkt\/bigmount-universal-scanner-halter-130x86mm-mit-montagebuegel-fuer-zebra-scanner\/#primaryimage"},"image":{"@id":"https:\/\/bigmount.eu\/produkt\/bigmount-universal-scanner-halter-130x86mm-mit-montagebuegel-fuer-zebra-scanner\/#primaryimage"},"thumbnailUrl":"https:\/\/bigmount.eu\/wp-content\/uploads\/BIG.SH_.88.1.png","datePublished":"2026-03-30T09:20:15+00:00","dateModified":"2026-03-30T09:34:07+00:00","description":"Universaler Scanner-Halter mit Montageb\u00fcgel | Ma\u00dfe: H:130 x B:86 \/ B1:39 x T:68mm","breadcrumb":{"@id":"https:\/\/bigmount.eu\/produkt\/bigmount-universal-scanner-halter-130x86mm-mit-montagebuegel-fuer-zebra-scanner\/#breadcrumb"},"inLanguage":"en-US","potentialAction":[{"@type":"ReadAction","target":["https:\/\/bigmount.eu\/produkt\/bigmount-universal-scanner-halter-130x86mm-mit-montagebuegel-fuer-zebra-scanner\/"]}]},{"@type":"ImageObject","inLanguage":"en-US","@id":"https:\/\/bigmount.eu\/produkt\/bigmount-universal-scanner-halter-130x86mm-mit-montagebuegel-fuer-zebra-scanner\/#primaryimage","url":"https:\/\/bigmount.eu\/wp-content\/uploads\/BIG.SH_.88.1.png","contentUrl":"https:\/\/bigmount.eu\/wp-content\/uploads\/BIG.SH_.88.1.png","width":2000,"height":2000},{"@type":"BreadcrumbList","@id":"https:\/\/bigmount.eu\/produkt\/bigmount-universal-scanner-halter-130x86mm-mit-montagebuegel-fuer-zebra-scanner\/#breadcrumb","itemListElement":[{"@type":"ListItem","position":1,"name":"Startseite","item":"https:\/\/bigmount.eu\/"},{"@type":"ListItem","position":2,"name":"Shop","item":"https:\/\/bigmount.eu\/shop\/"},{"@type":"ListItem","position":3,"name":"Lager &amp; Logistik","item":"https:\/\/bigmount.eu\/produkt-kategorie\/lager-logistik\/"},{"@type":"ListItem","position":4,"name":"C-Kugel","item":"https:\/\/bigmount.eu\/produkt-kategorie\/lager-logistik\/c-kugel\/"},{"@type":"ListItem","position":5,"name":"BIGmount Universal Scanner-Halter 130x86mm mit Montageb\u00fcgel \u2013 f\u00fcr Zebra Scanner"}]},{"@type":"WebSite","@id":"https:\/\/bigmount.eu\/#website","url":"https:\/\/bigmount.eu\/","name":"BIGmount","description":"Ein System. Alle Ger\u00e4te. Jede Situation","publisher":{"@id":"https:\/\/bigmount.eu\/#organization"},"potentialAction":[{"@type":"SearchAction","target":{"@type":"EntryPoint","urlTemplate":"https:\/\/bigmount.eu\/?s={search_term_string}"},"query-input":{"@type":"PropertyValueSpecification","valueRequired":true,"valueName":"search_term_string"}}],"inLanguage":"en-US"},{"@type":"Organization","@id":"https:\/\/bigmount.eu\/#organization","name":"ARAT Spezial\u00adhalterungen GmbH","url":"https:\/\/bigmount.eu\/","logo":{"@type":"ImageObject","inLanguage":"en-US","@id":"https:\/\/bigmount.eu\/#\/schema\/logo\/image\/","url":"https:\/\/bigmount.eu\/wp-content\/uploads\/2Logo4_BIGmount_2024-01-scaled.jpg","contentUrl":"https:\/\/bigmount.eu\/wp-content\/uploads\/2Logo4_BIGmount_2024-01-scaled.jpg","width":2560,"height":633,"caption":"ARAT Spezial\u00adhalterungen GmbH"},"image":{"@id":"https:\/\/bigmount.eu\/#\/schema\/logo\/image\/"}}]}},"_links":{"self":[{"href":"https:\/\/bigmount.eu\/en\/wp-json\/wp\/v2\/product\/16408","targetHints":{"allow":["GET"]}}],"collection":[{"href":"https:\/\/bigmount.eu\/en\/wp-json\/wp\/v2\/product"}],"about":[{"href":"https:\/\/bigmount.eu\/en\/wp-json\/wp\/v2\/types\/product"}],"wp:featuredmedia":[{"embeddable":true,"href":"https:\/\/bigmount.eu\/en\/wp-json\/wp\/v2\/media\/16222"}],"wp:attachment":[{"href":"https:\/\/bigmount.eu\/en\/wp-json\/wp\/v2\/media?parent=16408"}],"wp:term":[{"taxonomy":"product_brand","embeddable":true,"href":"https:\/\/bigmount.eu\/en\/wp-json\/wp\/v2\/product_brand?post=16408"},{"taxonomy":"product_cat","embeddable":true,"href":"https:\/\/bigmount.eu\/en\/wp-json\/wp\/v2\/product_cat?post=16408"},{"taxonomy":"product_tag","embeddable":true,"href":"https:\/\/bigmount.eu\/en\/wp-json\/wp\/v2\/product_tag?post=16408"}],"curies":[{"name":"wp","href":"https:\/\/api.w.org\/{rel}","templated":true}]}}