{"id":16397,"date":"2026-03-30T11:20:09","date_gmt":"2026-03-30T09:20:09","guid":{"rendered":"https:\/\/bigmount.eu\/produkt\/bigmount-vierkantrohr-halterung-max-76mm-c-kugel-15-klemme-fuer-profilrohre-gabelstapler-regale\/"},"modified":"2026-03-30T11:34:10","modified_gmt":"2026-03-30T09:34:10","slug":"bigmount-vierkantrohr-halterung-max-76mm-c-kugel-15-klemme-fuer-profilrohre-gabelstapler-regale","status":"publish","type":"product","link":"https:\/\/bigmount.eu\/en\/product\/bigmount-vierkantrohr-halterung-max-76mm-c-kugel-15-klemme-fuer-profilrohre-gabelstapler-regale\/","title":{"rendered":"BIGmount Vierkantrohr-Halterung max. 76mm C-Kugel (1,5&#8243;) \u2013 Klemme f\u00fcr Profilrohre, Gabelstapler &#038; Regale"},"content":{"rendered":"<p>Die BIGmount Vierkantrohr-Halterung eignet sich f\u00fcr Profilrohre mit einer maximalen Breite von 76mm. Robuste Klemme f\u00fcr die sichere Montage von Displays, Scannern und Tablets an Vierkant-Profilen.<\/p>\n<p>Ideal an Gabelstaplern, Regalen, Kommissionierwagen und in der Industrie. Kompatibel mit allen BIGmount C-Verbindern.<\/p>\n<h3>Zus\u00e4tzlich profitieren Sie von:<\/h3>\n<ul>\n<li>Robuste und schl\u00fcsselfeste Fixierung auch bei starker Beanspruchung<\/li>\n<\/ul>\n<h3>Lieferumfang<\/h3>\n<ul>\n<li>1x Vierkantrohr-Halter f\u00fcr eine max. Rohrbreite von 76mm mit C-Kugel (1,5&#8243;)<\/li>\n<li>2x Zylinderkopfschraube M6x100mm<\/li>\n<li>2x M6 Sicherheitssechskantmutter<\/li>\n<\/ul>\n<p><strong>100% Made in Germany<\/strong> \u2013 Entwickelt und gefertigt in Ostwestfalen.<\/p>","protected":false},"excerpt":{"rendered":"<p>Vierkantrohr-Halterung f\u00fcr eine max. Rohrbreite von 76mm mit C-Kugel (1,5&#8243;)<\/p>","protected":false},"featured_media":16201,"template":"","meta":[],"product_brand":[],"product_cat":[857],"product_tag":[1044,929,932,923,926,924,1043,1018,945,1016,925,927,928,1015,931,1013,1020,1017,1019,947,948,946,930,1014,1012],"class_list":{"0":"post-16397","1":"product","2":"type-product","3":"status-publish","4":"has-post-thumbnail","6":"product_cat-c-kugel","7":"product_tag-5-zoll","8":"product_tag-aluminium","9":"product_tag-amps-lochbild","10":"product_tag-arat","11":"product_tag-befestigung","12":"product_tag-bigmount","13":"product_tag-c-kugel-1","14":"product_tag-display-vierkantrohr","15":"product_tag-flurfoerderzeug","16":"product_tag-gabelstapler-vierkant","17":"product_tag-halterung","18":"product_tag-kugelgelenk","19":"product_tag-made-in-germany","20":"product_tag-max-76mm","21":"product_tag-modulares-haltesystem","22":"product_tag-profilrohr-klemme","23":"product_tag-ram-mount-vierkant-alternative","24":"product_tag-regal-halterung","25":"product_tag-scanner-vierkant","26":"product_tag-strichcode","27":"product_tag-strichcode-scanner","28":"product_tag-strichcodescanner","29":"product_tag-vibrationsdaempfend","30":"product_tag-vierkant-schelle","31":"product_tag-vierkantrohr-halterung","33":"first","34":"instock","35":"taxable","36":"shipping-taxable","37":"purchasable","38":"product-type-simple"},"yoast_head":"<!-- This site is optimized with the Yoast SEO plugin v27.6 - https:\/\/yoast.com\/product\/yoast-seo-wordpress\/ -->\n<title>BIGmount Vierkantrohr-Halterung max. 76mm C-Kugel (1,5&quot;) \u2013 Klemme f\u00fcr Profilrohre, Gabelstapler &amp; Regale - BIGmount<\/title>\n<meta name=\"description\" content=\"Vierkantrohr-Halterung f\u00fcr eine max. Rohrbreite von 76mm mit C-Kugel (1,5&quot;)\" \/>\n<meta name=\"robots\" content=\"index, follow, max-snippet:-1, max-image-preview:large, max-video-preview:-1\" \/>\n<link rel=\"canonical\" href=\"https:\/\/bigmount.eu\/en\/product\/bigmount-vierkantrohr-halterung-max-76mm-c-kugel-15-klemme-fuer-profilrohre-gabelstapler-regale\/\" \/>\n<meta property=\"og:locale\" content=\"en_US\" \/>\n<meta property=\"og:type\" content=\"article\" \/>\n<meta property=\"og:title\" content=\"BIGmount Vierkantrohr-Halterung max. 76mm C-Kugel (1,5&quot;) \u2013 Klemme f\u00fcr Profilrohre, Gabelstapler &amp; Regale - BIGmount\" \/>\n<meta property=\"og:description\" content=\"Vierkantrohr-Halterung f\u00fcr eine max. Rohrbreite von 76mm mit C-Kugel (1,5&quot;)\" \/>\n<meta property=\"og:url\" content=\"https:\/\/bigmount.eu\/en\/product\/bigmount-vierkantrohr-halterung-max-76mm-c-kugel-15-klemme-fuer-profilrohre-gabelstapler-regale\/\" \/>\n<meta property=\"og:site_name\" content=\"BIGmount\" \/>\n<meta property=\"article:modified_time\" content=\"2026-03-30T09:34:10+00:00\" \/>\n<meta property=\"og:image\" content=\"https:\/\/bigmount.eu\/wp-content\/uploads\/BIG.C.22.png\" \/>\n\t<meta property=\"og:image:width\" content=\"2000\" \/>\n\t<meta property=\"og:image:height\" content=\"2000\" \/>\n\t<meta property=\"og:image:type\" content=\"image\/png\" \/>\n<meta name=\"twitter:card\" content=\"summary_large_image\" \/>\n<script type=\"application\/ld+json\" class=\"yoast-schema-graph\">{\"@context\":\"https:\\\/\\\/schema.org\",\"@graph\":[{\"@type\":\"WebPage\",\"@id\":\"https:\\\/\\\/bigmount.eu\\\/produkt\\\/bigmount-vierkantrohr-halterung-max-76mm-c-kugel-15-klemme-fuer-profilrohre-gabelstapler-regale\\\/\",\"url\":\"https:\\\/\\\/bigmount.eu\\\/produkt\\\/bigmount-vierkantrohr-halterung-max-76mm-c-kugel-15-klemme-fuer-profilrohre-gabelstapler-regale\\\/\",\"name\":\"BIGmount Vierkantrohr-Halterung max. 76mm C-Kugel (1,5\\\") \u2013 Klemme f\u00fcr Profilrohre, Gabelstapler & Regale - BIGmount\",\"isPartOf\":{\"@id\":\"https:\\\/\\\/bigmount.eu\\\/#website\"},\"primaryImageOfPage\":{\"@id\":\"https:\\\/\\\/bigmount.eu\\\/produkt\\\/bigmount-vierkantrohr-halterung-max-76mm-c-kugel-15-klemme-fuer-profilrohre-gabelstapler-regale\\\/#primaryimage\"},\"image\":{\"@id\":\"https:\\\/\\\/bigmount.eu\\\/produkt\\\/bigmount-vierkantrohr-halterung-max-76mm-c-kugel-15-klemme-fuer-profilrohre-gabelstapler-regale\\\/#primaryimage\"},\"thumbnailUrl\":\"https:\\\/\\\/bigmount.eu\\\/wp-content\\\/uploads\\\/BIG.C.22.png\",\"datePublished\":\"2026-03-30T09:20:09+00:00\",\"dateModified\":\"2026-03-30T09:34:10+00:00\",\"description\":\"Vierkantrohr-Halterung f\u00fcr eine max. Rohrbreite von 76mm mit C-Kugel (1,5\\\")\",\"breadcrumb\":{\"@id\":\"https:\\\/\\\/bigmount.eu\\\/produkt\\\/bigmount-vierkantrohr-halterung-max-76mm-c-kugel-15-klemme-fuer-profilrohre-gabelstapler-regale\\\/#breadcrumb\"},\"inLanguage\":\"en-US\",\"potentialAction\":[{\"@type\":\"ReadAction\",\"target\":[\"https:\\\/\\\/bigmount.eu\\\/produkt\\\/bigmount-vierkantrohr-halterung-max-76mm-c-kugel-15-klemme-fuer-profilrohre-gabelstapler-regale\\\/\"]}]},{\"@type\":\"ImageObject\",\"inLanguage\":\"en-US\",\"@id\":\"https:\\\/\\\/bigmount.eu\\\/produkt\\\/bigmount-vierkantrohr-halterung-max-76mm-c-kugel-15-klemme-fuer-profilrohre-gabelstapler-regale\\\/#primaryimage\",\"url\":\"https:\\\/\\\/bigmount.eu\\\/wp-content\\\/uploads\\\/BIG.C.22.png\",\"contentUrl\":\"https:\\\/\\\/bigmount.eu\\\/wp-content\\\/uploads\\\/BIG.C.22.png\",\"width\":2000,\"height\":2000},{\"@type\":\"BreadcrumbList\",\"@id\":\"https:\\\/\\\/bigmount.eu\\\/produkt\\\/bigmount-vierkantrohr-halterung-max-76mm-c-kugel-15-klemme-fuer-profilrohre-gabelstapler-regale\\\/#breadcrumb\",\"itemListElement\":[{\"@type\":\"ListItem\",\"position\":1,\"name\":\"Startseite\",\"item\":\"https:\\\/\\\/bigmount.eu\\\/\"},{\"@type\":\"ListItem\",\"position\":2,\"name\":\"Shop\",\"item\":\"https:\\\/\\\/bigmount.eu\\\/shop\\\/\"},{\"@type\":\"ListItem\",\"position\":3,\"name\":\"Lager &amp; Logistik\",\"item\":\"https:\\\/\\\/bigmount.eu\\\/produkt-kategorie\\\/lager-logistik\\\/\"},{\"@type\":\"ListItem\",\"position\":4,\"name\":\"C-Kugel\",\"item\":\"https:\\\/\\\/bigmount.eu\\\/produkt-kategorie\\\/lager-logistik\\\/c-kugel\\\/\"},{\"@type\":\"ListItem\",\"position\":5,\"name\":\"BIGmount Vierkantrohr-Halterung max. 76mm C-Kugel (1,5&#8243;) \u2013 Klemme f\u00fcr Profilrohre, Gabelstapler &#038; Regale\"}]},{\"@type\":\"WebSite\",\"@id\":\"https:\\\/\\\/bigmount.eu\\\/#website\",\"url\":\"https:\\\/\\\/bigmount.eu\\\/\",\"name\":\"BIGmount\",\"description\":\"Ein System. Alle Ger\u00e4te. Jede Situation\",\"publisher\":{\"@id\":\"https:\\\/\\\/bigmount.eu\\\/#organization\"},\"potentialAction\":[{\"@type\":\"SearchAction\",\"target\":{\"@type\":\"EntryPoint\",\"urlTemplate\":\"https:\\\/\\\/bigmount.eu\\\/?s={search_term_string}\"},\"query-input\":{\"@type\":\"PropertyValueSpecification\",\"valueRequired\":true,\"valueName\":\"search_term_string\"}}],\"inLanguage\":\"en-US\"},{\"@type\":\"Organization\",\"@id\":\"https:\\\/\\\/bigmount.eu\\\/#organization\",\"name\":\"ARAT Spezial\u00adhalterungen GmbH\",\"url\":\"https:\\\/\\\/bigmount.eu\\\/\",\"logo\":{\"@type\":\"ImageObject\",\"inLanguage\":\"en-US\",\"@id\":\"https:\\\/\\\/bigmount.eu\\\/#\\\/schema\\\/logo\\\/image\\\/\",\"url\":\"https:\\\/\\\/bigmount.eu\\\/wp-content\\\/uploads\\\/2Logo4_BIGmount_2024-01-scaled.jpg\",\"contentUrl\":\"https:\\\/\\\/bigmount.eu\\\/wp-content\\\/uploads\\\/2Logo4_BIGmount_2024-01-scaled.jpg\",\"width\":2560,\"height\":633,\"caption\":\"ARAT Spezial\u00adhalterungen GmbH\"},\"image\":{\"@id\":\"https:\\\/\\\/bigmount.eu\\\/#\\\/schema\\\/logo\\\/image\\\/\"}}]}<\/script>\n<!-- \/ Yoast SEO plugin. -->","yoast_head_json":{"title":"BIGmount Vierkantrohr-Halterung max. 76mm C-Kugel (1,5\") \u2013 Klemme f\u00fcr Profilrohre, Gabelstapler & Regale - BIGmount","description":"Vierkantrohr-Halterung f\u00fcr eine max. Rohrbreite von 76mm mit C-Kugel (1,5\")","robots":{"index":"index","follow":"follow","max-snippet":"max-snippet:-1","max-image-preview":"max-image-preview:large","max-video-preview":"max-video-preview:-1"},"canonical":"https:\/\/bigmount.eu\/en\/product\/bigmount-vierkantrohr-halterung-max-76mm-c-kugel-15-klemme-fuer-profilrohre-gabelstapler-regale\/","og_locale":"en_US","og_type":"article","og_title":"BIGmount Vierkantrohr-Halterung max. 76mm C-Kugel (1,5\") \u2013 Klemme f\u00fcr Profilrohre, Gabelstapler & Regale - BIGmount","og_description":"Vierkantrohr-Halterung f\u00fcr eine max. Rohrbreite von 76mm mit C-Kugel (1,5\")","og_url":"https:\/\/bigmount.eu\/en\/product\/bigmount-vierkantrohr-halterung-max-76mm-c-kugel-15-klemme-fuer-profilrohre-gabelstapler-regale\/","og_site_name":"BIGmount","article_modified_time":"2026-03-30T09:34:10+00:00","og_image":[{"width":2000,"height":2000,"url":"https:\/\/bigmount.eu\/wp-content\/uploads\/BIG.C.22.png","type":"image\/png"}],"twitter_card":"summary_large_image","schema":{"@context":"https:\/\/schema.org","@graph":[{"@type":"WebPage","@id":"https:\/\/bigmount.eu\/produkt\/bigmount-vierkantrohr-halterung-max-76mm-c-kugel-15-klemme-fuer-profilrohre-gabelstapler-regale\/","url":"https:\/\/bigmount.eu\/produkt\/bigmount-vierkantrohr-halterung-max-76mm-c-kugel-15-klemme-fuer-profilrohre-gabelstapler-regale\/","name":"BIGmount Vierkantrohr-Halterung max. 76mm C-Kugel (1,5\") \u2013 Klemme f\u00fcr Profilrohre, Gabelstapler & Regale - BIGmount","isPartOf":{"@id":"https:\/\/bigmount.eu\/#website"},"primaryImageOfPage":{"@id":"https:\/\/bigmount.eu\/produkt\/bigmount-vierkantrohr-halterung-max-76mm-c-kugel-15-klemme-fuer-profilrohre-gabelstapler-regale\/#primaryimage"},"image":{"@id":"https:\/\/bigmount.eu\/produkt\/bigmount-vierkantrohr-halterung-max-76mm-c-kugel-15-klemme-fuer-profilrohre-gabelstapler-regale\/#primaryimage"},"thumbnailUrl":"https:\/\/bigmount.eu\/wp-content\/uploads\/BIG.C.22.png","datePublished":"2026-03-30T09:20:09+00:00","dateModified":"2026-03-30T09:34:10+00:00","description":"Vierkantrohr-Halterung f\u00fcr eine max. Rohrbreite von 76mm mit C-Kugel (1,5\")","breadcrumb":{"@id":"https:\/\/bigmount.eu\/produkt\/bigmount-vierkantrohr-halterung-max-76mm-c-kugel-15-klemme-fuer-profilrohre-gabelstapler-regale\/#breadcrumb"},"inLanguage":"en-US","potentialAction":[{"@type":"ReadAction","target":["https:\/\/bigmount.eu\/produkt\/bigmount-vierkantrohr-halterung-max-76mm-c-kugel-15-klemme-fuer-profilrohre-gabelstapler-regale\/"]}]},{"@type":"ImageObject","inLanguage":"en-US","@id":"https:\/\/bigmount.eu\/produkt\/bigmount-vierkantrohr-halterung-max-76mm-c-kugel-15-klemme-fuer-profilrohre-gabelstapler-regale\/#primaryimage","url":"https:\/\/bigmount.eu\/wp-content\/uploads\/BIG.C.22.png","contentUrl":"https:\/\/bigmount.eu\/wp-content\/uploads\/BIG.C.22.png","width":2000,"height":2000},{"@type":"BreadcrumbList","@id":"https:\/\/bigmount.eu\/produkt\/bigmount-vierkantrohr-halterung-max-76mm-c-kugel-15-klemme-fuer-profilrohre-gabelstapler-regale\/#breadcrumb","itemListElement":[{"@type":"ListItem","position":1,"name":"Startseite","item":"https:\/\/bigmount.eu\/"},{"@type":"ListItem","position":2,"name":"Shop","item":"https:\/\/bigmount.eu\/shop\/"},{"@type":"ListItem","position":3,"name":"Lager &amp; Logistik","item":"https:\/\/bigmount.eu\/produkt-kategorie\/lager-logistik\/"},{"@type":"ListItem","position":4,"name":"C-Kugel","item":"https:\/\/bigmount.eu\/produkt-kategorie\/lager-logistik\/c-kugel\/"},{"@type":"ListItem","position":5,"name":"BIGmount Vierkantrohr-Halterung max. 76mm C-Kugel (1,5&#8243;) \u2013 Klemme f\u00fcr Profilrohre, Gabelstapler &#038; Regale"}]},{"@type":"WebSite","@id":"https:\/\/bigmount.eu\/#website","url":"https:\/\/bigmount.eu\/","name":"BIGmount","description":"Ein System. Alle Ger\u00e4te. Jede Situation","publisher":{"@id":"https:\/\/bigmount.eu\/#organization"},"potentialAction":[{"@type":"SearchAction","target":{"@type":"EntryPoint","urlTemplate":"https:\/\/bigmount.eu\/?s={search_term_string}"},"query-input":{"@type":"PropertyValueSpecification","valueRequired":true,"valueName":"search_term_string"}}],"inLanguage":"en-US"},{"@type":"Organization","@id":"https:\/\/bigmount.eu\/#organization","name":"ARAT Spezial\u00adhalterungen GmbH","url":"https:\/\/bigmount.eu\/","logo":{"@type":"ImageObject","inLanguage":"en-US","@id":"https:\/\/bigmount.eu\/#\/schema\/logo\/image\/","url":"https:\/\/bigmount.eu\/wp-content\/uploads\/2Logo4_BIGmount_2024-01-scaled.jpg","contentUrl":"https:\/\/bigmount.eu\/wp-content\/uploads\/2Logo4_BIGmount_2024-01-scaled.jpg","width":2560,"height":633,"caption":"ARAT Spezial\u00adhalterungen GmbH"},"image":{"@id":"https:\/\/bigmount.eu\/#\/schema\/logo\/image\/"}}]}},"_links":{"self":[{"href":"https:\/\/bigmount.eu\/en\/wp-json\/wp\/v2\/product\/16397","targetHints":{"allow":["GET"]}}],"collection":[{"href":"https:\/\/bigmount.eu\/en\/wp-json\/wp\/v2\/product"}],"about":[{"href":"https:\/\/bigmount.eu\/en\/wp-json\/wp\/v2\/types\/product"}],"wp:featuredmedia":[{"embeddable":true,"href":"https:\/\/bigmount.eu\/en\/wp-json\/wp\/v2\/media\/16201"}],"wp:attachment":[{"href":"https:\/\/bigmount.eu\/en\/wp-json\/wp\/v2\/media?parent=16397"}],"wp:term":[{"taxonomy":"product_brand","embeddable":true,"href":"https:\/\/bigmount.eu\/en\/wp-json\/wp\/v2\/product_brand?post=16397"},{"taxonomy":"product_cat","embeddable":true,"href":"https:\/\/bigmount.eu\/en\/wp-json\/wp\/v2\/product_cat?post=16397"},{"taxonomy":"product_tag","embeddable":true,"href":"https:\/\/bigmount.eu\/en\/wp-json\/wp\/v2\/product_tag?post=16397"}],"curies":[{"name":"wp","href":"https:\/\/api.w.org\/{rel}","templated":true}]}}