{"id":16378,"date":"2026-03-30T11:19:55","date_gmt":"2026-03-30T09:19:55","guid":{"rendered":"https:\/\/bigmount.eu\/produkt\/bigmount-verbindungsarm-64mm-fuer-b-kugel-10-kugelgelenk-arm-fuer-flexible-display-scanner-positionierung\/"},"modified":"2026-03-30T11:34:15","modified_gmt":"2026-03-30T09:34:15","slug":"bigmount-verbindungsarm-64mm-fuer-b-kugel-10-kugelgelenk-arm-fuer-flexible-display-scanner-positionierung","status":"publish","type":"product","link":"https:\/\/bigmount.eu\/en\/product\/bigmount-verbindungsarm-64mm-fuer-b-kugel-10-kugelgelenk-arm-fuer-flexible-display-scanner-positionierung\/","title":{"rendered":"BIGmount Verbindungsarm 64mm f\u00fcr B-Kugel (1,0&#8243;) \u2013 Kugelgelenk-Arm f\u00fcr flexible Display- &#038; Scanner-Positionierung"},"content":{"rendered":"<p>Der Verbinder ist die zentrale Komponente zwischen fahrzeugseitiger Halterung (z.B. Klemm-, Magnet-, Saugfu\u00df- oder Schraubbasis) und der Ger\u00e4teaufnahme.<\/p>\n<p>Er erm\u00f6glicht eine pr\u00e4zise Ausrichtung, hohe Stabilit\u00e4t und bildet die Basis f\u00fcr ein durchdachtes, modulares System, das sich ihren Anforderungen anpasst. Dank der Kugelgelenktechnik lassen sich alle Ger\u00e4te schnell, sicher und ergonomisch ausrichten, exakt so, wie es Ihre Arbeitsprozesse erfordern. 100% Made in Germany (Ostwestfahlen)<\/p>\n<h3>Gleichzeitig gilt:<\/h3>\n<ul>\n<li>Hochwertige Materialien: Beschichtetes Aluminium &#038; glasfaserverst\u00e4rkter Kunststoff<\/li>\n<li>Verschiedene L\u00e4ngen verf\u00fcgbar<\/li>\n<li>Modularity through two system sizes with B (1.0\u201d) and C (1.5\u201d) ball heads<\/li>\n<li>Pr\u00e4zise Ausrichtung des Endger\u00e4ts<\/li>\n<li>Excellent stability thanks to high-strength materials and backlash-free clamping mechanism.<\/li>\n<\/ul>\n<h3>Lieferumfang<\/h3>\n<ul>\n<li>1 x Verbinder f\u00fcr B-Kugeln, L\u00e4nge 64mm<\/li>\n<\/ul>\n<p><strong>100% Made in Germany<\/strong> \u2013 Entwickelt und gefertigt in Ostwestfalen.<\/p>","protected":false},"excerpt":{"rendered":"<p>Verbindungsarm f\u00fcr alle B-Kugeln (1,0&#8243;)<\/p>","protected":false},"featured_media":16163,"template":"","meta":[],"product_brand":[],"product_cat":[857],"product_tag":[929,932,923,935,926,924,1000,1002,945,925,927,999,928,931,1003,1004,1001,947,948,946,1039,997,930],"class_list":{"0":"post-16378","1":"product","2":"type-product","3":"status-publish","4":"has-post-thumbnail","6":"product_cat-c-kugel","7":"product_tag-aluminium","8":"product_tag-amps-lochbild","9":"product_tag-arat","10":"product_tag-b-kugel-1-zoll","11":"product_tag-befestigung","12":"product_tag-bigmount","13":"product_tag-display-arm","14":"product_tag-flexible-positionierung","15":"product_tag-flurfoerderzeug","16":"product_tag-halterung","17":"product_tag-kugelgelenk","18":"product_tag-kugelgelenk-arm","19":"product_tag-made-in-germany","20":"product_tag-modulares-haltesystem","21":"product_tag-modulares-system","22":"product_tag-ram-mount-arm-alternative","23":"product_tag-scanner-arm","24":"product_tag-strichcode","25":"product_tag-strichcode-scanner","26":"product_tag-strichcodescanner","27":"product_tag-verbinder-64mm","28":"product_tag-verbindungsarm","29":"product_tag-vibrationsdaempfend","31":"first","32":"instock","33":"taxable","34":"shipping-taxable","35":"purchasable","36":"product-type-simple"},"yoast_head":"<!-- This site is optimized with the Yoast SEO plugin v27.6 - https:\/\/yoast.com\/product\/yoast-seo-wordpress\/ -->\n<title>BIGmount Verbindungsarm 64mm f\u00fcr B-Kugel (1,0&quot;) \u2013 Kugelgelenk-Arm f\u00fcr flexible Display- &amp; Scanner-Positionierung - BIGmount<\/title>\n<meta name=\"description\" content=\"Verbindungsarm f\u00fcr alle B-Kugeln (1,0&quot;)\" \/>\n<meta name=\"robots\" content=\"index, follow, max-snippet:-1, max-image-preview:large, max-video-preview:-1\" \/>\n<link rel=\"canonical\" href=\"https:\/\/bigmount.eu\/en\/product\/bigmount-verbindungsarm-64mm-fuer-b-kugel-10-kugelgelenk-arm-fuer-flexible-display-scanner-positionierung\/\" \/>\n<meta property=\"og:locale\" content=\"en_US\" \/>\n<meta property=\"og:type\" content=\"article\" \/>\n<meta property=\"og:title\" content=\"BIGmount Verbindungsarm 64mm f\u00fcr B-Kugel (1,0&quot;) \u2013 Kugelgelenk-Arm f\u00fcr flexible Display- &amp; Scanner-Positionierung - BIGmount\" \/>\n<meta property=\"og:description\" content=\"Verbindungsarm f\u00fcr alle B-Kugeln (1,0&quot;)\" \/>\n<meta property=\"og:url\" content=\"https:\/\/bigmount.eu\/en\/product\/bigmount-verbindungsarm-64mm-fuer-b-kugel-10-kugelgelenk-arm-fuer-flexible-display-scanner-positionierung\/\" \/>\n<meta property=\"og:site_name\" content=\"BIGmount\" \/>\n<meta property=\"article:modified_time\" content=\"2026-03-30T09:34:15+00:00\" \/>\n<meta property=\"og:image\" content=\"https:\/\/bigmount.eu\/wp-content\/uploads\/BIG.B.64.png\" \/>\n\t<meta property=\"og:image:width\" content=\"2000\" \/>\n\t<meta property=\"og:image:height\" content=\"2000\" \/>\n\t<meta property=\"og:image:type\" content=\"image\/png\" \/>\n<meta name=\"twitter:card\" content=\"summary_large_image\" \/>\n<script type=\"application\/ld+json\" class=\"yoast-schema-graph\">{\"@context\":\"https:\\\/\\\/schema.org\",\"@graph\":[{\"@type\":\"WebPage\",\"@id\":\"https:\\\/\\\/bigmount.eu\\\/produkt\\\/bigmount-verbindungsarm-64mm-fuer-b-kugel-10-kugelgelenk-arm-fuer-flexible-display-scanner-positionierung\\\/\",\"url\":\"https:\\\/\\\/bigmount.eu\\\/produkt\\\/bigmount-verbindungsarm-64mm-fuer-b-kugel-10-kugelgelenk-arm-fuer-flexible-display-scanner-positionierung\\\/\",\"name\":\"BIGmount Verbindungsarm 64mm f\u00fcr B-Kugel (1,0\\\") \u2013 Kugelgelenk-Arm f\u00fcr flexible Display- & Scanner-Positionierung - BIGmount\",\"isPartOf\":{\"@id\":\"https:\\\/\\\/bigmount.eu\\\/#website\"},\"primaryImageOfPage\":{\"@id\":\"https:\\\/\\\/bigmount.eu\\\/produkt\\\/bigmount-verbindungsarm-64mm-fuer-b-kugel-10-kugelgelenk-arm-fuer-flexible-display-scanner-positionierung\\\/#primaryimage\"},\"image\":{\"@id\":\"https:\\\/\\\/bigmount.eu\\\/produkt\\\/bigmount-verbindungsarm-64mm-fuer-b-kugel-10-kugelgelenk-arm-fuer-flexible-display-scanner-positionierung\\\/#primaryimage\"},\"thumbnailUrl\":\"https:\\\/\\\/bigmount.eu\\\/wp-content\\\/uploads\\\/BIG.B.64.png\",\"datePublished\":\"2026-03-30T09:19:55+00:00\",\"dateModified\":\"2026-03-30T09:34:15+00:00\",\"description\":\"Verbindungsarm f\u00fcr alle B-Kugeln (1,0\\\")\",\"breadcrumb\":{\"@id\":\"https:\\\/\\\/bigmount.eu\\\/produkt\\\/bigmount-verbindungsarm-64mm-fuer-b-kugel-10-kugelgelenk-arm-fuer-flexible-display-scanner-positionierung\\\/#breadcrumb\"},\"inLanguage\":\"en-US\",\"potentialAction\":[{\"@type\":\"ReadAction\",\"target\":[\"https:\\\/\\\/bigmount.eu\\\/produkt\\\/bigmount-verbindungsarm-64mm-fuer-b-kugel-10-kugelgelenk-arm-fuer-flexible-display-scanner-positionierung\\\/\"]}]},{\"@type\":\"ImageObject\",\"inLanguage\":\"en-US\",\"@id\":\"https:\\\/\\\/bigmount.eu\\\/produkt\\\/bigmount-verbindungsarm-64mm-fuer-b-kugel-10-kugelgelenk-arm-fuer-flexible-display-scanner-positionierung\\\/#primaryimage\",\"url\":\"https:\\\/\\\/bigmount.eu\\\/wp-content\\\/uploads\\\/BIG.B.64.png\",\"contentUrl\":\"https:\\\/\\\/bigmount.eu\\\/wp-content\\\/uploads\\\/BIG.B.64.png\",\"width\":2000,\"height\":2000},{\"@type\":\"BreadcrumbList\",\"@id\":\"https:\\\/\\\/bigmount.eu\\\/produkt\\\/bigmount-verbindungsarm-64mm-fuer-b-kugel-10-kugelgelenk-arm-fuer-flexible-display-scanner-positionierung\\\/#breadcrumb\",\"itemListElement\":[{\"@type\":\"ListItem\",\"position\":1,\"name\":\"Startseite\",\"item\":\"https:\\\/\\\/bigmount.eu\\\/\"},{\"@type\":\"ListItem\",\"position\":2,\"name\":\"Shop\",\"item\":\"https:\\\/\\\/bigmount.eu\\\/shop\\\/\"},{\"@type\":\"ListItem\",\"position\":3,\"name\":\"Lager &amp; Logistik\",\"item\":\"https:\\\/\\\/bigmount.eu\\\/produkt-kategorie\\\/lager-logistik\\\/\"},{\"@type\":\"ListItem\",\"position\":4,\"name\":\"C-Kugel\",\"item\":\"https:\\\/\\\/bigmount.eu\\\/produkt-kategorie\\\/lager-logistik\\\/c-kugel\\\/\"},{\"@type\":\"ListItem\",\"position\":5,\"name\":\"BIGmount Verbindungsarm 64mm f\u00fcr B-Kugel (1,0&#8243;) \u2013 Kugelgelenk-Arm f\u00fcr flexible Display- &#038; Scanner-Positionierung\"}]},{\"@type\":\"WebSite\",\"@id\":\"https:\\\/\\\/bigmount.eu\\\/#website\",\"url\":\"https:\\\/\\\/bigmount.eu\\\/\",\"name\":\"BIGmount\",\"description\":\"Ein System. Alle Ger\u00e4te. Jede Situation\",\"publisher\":{\"@id\":\"https:\\\/\\\/bigmount.eu\\\/#organization\"},\"potentialAction\":[{\"@type\":\"SearchAction\",\"target\":{\"@type\":\"EntryPoint\",\"urlTemplate\":\"https:\\\/\\\/bigmount.eu\\\/?s={search_term_string}\"},\"query-input\":{\"@type\":\"PropertyValueSpecification\",\"valueRequired\":true,\"valueName\":\"search_term_string\"}}],\"inLanguage\":\"en-US\"},{\"@type\":\"Organization\",\"@id\":\"https:\\\/\\\/bigmount.eu\\\/#organization\",\"name\":\"ARAT Spezial\u00adhalterungen GmbH\",\"url\":\"https:\\\/\\\/bigmount.eu\\\/\",\"logo\":{\"@type\":\"ImageObject\",\"inLanguage\":\"en-US\",\"@id\":\"https:\\\/\\\/bigmount.eu\\\/#\\\/schema\\\/logo\\\/image\\\/\",\"url\":\"https:\\\/\\\/bigmount.eu\\\/wp-content\\\/uploads\\\/2Logo4_BIGmount_2024-01-scaled.jpg\",\"contentUrl\":\"https:\\\/\\\/bigmount.eu\\\/wp-content\\\/uploads\\\/2Logo4_BIGmount_2024-01-scaled.jpg\",\"width\":2560,\"height\":633,\"caption\":\"ARAT Spezial\u00adhalterungen GmbH\"},\"image\":{\"@id\":\"https:\\\/\\\/bigmount.eu\\\/#\\\/schema\\\/logo\\\/image\\\/\"}}]}<\/script>\n<!-- \/ Yoast SEO plugin. -->","yoast_head_json":{"title":"BIGmount Verbindungsarm 64mm f\u00fcr B-Kugel (1,0\") \u2013 Kugelgelenk-Arm f\u00fcr flexible Display- & Scanner-Positionierung - BIGmount","description":"Verbindungsarm f\u00fcr alle B-Kugeln (1,0\")","robots":{"index":"index","follow":"follow","max-snippet":"max-snippet:-1","max-image-preview":"max-image-preview:large","max-video-preview":"max-video-preview:-1"},"canonical":"https:\/\/bigmount.eu\/en\/product\/bigmount-verbindungsarm-64mm-fuer-b-kugel-10-kugelgelenk-arm-fuer-flexible-display-scanner-positionierung\/","og_locale":"en_US","og_type":"article","og_title":"BIGmount Verbindungsarm 64mm f\u00fcr B-Kugel (1,0\") \u2013 Kugelgelenk-Arm f\u00fcr flexible Display- & Scanner-Positionierung - BIGmount","og_description":"Verbindungsarm f\u00fcr alle B-Kugeln (1,0\")","og_url":"https:\/\/bigmount.eu\/en\/product\/bigmount-verbindungsarm-64mm-fuer-b-kugel-10-kugelgelenk-arm-fuer-flexible-display-scanner-positionierung\/","og_site_name":"BIGmount","article_modified_time":"2026-03-30T09:34:15+00:00","og_image":[{"width":2000,"height":2000,"url":"https:\/\/bigmount.eu\/wp-content\/uploads\/BIG.B.64.png","type":"image\/png"}],"twitter_card":"summary_large_image","schema":{"@context":"https:\/\/schema.org","@graph":[{"@type":"WebPage","@id":"https:\/\/bigmount.eu\/produkt\/bigmount-verbindungsarm-64mm-fuer-b-kugel-10-kugelgelenk-arm-fuer-flexible-display-scanner-positionierung\/","url":"https:\/\/bigmount.eu\/produkt\/bigmount-verbindungsarm-64mm-fuer-b-kugel-10-kugelgelenk-arm-fuer-flexible-display-scanner-positionierung\/","name":"BIGmount Verbindungsarm 64mm f\u00fcr B-Kugel (1,0\") \u2013 Kugelgelenk-Arm f\u00fcr flexible Display- & Scanner-Positionierung - BIGmount","isPartOf":{"@id":"https:\/\/bigmount.eu\/#website"},"primaryImageOfPage":{"@id":"https:\/\/bigmount.eu\/produkt\/bigmount-verbindungsarm-64mm-fuer-b-kugel-10-kugelgelenk-arm-fuer-flexible-display-scanner-positionierung\/#primaryimage"},"image":{"@id":"https:\/\/bigmount.eu\/produkt\/bigmount-verbindungsarm-64mm-fuer-b-kugel-10-kugelgelenk-arm-fuer-flexible-display-scanner-positionierung\/#primaryimage"},"thumbnailUrl":"https:\/\/bigmount.eu\/wp-content\/uploads\/BIG.B.64.png","datePublished":"2026-03-30T09:19:55+00:00","dateModified":"2026-03-30T09:34:15+00:00","description":"Verbindungsarm f\u00fcr alle B-Kugeln (1,0\")","breadcrumb":{"@id":"https:\/\/bigmount.eu\/produkt\/bigmount-verbindungsarm-64mm-fuer-b-kugel-10-kugelgelenk-arm-fuer-flexible-display-scanner-positionierung\/#breadcrumb"},"inLanguage":"en-US","potentialAction":[{"@type":"ReadAction","target":["https:\/\/bigmount.eu\/produkt\/bigmount-verbindungsarm-64mm-fuer-b-kugel-10-kugelgelenk-arm-fuer-flexible-display-scanner-positionierung\/"]}]},{"@type":"ImageObject","inLanguage":"en-US","@id":"https:\/\/bigmount.eu\/produkt\/bigmount-verbindungsarm-64mm-fuer-b-kugel-10-kugelgelenk-arm-fuer-flexible-display-scanner-positionierung\/#primaryimage","url":"https:\/\/bigmount.eu\/wp-content\/uploads\/BIG.B.64.png","contentUrl":"https:\/\/bigmount.eu\/wp-content\/uploads\/BIG.B.64.png","width":2000,"height":2000},{"@type":"BreadcrumbList","@id":"https:\/\/bigmount.eu\/produkt\/bigmount-verbindungsarm-64mm-fuer-b-kugel-10-kugelgelenk-arm-fuer-flexible-display-scanner-positionierung\/#breadcrumb","itemListElement":[{"@type":"ListItem","position":1,"name":"Startseite","item":"https:\/\/bigmount.eu\/"},{"@type":"ListItem","position":2,"name":"Shop","item":"https:\/\/bigmount.eu\/shop\/"},{"@type":"ListItem","position":3,"name":"Lager &amp; Logistik","item":"https:\/\/bigmount.eu\/produkt-kategorie\/lager-logistik\/"},{"@type":"ListItem","position":4,"name":"C-Kugel","item":"https:\/\/bigmount.eu\/produkt-kategorie\/lager-logistik\/c-kugel\/"},{"@type":"ListItem","position":5,"name":"BIGmount Verbindungsarm 64mm f\u00fcr B-Kugel (1,0&#8243;) \u2013 Kugelgelenk-Arm f\u00fcr flexible Display- &#038; Scanner-Positionierung"}]},{"@type":"WebSite","@id":"https:\/\/bigmount.eu\/#website","url":"https:\/\/bigmount.eu\/","name":"BIGmount","description":"Ein System. Alle Ger\u00e4te. Jede Situation","publisher":{"@id":"https:\/\/bigmount.eu\/#organization"},"potentialAction":[{"@type":"SearchAction","target":{"@type":"EntryPoint","urlTemplate":"https:\/\/bigmount.eu\/?s={search_term_string}"},"query-input":{"@type":"PropertyValueSpecification","valueRequired":true,"valueName":"search_term_string"}}],"inLanguage":"en-US"},{"@type":"Organization","@id":"https:\/\/bigmount.eu\/#organization","name":"ARAT Spezial\u00adhalterungen GmbH","url":"https:\/\/bigmount.eu\/","logo":{"@type":"ImageObject","inLanguage":"en-US","@id":"https:\/\/bigmount.eu\/#\/schema\/logo\/image\/","url":"https:\/\/bigmount.eu\/wp-content\/uploads\/2Logo4_BIGmount_2024-01-scaled.jpg","contentUrl":"https:\/\/bigmount.eu\/wp-content\/uploads\/2Logo4_BIGmount_2024-01-scaled.jpg","width":2560,"height":633,"caption":"ARAT Spezial\u00adhalterungen GmbH"},"image":{"@id":"https:\/\/bigmount.eu\/#\/schema\/logo\/image\/"}}]}},"_links":{"self":[{"href":"https:\/\/bigmount.eu\/en\/wp-json\/wp\/v2\/product\/16378","targetHints":{"allow":["GET"]}}],"collection":[{"href":"https:\/\/bigmount.eu\/en\/wp-json\/wp\/v2\/product"}],"about":[{"href":"https:\/\/bigmount.eu\/en\/wp-json\/wp\/v2\/types\/product"}],"wp:featuredmedia":[{"embeddable":true,"href":"https:\/\/bigmount.eu\/en\/wp-json\/wp\/v2\/media\/16163"}],"wp:attachment":[{"href":"https:\/\/bigmount.eu\/en\/wp-json\/wp\/v2\/media?parent=16378"}],"wp:term":[{"taxonomy":"product_brand","embeddable":true,"href":"https:\/\/bigmount.eu\/en\/wp-json\/wp\/v2\/product_brand?post=16378"},{"taxonomy":"product_cat","embeddable":true,"href":"https:\/\/bigmount.eu\/en\/wp-json\/wp\/v2\/product_cat?post=16378"},{"taxonomy":"product_tag","embeddable":true,"href":"https:\/\/bigmount.eu\/en\/wp-json\/wp\/v2\/product_tag?post=16378"}],"curies":[{"name":"wp","href":"https:\/\/api.w.org\/{rel}","templated":true}]}}