{"id":16376,"date":"2026-03-30T11:19:54","date_gmt":"2026-03-30T09:19:54","guid":{"rendered":"https:\/\/bigmount.eu\/produkt\/bigmount-vesa100-basisplatte-b-kugel-10-monitorhalterung-vesa-100x100mm-fuer-industrie-displays-fahrzeuge\/"},"modified":"2026-03-30T11:34:16","modified_gmt":"2026-03-30T09:34:16","slug":"bigmount-vesa100-basisplatte-b-kugel-10-monitorhalterung-vesa-100x100mm-fuer-industrie-displays-fahrzeuge","status":"publish","type":"product","link":"https:\/\/bigmount.eu\/en\/product\/bigmount-vesa100-basisplatte-b-kugel-10-monitorhalterung-vesa-100x100mm-fuer-industrie-displays-fahrzeuge\/","title":{"rendered":"BIGmount VESA100 Basisplatte B-Kugel (1,0&#8243;) \u2013 Monitorhalterung VESA 100x100mm f\u00fcr Industrie-Displays &#038; Fahrzeuge"},"content":{"rendered":"<p>Die Basisplatte dient als universelle Anschlussfl\u00e4che zwischen Verbinder und Endger\u00e4t. Je nach Ger\u00e4t und Anwendung stehen unterschiedliche Plattenvarianten zur Auswahl.<\/p>\n<p>Ideal f\u00fcr Gabelstapler, Nutzfahrzeuge und industrielle Arbeitspl\u00e4tze.<\/p>\n<h3>Dar\u00fcber hinaus bietet das System:<\/h3>\n<ul>\n<li>Kompakt &#038; leicht<\/li>\n<li>ideal f\u00fcr Scanner und leichte Systeme<\/li>\n<li>(bis ca. 1,5 kg)<\/li>\n<\/ul>\n<h3>Lieferumfang<\/h3>\n<ul>\n<li>1x B-Kugel (1,0&#8243;) mit VESA100 Basisplatte<\/li>\n<\/ul>\n<p><strong>100% Made in Germany<\/strong> \u2013 Entwickelt und gefertigt in Ostwestfalen.<\/p>","protected":false},"excerpt":{"rendered":"<p>Basisplatte VESA100 mit B-Kugel (1,0&#8243;)<\/p>","protected":false},"featured_media":16159,"template":"","meta":[],"product_brand":[],"product_cat":[857],"product_tag":[929,932,923,935,926,924,1029,1028,1032,925,1030,927,1031,928,931,1027,1026,1033,947,948,946,1036,1037,930],"class_list":{"0":"post-16376","1":"product","2":"type-product","3":"status-publish","4":"has-post-thumbnail","6":"product_cat-c-kugel","7":"product_tag-aluminium","8":"product_tag-amps-lochbild","9":"product_tag-arat","10":"product_tag-b-kugel-1-zoll","11":"product_tag-befestigung","12":"product_tag-bigmount","13":"product_tag-bildschirm-befestigung","14":"product_tag-display-halterung-vesa","15":"product_tag-gabelstapler-bildschirm","16":"product_tag-halterung","17":"product_tag-industrie-monitor","18":"product_tag-kugelgelenk","19":"product_tag-lkw-monitor","20":"product_tag-made-in-germany","21":"product_tag-modulares-haltesystem","22":"product_tag-monitor-fahrzeug","23":"product_tag-monitorhalterung","24":"product_tag-ram-mount-vesa-alternative","25":"product_tag-strichcode","26":"product_tag-strichcode-scanner","27":"product_tag-strichcodescanner","28":"product_tag-vesa-100","29":"product_tag-vesa100","30":"product_tag-vibrationsdaempfend","32":"first","33":"instock","34":"taxable","35":"shipping-taxable","36":"purchasable","37":"product-type-simple"},"yoast_head":"<!-- This site is optimized with the Yoast SEO plugin v27.6 - https:\/\/yoast.com\/product\/yoast-seo-wordpress\/ -->\n<title>BIGmount VESA100 Basisplatte B-Kugel (1,0&quot;) \u2013 Monitorhalterung VESA 100x100mm f\u00fcr Industrie-Displays &amp; Fahrzeuge - BIGmount<\/title>\n<meta name=\"description\" content=\"Basisplatte VESA100 mit B-Kugel (1,0&quot;)\" \/>\n<meta name=\"robots\" content=\"index, follow, max-snippet:-1, max-image-preview:large, max-video-preview:-1\" \/>\n<link rel=\"canonical\" href=\"https:\/\/bigmount.eu\/en\/product\/bigmount-vesa100-basisplatte-b-kugel-10-monitorhalterung-vesa-100x100mm-fuer-industrie-displays-fahrzeuge\/\" \/>\n<meta property=\"og:locale\" content=\"en_US\" \/>\n<meta property=\"og:type\" content=\"article\" \/>\n<meta property=\"og:title\" content=\"BIGmount VESA100 Basisplatte B-Kugel (1,0&quot;) \u2013 Monitorhalterung VESA 100x100mm f\u00fcr Industrie-Displays &amp; Fahrzeuge - BIGmount\" \/>\n<meta property=\"og:description\" content=\"Basisplatte VESA100 mit B-Kugel (1,0&quot;)\" \/>\n<meta property=\"og:url\" content=\"https:\/\/bigmount.eu\/en\/product\/bigmount-vesa100-basisplatte-b-kugel-10-monitorhalterung-vesa-100x100mm-fuer-industrie-displays-fahrzeuge\/\" \/>\n<meta property=\"og:site_name\" content=\"BIGmount\" \/>\n<meta property=\"article:modified_time\" content=\"2026-03-30T09:34:16+00:00\" \/>\n<meta property=\"og:image\" content=\"https:\/\/bigmount.eu\/wp-content\/uploads\/BIG.B.4.png\" \/>\n\t<meta property=\"og:image:width\" content=\"2000\" \/>\n\t<meta property=\"og:image:height\" content=\"2000\" \/>\n\t<meta property=\"og:image:type\" content=\"image\/png\" \/>\n<meta name=\"twitter:card\" content=\"summary_large_image\" \/>\n<script type=\"application\/ld+json\" class=\"yoast-schema-graph\">{\"@context\":\"https:\\\/\\\/schema.org\",\"@graph\":[{\"@type\":\"WebPage\",\"@id\":\"https:\\\/\\\/bigmount.eu\\\/produkt\\\/bigmount-vesa100-basisplatte-b-kugel-10-monitorhalterung-vesa-100x100mm-fuer-industrie-displays-fahrzeuge\\\/\",\"url\":\"https:\\\/\\\/bigmount.eu\\\/produkt\\\/bigmount-vesa100-basisplatte-b-kugel-10-monitorhalterung-vesa-100x100mm-fuer-industrie-displays-fahrzeuge\\\/\",\"name\":\"BIGmount VESA100 Basisplatte B-Kugel (1,0\\\") \u2013 Monitorhalterung VESA 100x100mm f\u00fcr Industrie-Displays & Fahrzeuge - BIGmount\",\"isPartOf\":{\"@id\":\"https:\\\/\\\/bigmount.eu\\\/#website\"},\"primaryImageOfPage\":{\"@id\":\"https:\\\/\\\/bigmount.eu\\\/produkt\\\/bigmount-vesa100-basisplatte-b-kugel-10-monitorhalterung-vesa-100x100mm-fuer-industrie-displays-fahrzeuge\\\/#primaryimage\"},\"image\":{\"@id\":\"https:\\\/\\\/bigmount.eu\\\/produkt\\\/bigmount-vesa100-basisplatte-b-kugel-10-monitorhalterung-vesa-100x100mm-fuer-industrie-displays-fahrzeuge\\\/#primaryimage\"},\"thumbnailUrl\":\"https:\\\/\\\/bigmount.eu\\\/wp-content\\\/uploads\\\/BIG.B.4.png\",\"datePublished\":\"2026-03-30T09:19:54+00:00\",\"dateModified\":\"2026-03-30T09:34:16+00:00\",\"description\":\"Basisplatte VESA100 mit B-Kugel (1,0\\\")\",\"breadcrumb\":{\"@id\":\"https:\\\/\\\/bigmount.eu\\\/produkt\\\/bigmount-vesa100-basisplatte-b-kugel-10-monitorhalterung-vesa-100x100mm-fuer-industrie-displays-fahrzeuge\\\/#breadcrumb\"},\"inLanguage\":\"en-US\",\"potentialAction\":[{\"@type\":\"ReadAction\",\"target\":[\"https:\\\/\\\/bigmount.eu\\\/produkt\\\/bigmount-vesa100-basisplatte-b-kugel-10-monitorhalterung-vesa-100x100mm-fuer-industrie-displays-fahrzeuge\\\/\"]}]},{\"@type\":\"ImageObject\",\"inLanguage\":\"en-US\",\"@id\":\"https:\\\/\\\/bigmount.eu\\\/produkt\\\/bigmount-vesa100-basisplatte-b-kugel-10-monitorhalterung-vesa-100x100mm-fuer-industrie-displays-fahrzeuge\\\/#primaryimage\",\"url\":\"https:\\\/\\\/bigmount.eu\\\/wp-content\\\/uploads\\\/BIG.B.4.png\",\"contentUrl\":\"https:\\\/\\\/bigmount.eu\\\/wp-content\\\/uploads\\\/BIG.B.4.png\",\"width\":2000,\"height\":2000},{\"@type\":\"BreadcrumbList\",\"@id\":\"https:\\\/\\\/bigmount.eu\\\/produkt\\\/bigmount-vesa100-basisplatte-b-kugel-10-monitorhalterung-vesa-100x100mm-fuer-industrie-displays-fahrzeuge\\\/#breadcrumb\",\"itemListElement\":[{\"@type\":\"ListItem\",\"position\":1,\"name\":\"Startseite\",\"item\":\"https:\\\/\\\/bigmount.eu\\\/\"},{\"@type\":\"ListItem\",\"position\":2,\"name\":\"Shop\",\"item\":\"https:\\\/\\\/bigmount.eu\\\/shop\\\/\"},{\"@type\":\"ListItem\",\"position\":3,\"name\":\"Lager &amp; Logistik\",\"item\":\"https:\\\/\\\/bigmount.eu\\\/produkt-kategorie\\\/lager-logistik\\\/\"},{\"@type\":\"ListItem\",\"position\":4,\"name\":\"C-Kugel\",\"item\":\"https:\\\/\\\/bigmount.eu\\\/produkt-kategorie\\\/lager-logistik\\\/c-kugel\\\/\"},{\"@type\":\"ListItem\",\"position\":5,\"name\":\"BIGmount VESA100 Basisplatte B-Kugel (1,0&#8243;) \u2013 Monitorhalterung VESA 100x100mm f\u00fcr Industrie-Displays &#038; Fahrzeuge\"}]},{\"@type\":\"WebSite\",\"@id\":\"https:\\\/\\\/bigmount.eu\\\/#website\",\"url\":\"https:\\\/\\\/bigmount.eu\\\/\",\"name\":\"BIGmount\",\"description\":\"Ein System. Alle Ger\u00e4te. Jede Situation\",\"publisher\":{\"@id\":\"https:\\\/\\\/bigmount.eu\\\/#organization\"},\"potentialAction\":[{\"@type\":\"SearchAction\",\"target\":{\"@type\":\"EntryPoint\",\"urlTemplate\":\"https:\\\/\\\/bigmount.eu\\\/?s={search_term_string}\"},\"query-input\":{\"@type\":\"PropertyValueSpecification\",\"valueRequired\":true,\"valueName\":\"search_term_string\"}}],\"inLanguage\":\"en-US\"},{\"@type\":\"Organization\",\"@id\":\"https:\\\/\\\/bigmount.eu\\\/#organization\",\"name\":\"ARAT Spezial\u00adhalterungen GmbH\",\"url\":\"https:\\\/\\\/bigmount.eu\\\/\",\"logo\":{\"@type\":\"ImageObject\",\"inLanguage\":\"en-US\",\"@id\":\"https:\\\/\\\/bigmount.eu\\\/#\\\/schema\\\/logo\\\/image\\\/\",\"url\":\"https:\\\/\\\/bigmount.eu\\\/wp-content\\\/uploads\\\/2Logo4_BIGmount_2024-01-scaled.jpg\",\"contentUrl\":\"https:\\\/\\\/bigmount.eu\\\/wp-content\\\/uploads\\\/2Logo4_BIGmount_2024-01-scaled.jpg\",\"width\":2560,\"height\":633,\"caption\":\"ARAT Spezial\u00adhalterungen GmbH\"},\"image\":{\"@id\":\"https:\\\/\\\/bigmount.eu\\\/#\\\/schema\\\/logo\\\/image\\\/\"}}]}<\/script>\n<!-- \/ Yoast SEO plugin. -->","yoast_head_json":{"title":"BIGmount VESA100 Basisplatte B-Kugel (1,0\") \u2013 Monitorhalterung VESA 100x100mm f\u00fcr Industrie-Displays & Fahrzeuge - BIGmount","description":"Basisplatte VESA100 mit B-Kugel (1,0\")","robots":{"index":"index","follow":"follow","max-snippet":"max-snippet:-1","max-image-preview":"max-image-preview:large","max-video-preview":"max-video-preview:-1"},"canonical":"https:\/\/bigmount.eu\/en\/product\/bigmount-vesa100-basisplatte-b-kugel-10-monitorhalterung-vesa-100x100mm-fuer-industrie-displays-fahrzeuge\/","og_locale":"en_US","og_type":"article","og_title":"BIGmount VESA100 Basisplatte B-Kugel (1,0\") \u2013 Monitorhalterung VESA 100x100mm f\u00fcr Industrie-Displays & Fahrzeuge - BIGmount","og_description":"Basisplatte VESA100 mit B-Kugel (1,0\")","og_url":"https:\/\/bigmount.eu\/en\/product\/bigmount-vesa100-basisplatte-b-kugel-10-monitorhalterung-vesa-100x100mm-fuer-industrie-displays-fahrzeuge\/","og_site_name":"BIGmount","article_modified_time":"2026-03-30T09:34:16+00:00","og_image":[{"width":2000,"height":2000,"url":"https:\/\/bigmount.eu\/wp-content\/uploads\/BIG.B.4.png","type":"image\/png"}],"twitter_card":"summary_large_image","schema":{"@context":"https:\/\/schema.org","@graph":[{"@type":"WebPage","@id":"https:\/\/bigmount.eu\/produkt\/bigmount-vesa100-basisplatte-b-kugel-10-monitorhalterung-vesa-100x100mm-fuer-industrie-displays-fahrzeuge\/","url":"https:\/\/bigmount.eu\/produkt\/bigmount-vesa100-basisplatte-b-kugel-10-monitorhalterung-vesa-100x100mm-fuer-industrie-displays-fahrzeuge\/","name":"BIGmount VESA100 Basisplatte B-Kugel (1,0\") \u2013 Monitorhalterung VESA 100x100mm f\u00fcr Industrie-Displays & Fahrzeuge - BIGmount","isPartOf":{"@id":"https:\/\/bigmount.eu\/#website"},"primaryImageOfPage":{"@id":"https:\/\/bigmount.eu\/produkt\/bigmount-vesa100-basisplatte-b-kugel-10-monitorhalterung-vesa-100x100mm-fuer-industrie-displays-fahrzeuge\/#primaryimage"},"image":{"@id":"https:\/\/bigmount.eu\/produkt\/bigmount-vesa100-basisplatte-b-kugel-10-monitorhalterung-vesa-100x100mm-fuer-industrie-displays-fahrzeuge\/#primaryimage"},"thumbnailUrl":"https:\/\/bigmount.eu\/wp-content\/uploads\/BIG.B.4.png","datePublished":"2026-03-30T09:19:54+00:00","dateModified":"2026-03-30T09:34:16+00:00","description":"Basisplatte VESA100 mit B-Kugel (1,0\")","breadcrumb":{"@id":"https:\/\/bigmount.eu\/produkt\/bigmount-vesa100-basisplatte-b-kugel-10-monitorhalterung-vesa-100x100mm-fuer-industrie-displays-fahrzeuge\/#breadcrumb"},"inLanguage":"en-US","potentialAction":[{"@type":"ReadAction","target":["https:\/\/bigmount.eu\/produkt\/bigmount-vesa100-basisplatte-b-kugel-10-monitorhalterung-vesa-100x100mm-fuer-industrie-displays-fahrzeuge\/"]}]},{"@type":"ImageObject","inLanguage":"en-US","@id":"https:\/\/bigmount.eu\/produkt\/bigmount-vesa100-basisplatte-b-kugel-10-monitorhalterung-vesa-100x100mm-fuer-industrie-displays-fahrzeuge\/#primaryimage","url":"https:\/\/bigmount.eu\/wp-content\/uploads\/BIG.B.4.png","contentUrl":"https:\/\/bigmount.eu\/wp-content\/uploads\/BIG.B.4.png","width":2000,"height":2000},{"@type":"BreadcrumbList","@id":"https:\/\/bigmount.eu\/produkt\/bigmount-vesa100-basisplatte-b-kugel-10-monitorhalterung-vesa-100x100mm-fuer-industrie-displays-fahrzeuge\/#breadcrumb","itemListElement":[{"@type":"ListItem","position":1,"name":"Startseite","item":"https:\/\/bigmount.eu\/"},{"@type":"ListItem","position":2,"name":"Shop","item":"https:\/\/bigmount.eu\/shop\/"},{"@type":"ListItem","position":3,"name":"Lager &amp; Logistik","item":"https:\/\/bigmount.eu\/produkt-kategorie\/lager-logistik\/"},{"@type":"ListItem","position":4,"name":"C-Kugel","item":"https:\/\/bigmount.eu\/produkt-kategorie\/lager-logistik\/c-kugel\/"},{"@type":"ListItem","position":5,"name":"BIGmount VESA100 Basisplatte B-Kugel (1,0&#8243;) \u2013 Monitorhalterung VESA 100x100mm f\u00fcr Industrie-Displays &#038; Fahrzeuge"}]},{"@type":"WebSite","@id":"https:\/\/bigmount.eu\/#website","url":"https:\/\/bigmount.eu\/","name":"BIGmount","description":"Ein System. Alle Ger\u00e4te. Jede Situation","publisher":{"@id":"https:\/\/bigmount.eu\/#organization"},"potentialAction":[{"@type":"SearchAction","target":{"@type":"EntryPoint","urlTemplate":"https:\/\/bigmount.eu\/?s={search_term_string}"},"query-input":{"@type":"PropertyValueSpecification","valueRequired":true,"valueName":"search_term_string"}}],"inLanguage":"en-US"},{"@type":"Organization","@id":"https:\/\/bigmount.eu\/#organization","name":"ARAT Spezial\u00adhalterungen GmbH","url":"https:\/\/bigmount.eu\/","logo":{"@type":"ImageObject","inLanguage":"en-US","@id":"https:\/\/bigmount.eu\/#\/schema\/logo\/image\/","url":"https:\/\/bigmount.eu\/wp-content\/uploads\/2Logo4_BIGmount_2024-01-scaled.jpg","contentUrl":"https:\/\/bigmount.eu\/wp-content\/uploads\/2Logo4_BIGmount_2024-01-scaled.jpg","width":2560,"height":633,"caption":"ARAT Spezial\u00adhalterungen GmbH"},"image":{"@id":"https:\/\/bigmount.eu\/#\/schema\/logo\/image\/"}}]}},"_links":{"self":[{"href":"https:\/\/bigmount.eu\/en\/wp-json\/wp\/v2\/product\/16376","targetHints":{"allow":["GET"]}}],"collection":[{"href":"https:\/\/bigmount.eu\/en\/wp-json\/wp\/v2\/product"}],"about":[{"href":"https:\/\/bigmount.eu\/en\/wp-json\/wp\/v2\/types\/product"}],"wp:featuredmedia":[{"embeddable":true,"href":"https:\/\/bigmount.eu\/en\/wp-json\/wp\/v2\/media\/16159"}],"wp:attachment":[{"href":"https:\/\/bigmount.eu\/en\/wp-json\/wp\/v2\/media?parent=16376"}],"wp:term":[{"taxonomy":"product_brand","embeddable":true,"href":"https:\/\/bigmount.eu\/en\/wp-json\/wp\/v2\/product_brand?post=16376"},{"taxonomy":"product_cat","embeddable":true,"href":"https:\/\/bigmount.eu\/en\/wp-json\/wp\/v2\/product_cat?post=16376"},{"taxonomy":"product_tag","embeddable":true,"href":"https:\/\/bigmount.eu\/en\/wp-json\/wp\/v2\/product_tag?post=16376"}],"curies":[{"name":"wp","href":"https:\/\/api.w.org\/{rel}","templated":true}]}}