{"id":16360,"date":"2026-03-30T11:19:46","date_gmt":"2026-03-30T09:19:46","guid":{"rendered":"https:\/\/bigmount.eu\/produkt\/bigmount-3er-saugfuss-halterung-b-kugel-10-triple-saugnapf-fuer-maximale-haltekraft-an-windschutzscheibe-glas\/"},"modified":"2026-03-30T11:34:52","modified_gmt":"2026-03-30T09:34:52","slug":"bigmount-3er-saugfuss-halterung-b-kugel-10-triple-saugnapf-fuer-maximale-haltekraft-an-windschutzscheibe-glas","status":"publish","type":"product","link":"https:\/\/bigmount.eu\/en\/product\/bigmount-3er-saugfuss-halterung-b-kugel-10-triple-saugnapf-fuer-maximale-haltekraft-an-windschutzscheibe-glas\/","title":{"rendered":"BIGmount 3er Saugfu\u00df-Halterung B-Kugel (1,0&#8243;) \u2013 Triple-Saugnapf f\u00fcr maximale Haltekraft an Windschutzscheibe &#038; Glas"},"content":{"rendered":"<p>Der Saugfu\u00df-Halter ist die clevere L\u00f6sung f\u00fcr Glasoberfl\u00e4chen. Ideal f\u00fcr Fahrerkabinen und mobile Arbeitspl\u00e4tze.<\/p>\n<p>Haftet sicher, bleibt flexibel und l\u00e4sst sich r\u00fcckstandsfrei entfernen. Ideal f\u00fcr Gabelstapler, Nutzfahrzeuge und industrielle Arbeitspl\u00e4tze.<\/p>\n<h3>Dar\u00fcber hinaus bietet das System:<\/h3>\n<ul>\n<li>Perfekt f\u00fcr Fahrzeugscheiben<\/li>\n<li>Wiederverwendbar und einfach zu versetzen<\/li>\n<li>Hebelgesteuerter Unterdruckmechanismus f\u00fcr sicheren Halt<\/li>\n<\/ul>\n<h3>Lieferumfang<\/h3>\n<ul>\n<li>1x 3er Saugfu\u00df-Halter mit B-Kugel (1,0&#8243;)<\/li>\n<li>1x Reinigungstuch<\/li>\n<\/ul>\n<p><strong>100% Made in Germany<\/strong> \u2013 Entwickelt und gefertigt in Ostwestfalen.<\/p>","protected":false},"excerpt":{"rendered":"<p>Dreifacher Saugfu\u00df-Halter mit B-Kugel (1,0&#8243;)<\/p>","protected":false},"featured_media":16127,"template":"","meta":[],"product_brand":[],"product_cat":[857],"product_tag":[961,929,932,923,935,926,924,945,925,953,927,964,928,931,965,966,949,963,962,947,948,946,960,930,952],"class_list":{"0":"post-16360","1":"product","2":"type-product","3":"status-publish","4":"has-post-thumbnail","6":"product_cat-c-kugel","7":"product_tag-3er-saugnapf","8":"product_tag-aluminium","9":"product_tag-amps-lochbild","10":"product_tag-arat","11":"product_tag-b-kugel-1-zoll","12":"product_tag-befestigung","13":"product_tag-bigmount","14":"product_tag-flurfoerderzeug","15":"product_tag-halterung","16":"product_tag-kfz-halterung","17":"product_tag-kugelgelenk","18":"product_tag-lkw-tablet","19":"product_tag-made-in-germany","20":"product_tag-modulares-haltesystem","21":"product_tag-nutzfahrzeug","22":"product_tag-ram-mount-triple-saugfuss-alternative","23":"product_tag-saugfuss","24":"product_tag-schwere-displays","25":"product_tag-starker-saugnapf","26":"product_tag-strichcode","27":"product_tag-strichcode-scanner","28":"product_tag-strichcodescanner","29":"product_tag-triple-saugnapf","30":"product_tag-vibrationsdaempfend","31":"product_tag-windschutzscheibe","33":"first","34":"instock","35":"taxable","36":"shipping-taxable","37":"purchasable","38":"product-type-simple"},"yoast_head":"<!-- This site is optimized with the Yoast SEO plugin v27.6 - https:\/\/yoast.com\/product\/yoast-seo-wordpress\/ -->\n<title>BIGmount 3er Saugfu\u00df-Halterung B-Kugel (1,0&quot;) \u2013 Triple-Saugnapf f\u00fcr maximale Haltekraft an Windschutzscheibe &amp; Glas - BIGmount<\/title>\n<meta name=\"description\" content=\"Dreifacher Saugfu\u00df-Halter mit B-Kugel (1,0&quot;)\" \/>\n<meta name=\"robots\" content=\"index, follow, max-snippet:-1, max-image-preview:large, max-video-preview:-1\" \/>\n<link rel=\"canonical\" href=\"https:\/\/bigmount.eu\/en\/product\/bigmount-3er-saugfuss-halterung-b-kugel-10-triple-saugnapf-fuer-maximale-haltekraft-an-windschutzscheibe-glas\/\" \/>\n<meta property=\"og:locale\" content=\"en_US\" \/>\n<meta property=\"og:type\" content=\"article\" \/>\n<meta property=\"og:title\" content=\"BIGmount 3er Saugfu\u00df-Halterung B-Kugel (1,0&quot;) \u2013 Triple-Saugnapf f\u00fcr maximale Haltekraft an Windschutzscheibe &amp; Glas - BIGmount\" \/>\n<meta property=\"og:description\" content=\"Dreifacher Saugfu\u00df-Halter mit B-Kugel (1,0&quot;)\" \/>\n<meta property=\"og:url\" content=\"https:\/\/bigmount.eu\/en\/product\/bigmount-3er-saugfuss-halterung-b-kugel-10-triple-saugnapf-fuer-maximale-haltekraft-an-windschutzscheibe-glas\/\" \/>\n<meta property=\"og:site_name\" content=\"BIGmount\" \/>\n<meta property=\"article:modified_time\" content=\"2026-03-30T09:34:52+00:00\" \/>\n<meta property=\"og:image\" content=\"https:\/\/bigmount.eu\/wp-content\/uploads\/BIG.B.11.png\" \/>\n\t<meta property=\"og:image:width\" content=\"2000\" \/>\n\t<meta property=\"og:image:height\" content=\"2000\" \/>\n\t<meta property=\"og:image:type\" content=\"image\/png\" \/>\n<meta name=\"twitter:card\" content=\"summary_large_image\" \/>\n<script type=\"application\/ld+json\" class=\"yoast-schema-graph\">{\"@context\":\"https:\\\/\\\/schema.org\",\"@graph\":[{\"@type\":\"WebPage\",\"@id\":\"https:\\\/\\\/bigmount.eu\\\/produkt\\\/bigmount-3er-saugfuss-halterung-b-kugel-10-triple-saugnapf-fuer-maximale-haltekraft-an-windschutzscheibe-glas\\\/\",\"url\":\"https:\\\/\\\/bigmount.eu\\\/produkt\\\/bigmount-3er-saugfuss-halterung-b-kugel-10-triple-saugnapf-fuer-maximale-haltekraft-an-windschutzscheibe-glas\\\/\",\"name\":\"BIGmount 3er Saugfu\u00df-Halterung B-Kugel (1,0\\\") \u2013 Triple-Saugnapf f\u00fcr maximale Haltekraft an Windschutzscheibe & Glas - BIGmount\",\"isPartOf\":{\"@id\":\"https:\\\/\\\/bigmount.eu\\\/#website\"},\"primaryImageOfPage\":{\"@id\":\"https:\\\/\\\/bigmount.eu\\\/produkt\\\/bigmount-3er-saugfuss-halterung-b-kugel-10-triple-saugnapf-fuer-maximale-haltekraft-an-windschutzscheibe-glas\\\/#primaryimage\"},\"image\":{\"@id\":\"https:\\\/\\\/bigmount.eu\\\/produkt\\\/bigmount-3er-saugfuss-halterung-b-kugel-10-triple-saugnapf-fuer-maximale-haltekraft-an-windschutzscheibe-glas\\\/#primaryimage\"},\"thumbnailUrl\":\"https:\\\/\\\/bigmount.eu\\\/wp-content\\\/uploads\\\/BIG.B.11.png\",\"datePublished\":\"2026-03-30T09:19:46+00:00\",\"dateModified\":\"2026-03-30T09:34:52+00:00\",\"description\":\"Dreifacher Saugfu\u00df-Halter mit B-Kugel (1,0\\\")\",\"breadcrumb\":{\"@id\":\"https:\\\/\\\/bigmount.eu\\\/produkt\\\/bigmount-3er-saugfuss-halterung-b-kugel-10-triple-saugnapf-fuer-maximale-haltekraft-an-windschutzscheibe-glas\\\/#breadcrumb\"},\"inLanguage\":\"en-US\",\"potentialAction\":[{\"@type\":\"ReadAction\",\"target\":[\"https:\\\/\\\/bigmount.eu\\\/produkt\\\/bigmount-3er-saugfuss-halterung-b-kugel-10-triple-saugnapf-fuer-maximale-haltekraft-an-windschutzscheibe-glas\\\/\"]}]},{\"@type\":\"ImageObject\",\"inLanguage\":\"en-US\",\"@id\":\"https:\\\/\\\/bigmount.eu\\\/produkt\\\/bigmount-3er-saugfuss-halterung-b-kugel-10-triple-saugnapf-fuer-maximale-haltekraft-an-windschutzscheibe-glas\\\/#primaryimage\",\"url\":\"https:\\\/\\\/bigmount.eu\\\/wp-content\\\/uploads\\\/BIG.B.11.png\",\"contentUrl\":\"https:\\\/\\\/bigmount.eu\\\/wp-content\\\/uploads\\\/BIG.B.11.png\",\"width\":2000,\"height\":2000},{\"@type\":\"BreadcrumbList\",\"@id\":\"https:\\\/\\\/bigmount.eu\\\/produkt\\\/bigmount-3er-saugfuss-halterung-b-kugel-10-triple-saugnapf-fuer-maximale-haltekraft-an-windschutzscheibe-glas\\\/#breadcrumb\",\"itemListElement\":[{\"@type\":\"ListItem\",\"position\":1,\"name\":\"Startseite\",\"item\":\"https:\\\/\\\/bigmount.eu\\\/\"},{\"@type\":\"ListItem\",\"position\":2,\"name\":\"Shop\",\"item\":\"https:\\\/\\\/bigmount.eu\\\/shop\\\/\"},{\"@type\":\"ListItem\",\"position\":3,\"name\":\"Lager &amp; Logistik\",\"item\":\"https:\\\/\\\/bigmount.eu\\\/produkt-kategorie\\\/lager-logistik\\\/\"},{\"@type\":\"ListItem\",\"position\":4,\"name\":\"C-Kugel\",\"item\":\"https:\\\/\\\/bigmount.eu\\\/produkt-kategorie\\\/lager-logistik\\\/c-kugel\\\/\"},{\"@type\":\"ListItem\",\"position\":5,\"name\":\"BIGmount 3er Saugfu\u00df-Halterung B-Kugel (1,0&#8243;) \u2013 Triple-Saugnapf f\u00fcr maximale Haltekraft an Windschutzscheibe &#038; Glas\"}]},{\"@type\":\"WebSite\",\"@id\":\"https:\\\/\\\/bigmount.eu\\\/#website\",\"url\":\"https:\\\/\\\/bigmount.eu\\\/\",\"name\":\"BIGmount\",\"description\":\"Ein System. Alle Ger\u00e4te. Jede Situation\",\"publisher\":{\"@id\":\"https:\\\/\\\/bigmount.eu\\\/#organization\"},\"potentialAction\":[{\"@type\":\"SearchAction\",\"target\":{\"@type\":\"EntryPoint\",\"urlTemplate\":\"https:\\\/\\\/bigmount.eu\\\/?s={search_term_string}\"},\"query-input\":{\"@type\":\"PropertyValueSpecification\",\"valueRequired\":true,\"valueName\":\"search_term_string\"}}],\"inLanguage\":\"en-US\"},{\"@type\":\"Organization\",\"@id\":\"https:\\\/\\\/bigmount.eu\\\/#organization\",\"name\":\"ARAT Spezial\u00adhalterungen GmbH\",\"url\":\"https:\\\/\\\/bigmount.eu\\\/\",\"logo\":{\"@type\":\"ImageObject\",\"inLanguage\":\"en-US\",\"@id\":\"https:\\\/\\\/bigmount.eu\\\/#\\\/schema\\\/logo\\\/image\\\/\",\"url\":\"https:\\\/\\\/bigmount.eu\\\/wp-content\\\/uploads\\\/2Logo4_BIGmount_2024-01-scaled.jpg\",\"contentUrl\":\"https:\\\/\\\/bigmount.eu\\\/wp-content\\\/uploads\\\/2Logo4_BIGmount_2024-01-scaled.jpg\",\"width\":2560,\"height\":633,\"caption\":\"ARAT Spezial\u00adhalterungen GmbH\"},\"image\":{\"@id\":\"https:\\\/\\\/bigmount.eu\\\/#\\\/schema\\\/logo\\\/image\\\/\"}}]}<\/script>\n<!-- \/ Yoast SEO plugin. -->","yoast_head_json":{"title":"BIGmount 3er Saugfu\u00df-Halterung B-Kugel (1,0\") \u2013 Triple-Saugnapf f\u00fcr maximale Haltekraft an Windschutzscheibe & Glas - BIGmount","description":"Dreifacher Saugfu\u00df-Halter mit B-Kugel (1,0\")","robots":{"index":"index","follow":"follow","max-snippet":"max-snippet:-1","max-image-preview":"max-image-preview:large","max-video-preview":"max-video-preview:-1"},"canonical":"https:\/\/bigmount.eu\/en\/product\/bigmount-3er-saugfuss-halterung-b-kugel-10-triple-saugnapf-fuer-maximale-haltekraft-an-windschutzscheibe-glas\/","og_locale":"en_US","og_type":"article","og_title":"BIGmount 3er Saugfu\u00df-Halterung B-Kugel (1,0\") \u2013 Triple-Saugnapf f\u00fcr maximale Haltekraft an Windschutzscheibe & Glas - BIGmount","og_description":"Dreifacher Saugfu\u00df-Halter mit B-Kugel (1,0\")","og_url":"https:\/\/bigmount.eu\/en\/product\/bigmount-3er-saugfuss-halterung-b-kugel-10-triple-saugnapf-fuer-maximale-haltekraft-an-windschutzscheibe-glas\/","og_site_name":"BIGmount","article_modified_time":"2026-03-30T09:34:52+00:00","og_image":[{"width":2000,"height":2000,"url":"https:\/\/bigmount.eu\/wp-content\/uploads\/BIG.B.11.png","type":"image\/png"}],"twitter_card":"summary_large_image","schema":{"@context":"https:\/\/schema.org","@graph":[{"@type":"WebPage","@id":"https:\/\/bigmount.eu\/produkt\/bigmount-3er-saugfuss-halterung-b-kugel-10-triple-saugnapf-fuer-maximale-haltekraft-an-windschutzscheibe-glas\/","url":"https:\/\/bigmount.eu\/produkt\/bigmount-3er-saugfuss-halterung-b-kugel-10-triple-saugnapf-fuer-maximale-haltekraft-an-windschutzscheibe-glas\/","name":"BIGmount 3er Saugfu\u00df-Halterung B-Kugel (1,0\") \u2013 Triple-Saugnapf f\u00fcr maximale Haltekraft an Windschutzscheibe & Glas - BIGmount","isPartOf":{"@id":"https:\/\/bigmount.eu\/#website"},"primaryImageOfPage":{"@id":"https:\/\/bigmount.eu\/produkt\/bigmount-3er-saugfuss-halterung-b-kugel-10-triple-saugnapf-fuer-maximale-haltekraft-an-windschutzscheibe-glas\/#primaryimage"},"image":{"@id":"https:\/\/bigmount.eu\/produkt\/bigmount-3er-saugfuss-halterung-b-kugel-10-triple-saugnapf-fuer-maximale-haltekraft-an-windschutzscheibe-glas\/#primaryimage"},"thumbnailUrl":"https:\/\/bigmount.eu\/wp-content\/uploads\/BIG.B.11.png","datePublished":"2026-03-30T09:19:46+00:00","dateModified":"2026-03-30T09:34:52+00:00","description":"Dreifacher Saugfu\u00df-Halter mit B-Kugel (1,0\")","breadcrumb":{"@id":"https:\/\/bigmount.eu\/produkt\/bigmount-3er-saugfuss-halterung-b-kugel-10-triple-saugnapf-fuer-maximale-haltekraft-an-windschutzscheibe-glas\/#breadcrumb"},"inLanguage":"en-US","potentialAction":[{"@type":"ReadAction","target":["https:\/\/bigmount.eu\/produkt\/bigmount-3er-saugfuss-halterung-b-kugel-10-triple-saugnapf-fuer-maximale-haltekraft-an-windschutzscheibe-glas\/"]}]},{"@type":"ImageObject","inLanguage":"en-US","@id":"https:\/\/bigmount.eu\/produkt\/bigmount-3er-saugfuss-halterung-b-kugel-10-triple-saugnapf-fuer-maximale-haltekraft-an-windschutzscheibe-glas\/#primaryimage","url":"https:\/\/bigmount.eu\/wp-content\/uploads\/BIG.B.11.png","contentUrl":"https:\/\/bigmount.eu\/wp-content\/uploads\/BIG.B.11.png","width":2000,"height":2000},{"@type":"BreadcrumbList","@id":"https:\/\/bigmount.eu\/produkt\/bigmount-3er-saugfuss-halterung-b-kugel-10-triple-saugnapf-fuer-maximale-haltekraft-an-windschutzscheibe-glas\/#breadcrumb","itemListElement":[{"@type":"ListItem","position":1,"name":"Startseite","item":"https:\/\/bigmount.eu\/"},{"@type":"ListItem","position":2,"name":"Shop","item":"https:\/\/bigmount.eu\/shop\/"},{"@type":"ListItem","position":3,"name":"Lager &amp; Logistik","item":"https:\/\/bigmount.eu\/produkt-kategorie\/lager-logistik\/"},{"@type":"ListItem","position":4,"name":"C-Kugel","item":"https:\/\/bigmount.eu\/produkt-kategorie\/lager-logistik\/c-kugel\/"},{"@type":"ListItem","position":5,"name":"BIGmount 3er Saugfu\u00df-Halterung B-Kugel (1,0&#8243;) \u2013 Triple-Saugnapf f\u00fcr maximale Haltekraft an Windschutzscheibe &#038; Glas"}]},{"@type":"WebSite","@id":"https:\/\/bigmount.eu\/#website","url":"https:\/\/bigmount.eu\/","name":"BIGmount","description":"Ein System. Alle Ger\u00e4te. Jede Situation","publisher":{"@id":"https:\/\/bigmount.eu\/#organization"},"potentialAction":[{"@type":"SearchAction","target":{"@type":"EntryPoint","urlTemplate":"https:\/\/bigmount.eu\/?s={search_term_string}"},"query-input":{"@type":"PropertyValueSpecification","valueRequired":true,"valueName":"search_term_string"}}],"inLanguage":"en-US"},{"@type":"Organization","@id":"https:\/\/bigmount.eu\/#organization","name":"ARAT Spezial\u00adhalterungen GmbH","url":"https:\/\/bigmount.eu\/","logo":{"@type":"ImageObject","inLanguage":"en-US","@id":"https:\/\/bigmount.eu\/#\/schema\/logo\/image\/","url":"https:\/\/bigmount.eu\/wp-content\/uploads\/2Logo4_BIGmount_2024-01-scaled.jpg","contentUrl":"https:\/\/bigmount.eu\/wp-content\/uploads\/2Logo4_BIGmount_2024-01-scaled.jpg","width":2560,"height":633,"caption":"ARAT Spezial\u00adhalterungen GmbH"},"image":{"@id":"https:\/\/bigmount.eu\/#\/schema\/logo\/image\/"}}]}},"_links":{"self":[{"href":"https:\/\/bigmount.eu\/en\/wp-json\/wp\/v2\/product\/16360","targetHints":{"allow":["GET"]}}],"collection":[{"href":"https:\/\/bigmount.eu\/en\/wp-json\/wp\/v2\/product"}],"about":[{"href":"https:\/\/bigmount.eu\/en\/wp-json\/wp\/v2\/types\/product"}],"wp:featuredmedia":[{"embeddable":true,"href":"https:\/\/bigmount.eu\/en\/wp-json\/wp\/v2\/media\/16127"}],"wp:attachment":[{"href":"https:\/\/bigmount.eu\/en\/wp-json\/wp\/v2\/media?parent=16360"}],"wp:term":[{"taxonomy":"product_brand","embeddable":true,"href":"https:\/\/bigmount.eu\/en\/wp-json\/wp\/v2\/product_brand?post=16360"},{"taxonomy":"product_cat","embeddable":true,"href":"https:\/\/bigmount.eu\/en\/wp-json\/wp\/v2\/product_cat?post=16360"},{"taxonomy":"product_tag","embeddable":true,"href":"https:\/\/bigmount.eu\/en\/wp-json\/wp\/v2\/product_tag?post=16360"}],"curies":[{"name":"wp","href":"https:\/\/api.w.org\/{rel}","templated":true}]}}