{"id":15488,"date":"2025-11-12T14:33:14","date_gmt":"2025-11-12T13:33:14","guid":{"rendered":"https:\/\/bigmount.eu\/lager-logistik\/"},"modified":"2025-12-19T11:55:55","modified_gmt":"2025-12-19T10:55:55","slug":"lager-logistik","status":"publish","type":"page","link":"https:\/\/bigmount.eu\/en\/lager-logistik\/","title":{"rendered":"Warehouse &amp; Logistics"},"content":{"rendered":"<div data-elementor-type=\"wp-post\" data-elementor-id=\"15488\" class=\"elementor elementor-15488\" data-elementor-post-type=\"page\">\n\t\t\t\t<div class=\"elementor-element elementor-element-de694a0 e-con-full e-flex e-con e-parent\" data-id=\"de694a0\" data-element_type=\"container\" data-e-type=\"container\" data-settings=\"{&quot;background_background&quot;:&quot;classic&quot;}\">\n\t\t<div class=\"elementor-element elementor-element-c4bb4a7 e-flex e-con-boxed e-con e-child\" data-id=\"c4bb4a7\" data-element_type=\"container\" data-e-type=\"container\" data-settings=\"{&quot;background_background&quot;:&quot;classic&quot;}\">\n\t\t\t\t\t<div class=\"e-con-inner\">\n\t\t<div class=\"elementor-element elementor-element-f016cbd e-con-full e-flex e-con e-child\" data-id=\"f016cbd\" data-element_type=\"container\" data-e-type=\"container\">\n\t\t\t\t<div class=\"elementor-element elementor-element-a895ad3 elementor-widget elementor-widget-heading\" data-id=\"a895ad3\" data-element_type=\"widget\" data-e-type=\"widget\" data-widget_type=\"heading.default\">\n\t\t\t\t\t<h2 class=\"elementor-heading-title elementor-size-default\">DESIGNED ENGINEERED MANUFACTURED IN GERMANY<\/h2>\t\t\t\t<\/div>\n\t\t\t\t<div class=\"elementor-element elementor-element-021eaeb elementor-widget elementor-widget-heading\" data-id=\"021eaeb\" data-element_type=\"widget\" data-e-type=\"widget\" data-widget_type=\"heading.default\">\n\t\t\t\t\t<h2 class=\"elementor-heading-title elementor-size-default\">Because logistics knows no compromises<\/h2>\t\t\t\t<\/div>\n\t\t\t\t<div class=\"elementor-element elementor-element-4b8e23c elementor-widget elementor-widget-text-editor\" data-id=\"4b8e23c\" data-element_type=\"widget\" data-e-type=\"widget\" data-widget_type=\"text-editor.default\">\n\t\t\t\t\t\t\t\t\tBIGmount Haltesysteme f\u00fcr den mobilen Einsatz  100% Made in Ostwestfalen, Deutschland. Sichere Befestigungsl\u00f6sungen f\u00fcr Ihre Technik.\t\t\t\t\t\t\t\t<\/div>\n\t\t<a class=\"elementor-element elementor-element-8f2b578 e-con-full secondary-cta e-flex elementor-invisible e-con e-child\" data-id=\"8f2b578\" data-element_type=\"container\" data-e-type=\"container\" data-settings=\"{&quot;background_background&quot;:&quot;classic&quot;,&quot;motion_fx_motion_fx_mouse&quot;:&quot;yes&quot;,&quot;animation&quot;:&quot;fadeIn&quot;,&quot;animation_delay&quot;:550}\" href=\"#\">\n\t\t<div class=\"elementor-element elementor-element-f1b9b86 e-con-full e-flex e-con e-child\" data-id=\"f1b9b86\" data-element_type=\"container\" data-e-type=\"container\" data-settings=\"{&quot;background_background&quot;:&quot;classic&quot;}\">\n\t\t\t\t<div class=\"elementor-element elementor-element-c27fd37 icon-1 elementor-view-default elementor-widget elementor-widget-icon\" data-id=\"c27fd37\" data-element_type=\"widget\" data-e-type=\"widget\" data-widget_type=\"icon.default\">\n\t\t\t\t\t\t\t<div class=\"elementor-icon-wrapper\">\n\t\t\t<div class=\"elementor-icon\">\n\t\t\t<svg aria-hidden=\"true\" class=\"e-font-icon-svg e-fas-arrow-right\" viewbox=\"0 0 448 512\" xmlns=\"http:\/\/www.w3.org\/2000\/svg\"><path d=\"M190.5 66.9l22.2-22.2c9.4-9.4 24.6-9.4 33.9 0L441 239c9.4 9.4 9.4 24.6 0 33.9L246.6 467.3c-9.4 9.4-24.6 9.4-33.9 0l-22.2-22.2c-9.5-9.5-9.3-25 .4-34.3L311.4 296H24c-13.3 0-24-10.7-24-24v-32c0-13.3 10.7-24 24-24h287.4L190.9 101.2c-9.8-9.3-10-24.8-.4-34.3z\"><\/path><\/svg>\t\t\t<\/div>\n\t\t<\/div>\n\t\t\t\t\t\t<\/div>\n\t\t\t\t<\/div>\n\t\t<div class=\"elementor-element elementor-element-8c47553 e-con-full e-flex e-con e-child\" data-id=\"8c47553\" data-element_type=\"container\" data-e-type=\"container\" data-settings=\"{&quot;background_background&quot;:&quot;classic&quot;}\">\n\t\t\t\t<div class=\"elementor-element elementor-element-0d469f7 txt-1 elementor-widget elementor-widget-text-editor\" data-id=\"0d469f7\" data-element_type=\"widget\" data-e-type=\"widget\" data-widget_type=\"text-editor.default\">\n\t\t\t\t\t\t\t\t\t<p>To the products<\/p>\t\t\t\t\t\t\t\t<\/div>\n\t\t\t\t<\/div>\n\t\t\t\t<\/a>\n\t\t<div class=\"elementor-element elementor-element-e62d06c e-con-full elementor-hidden-laptop elementor-hidden-tablet elementor-hidden-mobile e-flex e-con e-child\" data-id=\"e62d06c\" data-element_type=\"container\" data-e-type=\"container\">\n\t\t\t\t<div class=\"elementor-element elementor-element-8246bcd elementor-widget elementor-widget-image\" data-id=\"8246bcd\" data-element_type=\"widget\" data-e-type=\"widget\" data-widget_type=\"image.default\">\n\t\t\t\t\t\t\t\t\t\t\t\t\t\t\t<img fetchpriority=\"high\" decoding=\"async\" width=\"1054\" height=\"890\" src=\"https:\/\/bigmount.eu\/wp-content\/uploads\/BM_Logistics.png\" class=\"attachment-full size-full wp-image-16028\" alt=\"\" \/>\t\t\t\t\t\t\t\t\t\t\t\t\t\t\t<\/div>\n\t\t\t\t<\/div>\n\t\t\t\t<\/div>\n\t\t<div class=\"elementor-element elementor-element-f326412 e-con-full e-flex e-con e-child\" data-id=\"f326412\" data-element_type=\"container\" data-e-type=\"container\">\n\t\t\t\t<\/div>\n\t\t\t\t\t<\/div>\n\t\t\t\t<\/div>\n\t\t\t\t<\/div>\n\t\t<div class=\"elementor-element elementor-element-19223aa0 e-con-full e-flex e-con e-parent\" data-id=\"19223aa0\" data-element_type=\"container\" data-e-type=\"container\" id=\"konfigurator\" data-settings=\"{&quot;background_background&quot;:&quot;classic&quot;}\">\n\t\t\t\t<div class=\"elementor-element elementor-element-508e90e4 elementor-widget elementor-widget-shortcode\" data-id=\"508e90e4\" data-element_type=\"widget\" data-e-type=\"widget\" data-widget_type=\"shortcode.default\">\n\t\t\t\t\t\t\t<div class=\"elementor-shortcode\"><\/div>\n\t\t\t\t\t\t<\/div>\n\t\t\t\t<div class=\"elementor-element elementor-element-301f8fc elementor-widget elementor-widget-shortcode\" data-id=\"301f8fc\" data-element_type=\"widget\" data-e-type=\"widget\" data-widget_type=\"shortcode.default\">\n\t\t\t\t\t\t\t<div class=\"elementor-shortcode\"> \n<div id=\"bigmount-configurator\" class=\"bigmount-configurator-wrapper\" data-lang=\"en\" data-show-admin=\"false\"><\/div><script>\n        document.addEventListener(\"DOMContentLoaded\", function() {\n            if (typeof BIGmountConfigurator !== \"undefined\") {\n                new BIGmountConfigurator(\"bigmount-configurator\");\n            }\n        });\n    <\/script>\n<\/div>\n\t\t\t\t\t\t<\/div>\n\t\t\t\t<div class=\"elementor-element elementor-element-4b46198 elementor-widget elementor-widget-html\" data-id=\"4b46198\" data-element_type=\"widget\" data-e-type=\"widget\" data-widget_type=\"html.default\">\n\t\t\t\t\t<style>\n.bigmount-configurator {\n    max-width: 90%!important;\n}\n.bigmount-product-image {\n    height: 260px!important;\n}\n.bigmount-dropdown {\n    font-size: 1em!important;\n}\n@media (max-width: 1200px) {\n    .bigmount-product-card {\n        min-width: 160px!important;\n        max-width: 200px!important;\n        padding: 14px 10px!important;\n    }\n}\n\n@media (max-width: 768px) {\n    .bigmount-product-card {\n        min-width: 140px!important;\n        max-width: 180px!important;\n        padding: 15px 12px!important;\n    }\n}\n\n@media (max-width: 768px) {\n    .bigmount-product-image {\n        width: 140px!important;\n        height: 120px!important;\n    }\n}\n\n@media (max-width: 768px) {\n    .bigmount-product-image {\n        width: 120px!important;\n        height: 100px!important;\n    }\n}\n@media (max-width: 1200px) {\n    .bigmount-product-image {\n        width: 120px!important;\n        height: 100px!important;\n    }\n}\n\n.bigmount-product-label {\n    font-size: 16px!important;\n}\n\n.bigmount-product-name {\n    font-size: 16px!important;\n}\n\n.bigmount-product-partnumber {\n    font-size: 16px!important;\n}\n\n@media (max-width: 768px) {\n    .bigmount-product-label {\n        font-size: 12px!important;\n    }\n    .bigmount-product-name {\n        font-size: 14px!important;\n    }\n}\n\n@media (max-width: 1200px) {\n    .bigmount-product-label {\n        font-size: 16px!important;\n    }\n    .bigmount-product-name {\n        font-size: 14px!important;\n    }\n}\n\n.bigmount-info-value {\n    font-size: 16px!important;\n}\n\n<\/style>\t\t\t\t<\/div>\n\t\t\t\t<\/div>\n\t\t\t\t<\/div>","protected":false},"excerpt":{"rendered":"<p>DESIGNED ENGINEERED MANUFACTURED IN GERMANY Weil Logistik keine Kompromisse kennt BIGmount Haltesysteme f\u00fcr den mobilen Einsatz 100% Made in Ostwestfalen, Deutschland. Sichere Befestigungsl\u00f6sungen f\u00fcr Ihre Technik. Zu den Produkten<\/p>","protected":false},"author":6,"featured_media":0,"parent":0,"menu_order":0,"comment_status":"closed","ping_status":"closed","template":"","meta":{"footnotes":""},"class_list":["post-15488","page","type-page","status-publish","hentry"],"yoast_head":"<!-- This site is optimized with the Yoast SEO plugin v27.6 - https:\/\/yoast.com\/product\/yoast-seo-wordpress\/ -->\n<title>Lager &amp; Logistik - BIGmount<\/title>\n<meta name=\"robots\" content=\"index, follow, max-snippet:-1, max-image-preview:large, max-video-preview:-1\" \/>\n<link rel=\"canonical\" href=\"https:\/\/bigmount.eu\/en\/lager-logistik\/\" \/>\n<meta property=\"og:locale\" content=\"en_US\" \/>\n<meta property=\"og:type\" content=\"article\" \/>\n<meta property=\"og:title\" content=\"Lager &amp; Logistik - BIGmount\" \/>\n<meta property=\"og:description\" content=\"DESIGNED ENGINEERED MANUFACTURED IN GERMANY Weil Logistik keine Kompromisse kennt BIGmount Haltesysteme f\u00fcr den mobilen Einsatz 100% Made in Ostwestfalen, Deutschland. Sichere Befestigungsl\u00f6sungen f\u00fcr Ihre Technik. Zu den Produkten\" \/>\n<meta property=\"og:url\" content=\"https:\/\/bigmount.eu\/en\/lager-logistik\/\" \/>\n<meta property=\"og:site_name\" content=\"BIGmount\" \/>\n<meta property=\"article:modified_time\" content=\"2025-12-19T10:55:55+00:00\" \/>\n<meta property=\"og:image\" content=\"https:\/\/bigmount.eu\/wp-content\/uploads\/BM_Logistics.png\" \/>\n\t<meta property=\"og:image:width\" content=\"1054\" \/>\n\t<meta property=\"og:image:height\" content=\"890\" \/>\n\t<meta property=\"og:image:type\" content=\"image\/png\" \/>\n<meta name=\"twitter:card\" content=\"summary_large_image\" \/>\n<script type=\"application\/ld+json\" class=\"yoast-schema-graph\">{\"@context\":\"https:\\\/\\\/schema.org\",\"@graph\":[{\"@type\":\"WebPage\",\"@id\":\"https:\\\/\\\/bigmount.eu\\\/lager-logistik\\\/\",\"url\":\"https:\\\/\\\/bigmount.eu\\\/lager-logistik\\\/\",\"name\":\"Lager &amp; Logistik - BIGmount\",\"isPartOf\":{\"@id\":\"https:\\\/\\\/bigmount.eu\\\/#website\"},\"primaryImageOfPage\":{\"@id\":\"https:\\\/\\\/bigmount.eu\\\/lager-logistik\\\/#primaryimage\"},\"image\":{\"@id\":\"https:\\\/\\\/bigmount.eu\\\/lager-logistik\\\/#primaryimage\"},\"thumbnailUrl\":\"https:\\\/\\\/bigmount.eu\\\/wp-content\\\/uploads\\\/BM_Logistics.png\",\"datePublished\":\"2025-11-12T13:33:14+00:00\",\"dateModified\":\"2025-12-19T10:55:55+00:00\",\"breadcrumb\":{\"@id\":\"https:\\\/\\\/bigmount.eu\\\/lager-logistik\\\/#breadcrumb\"},\"inLanguage\":\"en-US\",\"potentialAction\":[{\"@type\":\"ReadAction\",\"target\":[\"https:\\\/\\\/bigmount.eu\\\/lager-logistik\\\/\"]}]},{\"@type\":\"ImageObject\",\"inLanguage\":\"en-US\",\"@id\":\"https:\\\/\\\/bigmount.eu\\\/lager-logistik\\\/#primaryimage\",\"url\":\"https:\\\/\\\/bigmount.eu\\\/wp-content\\\/uploads\\\/BM_Logistics.png\",\"contentUrl\":\"https:\\\/\\\/bigmount.eu\\\/wp-content\\\/uploads\\\/BM_Logistics.png\"},{\"@type\":\"BreadcrumbList\",\"@id\":\"https:\\\/\\\/bigmount.eu\\\/lager-logistik\\\/#breadcrumb\",\"itemListElement\":[{\"@type\":\"ListItem\",\"position\":1,\"name\":\"Startseite\",\"item\":\"https:\\\/\\\/bigmount.eu\\\/\"},{\"@type\":\"ListItem\",\"position\":2,\"name\":\"Lager &amp; Logistik\"}]},{\"@type\":\"WebSite\",\"@id\":\"https:\\\/\\\/bigmount.eu\\\/#website\",\"url\":\"https:\\\/\\\/bigmount.eu\\\/\",\"name\":\"BIGmount\",\"description\":\"Ein System. Alle Ger\u00e4te. Jede Situation\",\"publisher\":{\"@id\":\"https:\\\/\\\/bigmount.eu\\\/#organization\"},\"potentialAction\":[{\"@type\":\"SearchAction\",\"target\":{\"@type\":\"EntryPoint\",\"urlTemplate\":\"https:\\\/\\\/bigmount.eu\\\/?s={search_term_string}\"},\"query-input\":{\"@type\":\"PropertyValueSpecification\",\"valueRequired\":true,\"valueName\":\"search_term_string\"}}],\"inLanguage\":\"en-US\"},{\"@type\":\"Organization\",\"@id\":\"https:\\\/\\\/bigmount.eu\\\/#organization\",\"name\":\"ARAT Spezial\u00adhalterungen GmbH\",\"url\":\"https:\\\/\\\/bigmount.eu\\\/\",\"logo\":{\"@type\":\"ImageObject\",\"inLanguage\":\"en-US\",\"@id\":\"https:\\\/\\\/bigmount.eu\\\/#\\\/schema\\\/logo\\\/image\\\/\",\"url\":\"https:\\\/\\\/bigmount.eu\\\/wp-content\\\/uploads\\\/2Logo4_BIGmount_2024-01-scaled.jpg\",\"contentUrl\":\"https:\\\/\\\/bigmount.eu\\\/wp-content\\\/uploads\\\/2Logo4_BIGmount_2024-01-scaled.jpg\",\"width\":2560,\"height\":633,\"caption\":\"ARAT Spezial\u00adhalterungen GmbH\"},\"image\":{\"@id\":\"https:\\\/\\\/bigmount.eu\\\/#\\\/schema\\\/logo\\\/image\\\/\"}}]}<\/script>\n<!-- \/ Yoast SEO plugin. -->","yoast_head_json":{"title":"Lager &amp; Logistik - BIGmount","robots":{"index":"index","follow":"follow","max-snippet":"max-snippet:-1","max-image-preview":"max-image-preview:large","max-video-preview":"max-video-preview:-1"},"canonical":"https:\/\/bigmount.eu\/en\/lager-logistik\/","og_locale":"en_US","og_type":"article","og_title":"Lager &amp; Logistik - BIGmount","og_description":"DESIGNED ENGINEERED MANUFACTURED IN GERMANY Weil Logistik keine Kompromisse kennt BIGmount Haltesysteme f\u00fcr den mobilen Einsatz 100% Made in Ostwestfalen, Deutschland. Sichere Befestigungsl\u00f6sungen f\u00fcr Ihre Technik. Zu den Produkten","og_url":"https:\/\/bigmount.eu\/en\/lager-logistik\/","og_site_name":"BIGmount","article_modified_time":"2025-12-19T10:55:55+00:00","og_image":[{"width":1054,"height":890,"url":"https:\/\/bigmount.eu\/wp-content\/uploads\/BM_Logistics.png","type":"image\/png"}],"twitter_card":"summary_large_image","schema":{"@context":"https:\/\/schema.org","@graph":[{"@type":"WebPage","@id":"https:\/\/bigmount.eu\/lager-logistik\/","url":"https:\/\/bigmount.eu\/lager-logistik\/","name":"Lager &amp; Logistik - BIGmount","isPartOf":{"@id":"https:\/\/bigmount.eu\/#website"},"primaryImageOfPage":{"@id":"https:\/\/bigmount.eu\/lager-logistik\/#primaryimage"},"image":{"@id":"https:\/\/bigmount.eu\/lager-logistik\/#primaryimage"},"thumbnailUrl":"https:\/\/bigmount.eu\/wp-content\/uploads\/BM_Logistics.png","datePublished":"2025-11-12T13:33:14+00:00","dateModified":"2025-12-19T10:55:55+00:00","breadcrumb":{"@id":"https:\/\/bigmount.eu\/lager-logistik\/#breadcrumb"},"inLanguage":"en-US","potentialAction":[{"@type":"ReadAction","target":["https:\/\/bigmount.eu\/lager-logistik\/"]}]},{"@type":"ImageObject","inLanguage":"en-US","@id":"https:\/\/bigmount.eu\/lager-logistik\/#primaryimage","url":"https:\/\/bigmount.eu\/wp-content\/uploads\/BM_Logistics.png","contentUrl":"https:\/\/bigmount.eu\/wp-content\/uploads\/BM_Logistics.png"},{"@type":"BreadcrumbList","@id":"https:\/\/bigmount.eu\/lager-logistik\/#breadcrumb","itemListElement":[{"@type":"ListItem","position":1,"name":"Startseite","item":"https:\/\/bigmount.eu\/"},{"@type":"ListItem","position":2,"name":"Lager &amp; Logistik"}]},{"@type":"WebSite","@id":"https:\/\/bigmount.eu\/#website","url":"https:\/\/bigmount.eu\/","name":"BIGmount","description":"Ein System. Alle Ger\u00e4te. Jede Situation","publisher":{"@id":"https:\/\/bigmount.eu\/#organization"},"potentialAction":[{"@type":"SearchAction","target":{"@type":"EntryPoint","urlTemplate":"https:\/\/bigmount.eu\/?s={search_term_string}"},"query-input":{"@type":"PropertyValueSpecification","valueRequired":true,"valueName":"search_term_string"}}],"inLanguage":"en-US"},{"@type":"Organization","@id":"https:\/\/bigmount.eu\/#organization","name":"ARAT Spezial\u00adhalterungen GmbH","url":"https:\/\/bigmount.eu\/","logo":{"@type":"ImageObject","inLanguage":"en-US","@id":"https:\/\/bigmount.eu\/#\/schema\/logo\/image\/","url":"https:\/\/bigmount.eu\/wp-content\/uploads\/2Logo4_BIGmount_2024-01-scaled.jpg","contentUrl":"https:\/\/bigmount.eu\/wp-content\/uploads\/2Logo4_BIGmount_2024-01-scaled.jpg","width":2560,"height":633,"caption":"ARAT Spezial\u00adhalterungen GmbH"},"image":{"@id":"https:\/\/bigmount.eu\/#\/schema\/logo\/image\/"}}]}},"_links":{"self":[{"href":"https:\/\/bigmount.eu\/en\/wp-json\/wp\/v2\/pages\/15488","targetHints":{"allow":["GET"]}}],"collection":[{"href":"https:\/\/bigmount.eu\/en\/wp-json\/wp\/v2\/pages"}],"about":[{"href":"https:\/\/bigmount.eu\/en\/wp-json\/wp\/v2\/types\/page"}],"author":[{"embeddable":true,"href":"https:\/\/bigmount.eu\/en\/wp-json\/wp\/v2\/users\/6"}],"replies":[{"embeddable":true,"href":"https:\/\/bigmount.eu\/en\/wp-json\/wp\/v2\/comments?post=15488"}],"version-history":[{"count":121,"href":"https:\/\/bigmount.eu\/en\/wp-json\/wp\/v2\/pages\/15488\/revisions"}],"predecessor-version":[{"id":16112,"href":"https:\/\/bigmount.eu\/en\/wp-json\/wp\/v2\/pages\/15488\/revisions\/16112"}],"wp:attachment":[{"href":"https:\/\/bigmount.eu\/en\/wp-json\/wp\/v2\/media?parent=15488"}],"curies":[{"name":"wp","href":"https:\/\/api.w.org\/{rel}","templated":true}]}}